{"id":166,"date":"2023-12-01T12:26:45","date_gmt":"2023-12-01T12:26:45","guid":{"rendered":"https:\/\/hireahackerservice.com\/?page_id=166"},"modified":"2025-11-16T11:28:30","modified_gmt":"2025-11-16T11:28:30","slug":"hacker-att-hyra","status":"publish","type":"page","link":"https:\/\/hire-a-hacker.io\/sv\/hacker-att-hyra\/","title":{"rendered":"Kontakta oss"},"content":{"rendered":"<div data-elementor-type=\"wp-page\" data-elementor-id=\"166\" class=\"elementor elementor-166\">\n\t\t\t\t\t\t<section class=\"elementor-section elementor-top-section elementor-element elementor-element-6cb2e87 elementor-section-full_width elementor-section-height-default elementor-section-height-default wpr-particle-no wpr-jarallax-no wpr-parallax-no wpr-sticky-section-no\" data-id=\"6cb2e87\" data-element_type=\"section\" data-settings=\"{&quot;background_background&quot;:&quot;classic&quot;}\">\n\t\t\t\t\t\t\t<div class=\"elementor-background-overlay\"><\/div>\n\t\t\t\t\t\t\t<div class=\"elementor-container elementor-column-gap-default\">\n\t\t\t\t\t<div class=\"elementor-column elementor-col-100 elementor-top-column elementor-element elementor-element-7f2a51b\" data-id=\"7f2a51b\" data-element_type=\"column\">\n\t\t\t<div class=\"elementor-widget-wrap elementor-element-populated\">\n\t\t\t\t\t\t<div class=\"elementor-element elementor-element-07d24ca elementor-widget elementor-widget-heading\" data-id=\"07d24ca\" data-element_type=\"widget\" data-widget_type=\"heading.default\">\n\t\t\t\t<div class=\"elementor-widget-container\">\n\t\t\t\t\t<h2 class=\"elementor-heading-title elementor-size-default\">Kontakt<\/h2>\t\t\t\t<\/div>\n\t\t\t\t<\/div>\n\t\t\t\t<section class=\"elementor-section elementor-inner-section elementor-element elementor-element-78fa7cd elementor-section-content-middle elementor-section-boxed elementor-section-height-default elementor-section-height-default wpr-particle-no wpr-jarallax-no wpr-parallax-no wpr-sticky-section-no\" data-id=\"78fa7cd\" data-element_type=\"section\">\n\t\t\t\t\t\t<div class=\"elementor-container elementor-column-gap-default\">\n\t\t\t\t\t<div class=\"elementor-column elementor-col-25 elementor-inner-column elementor-element elementor-element-2c022e5\" data-id=\"2c022e5\" data-element_type=\"column\">\n\t\t\t<div class=\"elementor-widget-wrap\">\n\t\t\t\t\t\t\t<\/div>\n\t\t<\/div>\n\t\t\t\t<div class=\"elementor-column elementor-col-25 elementor-inner-column elementor-element elementor-element-8c9ee9a\" data-id=\"8c9ee9a\" data-element_type=\"column\">\n\t\t\t<div class=\"elementor-widget-wrap elementor-element-populated\">\n\t\t\t\t\t\t<div class=\"elementor-element elementor-element-94487d4 elementor-align-justify elementor-widget elementor-widget-button\" data-id=\"94487d4\" data-element_type=\"widget\" data-widget_type=\"button.default\">\n\t\t\t\t<div class=\"elementor-widget-container\">\n\t\t\t\t\t\t\t\t\t<div class=\"elementor-button-wrapper\">\n\t\t\t\t\t<a class=\"elementor-button elementor-button-link elementor-size-sm\" href=\"https:\/\/hire-a-hacker.io\/sv\/\">\n\t\t\t\t\t\t<span class=\"elementor-button-content-wrapper\">\n\t\t\t\t\t\t\t\t\t<span class=\"elementor-button-text\">Hem<\/span>\n\t\t\t\t\t<\/span>\n\t\t\t\t\t<\/a>\n\t\t\t\t<\/div>\n\t\t\t\t\t\t\t\t<\/div>\n\t\t\t\t<\/div>\n\t\t\t\t\t<\/div>\n\t\t<\/div>\n\t\t\t\t<div class=\"elementor-column elementor-col-25 elementor-inner-column elementor-element elementor-element-95c0186\" data-id=\"95c0186\" data-element_type=\"column\">\n\t\t\t<div class=\"elementor-widget-wrap elementor-element-populated\">\n\t\t\t\t\t\t<div class=\"elementor-element elementor-element-8e0b861 elementor-align-justify elementor-widget elementor-widget-button\" data-id=\"8e0b861\" data-element_type=\"widget\" data-widget_type=\"button.default\">\n\t\t\t\t<div class=\"elementor-widget-container\">\n\t\t\t\t\t\t\t\t\t<div class=\"elementor-button-wrapper\">\n\t\t\t\t\t<a class=\"elementor-button elementor-button-link elementor-size-sm\" href=\"https:\/\/hire-a-hacker.io\/sv\/hacker-att-hyra\/\">\n\t\t\t\t\t\t<span class=\"elementor-button-content-wrapper\">\n\t\t\t\t\t\t\t\t\t<span class=\"elementor-button-text\">Kontakt<\/span>\n\t\t\t\t\t<\/span>\n\t\t\t\t\t<\/a>\n\t\t\t\t<\/div>\n\t\t\t\t\t\t\t\t<\/div>\n\t\t\t\t<\/div>\n\t\t\t\t\t<\/div>\n\t\t<\/div>\n\t\t\t\t<div class=\"elementor-column elementor-col-25 elementor-inner-column elementor-element elementor-element-a8bfd36\" data-id=\"a8bfd36\" data-element_type=\"column\">\n\t\t\t<div class=\"elementor-widget-wrap\">\n\t\t\t\t\t\t\t<\/div>\n\t\t<\/div>\n\t\t\t\t\t<\/div>\n\t\t<\/section>\n\t\t\t\t\t<\/div>\n\t\t<\/div>\n\t\t\t\t\t<\/div>\n\t\t<\/section>\n\t\t<div class=\"elementor-element elementor-element-09e073e e-flex e-con-boxed wpr-particle-no wpr-jarallax-no wpr-parallax-no wpr-sticky-section-no e-con e-parent\" data-id=\"09e073e\" data-element_type=\"container\">\n\t\t\t\t\t<div class=\"e-con-inner\">\n\t\t<div class=\"elementor-element elementor-element-47c8d98 e-con-full e-flex wpr-particle-no wpr-jarallax-no wpr-parallax-no wpr-sticky-section-no e-con e-child\" data-id=\"47c8d98\" data-element_type=\"container\">\n\t\t\t\t<\/div>\n\t\t<div class=\"elementor-element elementor-element-fde2f79 e-con-full e-flex wpr-particle-no wpr-jarallax-no wpr-parallax-no wpr-sticky-section-no e-con e-child\" data-id=\"fde2f79\" data-element_type=\"container\" data-settings=\"{&quot;background_background&quot;:&quot;classic&quot;}\">\n\t\t\t\t<div class=\"elementor-element elementor-element-809d3bd elementor-view-default elementor-widget elementor-widget-icon\" data-id=\"809d3bd\" data-element_type=\"widget\" data-widget_type=\"icon.default\">\n\t\t\t\t<div class=\"elementor-widget-container\">\n\t\t\t\t\t\t\t<div class=\"elementor-icon-wrapper\">\n\t\t\t<div class=\"elementor-icon\">\n\t\t\t<svg aria-hidden=\"true\" class=\"e-font-icon-svg e-far-address-card\" viewbox=\"0 0 576 512\" xmlns=\"http:\/\/www.w3.org\/2000\/svg\"><path d=\"M528 32H48C21.5 32 0 53.5 0 80v352c0 26.5 21.5 48 48 48h480c26.5 0 48-21.5 48-48V80c0-26.5-21.5-48-48-48zm0 400H48V80h480v352zM208 256c35.3 0 64-28.7 64-64s-28.7-64-64-64-64 28.7-64 64 28.7 64 64 64zm-89.6 128h179.2c12.4 0 22.4-8.6 22.4-19.2v-19.2c0-31.8-30.1-57.6-67.2-57.6-10.8 0-18.7 8-44.8 8-26.9 0-33.4-8-44.8-8-37.1 0-67.2 25.8-67.2 57.6v19.2c0 10.6 10 19.2 22.4 19.2zM360 320h112c4.4 0 8-3.6 8-8v-16c0-4.4-3.6-8-8-8H360c-4.4 0-8 3.6-8 8v16c0 4.4 3.6 8 8 8zm0-64h112c4.4 0 8-3.6 8-8v-16c0-4.4-3.6-8-8-8H360c-4.4 0-8 3.6-8 8v16c0 4.4 3.6 8 8 8zm0-64h112c4.4 0 8-3.6 8-8v-16c0-4.4-3.6-8-8-8H360c-4.4 0-8 3.6-8 8v16c0 4.4 3.6 8 8 8z\"><\/path><\/svg>\t\t\t<\/div>\n\t\t<\/div>\n\t\t\t\t\t\t<\/div>\n\t\t\t\t<\/div>\n\t\t\t\t<div class=\"elementor-element elementor-element-11ef786 elementor-align-center elementor-icon-list--layout-traditional elementor-list-item-link-full_width elementor-widget elementor-widget-icon-list\" data-id=\"11ef786\" data-element_type=\"widget\" data-widget_type=\"icon-list.default\">\n\t\t\t\t<div class=\"elementor-widget-container\">\n\t\t\t\t\t\t\t<ul class=\"elementor-icon-list-items\">\n\t\t\t\t\t\t\t<li class=\"elementor-icon-list-item\">\n\t\t\t\t\t\t\t\t\t\t\t<span class=\"elementor-icon-list-icon\">\n\t\t\t\t\t\t\t<i aria-hidden=\"true\" class=\"icon icon-email\"><\/i>\t\t\t\t\t\t<\/span>\n\t\t\t\t\t\t\t\t\t\t<span class=\"elementor-icon-list-text\">Email:H9fmt72@proton.me<\/span>\n\t\t\t\t\t\t\t\t\t<\/li>\n\t\t\t\t\t\t<\/ul>\n\t\t\t\t\t\t<\/div>\n\t\t\t\t<\/div>\n\t\t\t\t<\/div>\n\t\t<div class=\"elementor-element elementor-element-6bcb23a e-con-full e-flex wpr-particle-no wpr-jarallax-no wpr-parallax-no wpr-sticky-section-no e-con e-child\" data-id=\"6bcb23a\" data-element_type=\"container\">\n\t\t\t\t<\/div>\n\t\t\t\t\t<\/div>\n\t\t\t\t<\/div>\n\t\t<div class=\"elementor-element elementor-element-9a1ba74 e-flex e-con-boxed wpr-particle-no wpr-jarallax-no wpr-parallax-no wpr-sticky-section-no e-con e-parent\" data-id=\"9a1ba74\" data-element_type=\"container\">\n\t\t\t\t\t<div class=\"e-con-inner\">\n\t\t\t\t<div class=\"elementor-element elementor-element-14fa030 elementor-widget elementor-widget-text-editor\" data-id=\"14fa030\" data-element_type=\"widget\" data-widget_type=\"text-editor.default\">\n\t\t\t\t<div class=\"elementor-widget-container\">\n\t\t\t\t\t\t\t\t\t<h2>Hacker f\u00f6r uthyrning<\/h2><p>Hacker f\u00f6r uthyrningstj\u00e4nst tillg\u00e4nglig 24\/7. Vi tillhandah\u00e5ller ett brett utbud av Hacker-tj\u00e4nster och privata utredningsl\u00f6sningstj\u00e4nster<\/p><p>Vi tillhandah\u00e5ller professionella hackningstj\u00e4nster | digitala utredningar och privata utredningsl\u00f6sningstj\u00e4nster som \u00e4r skr\u00e4ddarsydda f\u00f6r att passa ditt behov och din servicef\u00f6rfr\u00e5gan. Vi tillhandah\u00e5ller p\u00e5litliga l\u00f6sningar med solid konkret resultat. Mycket s\u00e4krade diskreta och konfidentiella tj\u00e4nster.<\/p><h4 class=\"has-medium-font-size\"><strong>Anlita en hacker-tj\u00e4nst online f\u00f6r digitala utredningstj\u00e4nster<\/strong><\/h4><p class=\"has-medium-font-size\">\u2606 Computer Forensics<br \/>\u2606 Mobile Forensics<br \/>\u2606 \u00c5terst\u00e4llning av ransomware<br \/>\u2606 IP-st\u00f6ld<br \/>\u2606 F\u00f6nster<\/p><p class=\"has-medium-font-size\"><strong>Anst\u00e4llning<\/strong>\u00a0<strong>a Hacker-tj\u00e4nster online f\u00f6r digitala utredningstj\u00e4nster<\/strong><\/p><p class=\"has-medium-font-size\">\u2606 Dataintr\u00e5ng<br \/>\u2606 Hitta saknad person<br \/>\u2606 Detektering av spionprogram<br \/>\u2606 Bedr\u00e4geri genom tr\u00e5d<br \/>\u2606 Cybers\u00e4kerhet<\/p><p class=\"has-medium-font-size\"><strong>Anlita en hacker-tj\u00e4nst online f\u00f6r digitala utredningstj\u00e4nster<\/strong><\/p><p class=\"has-medium-font-size\">\u2606 Identitetsst\u00f6ld p\u00e5 n\u00e4tet<br \/>\u2606 Penetrationstestningstj\u00e4nster<br \/>\u2606 Ransomware-attack<br \/>\u2606 \u00d6vervakning av sociala medier<br \/>\u2606 Skilsm\u00e4ssa<\/p><p class=\"has-medium-font-size\"><strong>Anlita en hacker-tj\u00e4nst online f\u00f6r digitala utredningstj\u00e4nster<\/strong><\/p><p class=\"has-medium-font-size\">\u2606 V\u00e5rdnad om barn<br \/>\u2606 Utredningar av otrohet<br \/>\u2606 L\u00f6sningar f\u00f6r stalkning<br \/>\u2606 Sp\u00e5rning och \u00f6vervakning av platser<br \/>\u2606 Utpressningsl\u00f6sningar och fler tj\u00e4nster<\/p><h4 class=\"has-medium-font-size\"><strong>Hyr en hacker-tj\u00e4nster online f\u00f6r mobiltelefon<\/strong><\/h4><p class=\"has-medium-font-size\">\u2606 Android Mobil<br \/>\u2606 iPhone<br \/>\u2606 Surfplatta<br \/>\u2606 Blackberry<br \/>\u2606 F\u00f6nster<\/p><h4 class=\"has-medium-font-size\"><strong>Anlita en hacker-tj\u00e4nst online f\u00f6r webbplatser<\/strong><\/h4><p class=\"has-medium-font-size\">\u2606 Html-webbplats<br \/>\u2606 PHP-webbplats<br \/>\u2606 .NET-webbplats<br \/>\u2606 Java-webbplats<br \/>\u2606 WordPress Webbplats<br \/>\u2606 Drupal Webbplats<br \/>\u2606 Joomla Webbplats<br \/>\u2606 Python webbplats<br \/>\u2606 Laravel Webbplats<br \/>\u2606 Woo commerce Webbplats<br \/>\u2606 Bloggare Webbplats<\/p><h4 class=\"has-medium-font-size\"><strong>Anlita en hacker-tj\u00e4nst online f\u00f6r sociala medier<\/strong><\/h4><p class=\"has-medium-font-size\">\u2606 Facebook<br \/>\u2606 Twitter<br \/>\u2606 Instagram<br \/>\u2606 TikTok<br \/>\u2606 Pinterest<br \/>\u2606 VK<br \/>\u2606 QQ<br \/>\u2606 WeChat<br \/>\u2606 Snapchat<br \/>\u2606 YouTube<br \/>\u2606 Reddit<br \/>\u2606 WhatsApp<br \/>\u2606 Telegram<br \/>\u2606 Google Hangout<br \/>\u2606 Zoom<br \/>\u2606 Discord<br \/>\u2606 Skype<\/p><h4 class=\"has-medium-font-size\"><strong>Anst\u00e4llning<\/strong>\u00a0<strong>a Hacker-tj\u00e4nster online f\u00f6r andra tj\u00e4nster<\/strong><\/h4><p class=\"has-medium-font-size\">\u2606 H\u00e4mta hackat ML-konto<br \/>\u2606 H\u00e4mta hackat Yahoo-konto<br \/>\u2606 H\u00e4mta hackat Hotmail-konto<br \/>\u2606 H\u00e4mta hackat Gmail-konto<br \/>\u2606 H\u00e4mta hackat e-postkonto<br \/>\u2606 Kreditpo\u00e4ng Fix<br \/>\u2606 Mobil \u00f6vervakning<br \/>\u2606 Utredning av make\/maka som fuskar\/\u00e4r otrogen<br \/>\u2606 Reputation Management<br \/>\u2606 M\u00f6rka webben<br \/>\u2606 Windows station\u00e4r dator\/b\u00e4rbar dator<br \/>\u2606 Mac station\u00e4r dator\/b\u00e4rbar dator<br \/>\u2606 Tj\u00e4nster f\u00f6r platsbest\u00e4mning<br \/>\u2606 Hackning av programvara<br \/>\u2606 Hackning av mobilapp<br \/>\u2606 iPhone-appar<br \/>\u2606 Windows-appar<br \/>\u2606 Fj\u00e4rr\u00e5tkomst till system<br \/>\u2606 Penetrationstestning<br \/>\u2606 Mugshot Removal Service<br \/>\u2606 H\u00e4mnd porr \/ nakna bilder \/ nakna videor borttagning<br \/>\u2606 Borttagning av k\u00f6rkortsposter<br \/>\u2606 Keylogger<br \/>\u2606 Samtalsloggar<br \/>\u2606 Text SMS<br \/>\u2606 Onlinetest<br \/>\u2606 \u00c5terf\u00f6ring av transaktioner med kryptovaluta<br \/>\u2606 \u00c4ndring av betyg<br \/>\u2606 Utvinning av kryptovaluta<br \/>\u2606 \u00c5tervinning av Bitcoin-bedr\u00e4gerier<br \/>\u2606 \u00c5tervinning av bedr\u00e4gerier med kryptovaluta (Ethereum, Tether, Binance Coin, Cardano, Dogecoin)<br \/>\u2606 Tj\u00e4nst f\u00f6r bakgrundskontroll<br \/>\u2606 Roblox Hack<br \/>\u2606 Bitcoin-gruvdrift<br \/>\u2606 Blockchain Hacking<br \/>\u2606 Anti Hack-tj\u00e4nster<br \/>\u2606 R\u00e4ddning fr\u00e5n cybermobbning<br \/>\u2606 Bankbedr\u00e4geri Bedr\u00e4geri \u00c5tervinning<br \/>\u2606 \u00c5tervinning av bedr\u00e4gerier med hypoteksl\u00e5n<br \/>\u2606 iCloud Hack<br \/>\u2606 Google Cloud Hack<br \/>\u2606 Google Foton<br \/>\u2606 Utesluta straffregister<br \/>\u2606 Anlita en hacker f\u00f6r DDOS-attack<br \/>\u2606 Bin\u00e4r alternativ\u00e5terst\u00e4llning<br \/>\u2606 Man i mitten-attack (MITM)<br \/>\u2606 WIFI L\u00f6senord Hacking<br \/>\u2606 H\u00e4mta f\u00f6rlorat l\u00f6senord<br \/>\u2606 Abonnenter p\u00e5 YouTube<br \/>\u2606 Telefonspionagetj\u00e4nster<br \/>\u2606 Databashackning och mer<\/p>\t\t\t\t\t\t\t\t<\/div>\n\t\t\t\t<\/div>\n\t\t\t\t\t<\/div>\n\t\t\t\t<\/div>\n\t\t<div class=\"elementor-element elementor-element-333bb79 e-grid e-con-boxed wpr-particle-no wpr-jarallax-no wpr-parallax-no wpr-sticky-section-no e-con e-parent\" data-id=\"333bb79\" data-element_type=\"container\">\n\t\t\t\t\t<div class=\"e-con-inner\">\n\t\t\t\t<div class=\"elementor-element elementor-element-0d19dca elementor-widget elementor-widget-image\" data-id=\"0d19dca\" data-element_type=\"widget\" data-widget_type=\"image.default\">\n\t\t\t\t<div class=\"elementor-widget-container\">\n\t\t\t\t\t\t\t\t\t\t\t\t\t\t\t<img fetchpriority=\"high\" decoding=\"async\" width=\"500\" height=\"500\" src=\"https:\/\/hire-a-hacker.io\/wp-content\/uploads\/2025\/09\/100-percent-guarantee.png\" class=\"attachment-large size-large wp-image-1106\" alt=\"Hacker f\u00f6r uthyrning\" srcset=\"https:\/\/hire-a-hacker.io\/wp-content\/uploads\/2025\/09\/100-percent-guarantee.png 500w, https:\/\/hire-a-hacker.io\/wp-content\/uploads\/2025\/09\/100-percent-guarantee-300x300.png 300w, https:\/\/hire-a-hacker.io\/wp-content\/uploads\/2025\/09\/100-percent-guarantee-150x150.png 150w\" sizes=\"(max-width: 500px) 100vw, 500px\" \/>\t\t\t\t\t\t\t\t\t\t\t\t\t\t\t<\/div>\n\t\t\t\t<\/div>\n\t\t\t\t<div class=\"elementor-element elementor-element-5a8b575 elementor-widget elementor-widget-image\" data-id=\"5a8b575\" data-element_type=\"widget\" data-widget_type=\"image.default\">\n\t\t\t\t<div class=\"elementor-widget-container\">\n\t\t\t\t\t\t\t\t\t\t\t\t\t\t\t<img decoding=\"async\" width=\"578\" height=\"431\" src=\"https:\/\/hire-a-hacker.io\/wp-content\/uploads\/2025\/09\/g.png\" class=\"attachment-large size-large wp-image-1107\" alt=\"Privata utredningstj\u00e4nster online\" srcset=\"https:\/\/hire-a-hacker.io\/wp-content\/uploads\/2025\/09\/g.png 578w, https:\/\/hire-a-hacker.io\/wp-content\/uploads\/2025\/09\/g-300x224.png 300w\" sizes=\"(max-width: 578px) 100vw, 578px\" \/>\t\t\t\t\t\t\t\t\t\t\t\t\t\t\t<\/div>\n\t\t\t\t<\/div>\n\t\t\t\t<div class=\"elementor-element elementor-element-932b9ed elementor-widget elementor-widget-image\" data-id=\"932b9ed\" data-element_type=\"widget\" data-widget_type=\"image.default\">\n\t\t\t\t<div class=\"elementor-widget-container\">\n\t\t\t\t\t\t\t\t\t\t\t\t\t\t\t<img decoding=\"async\" width=\"512\" height=\"487\" src=\"https:\/\/hire-a-hacker.io\/wp-content\/uploads\/2025\/09\/verfied-removebg-preview.png\" class=\"attachment-large size-large wp-image-1109\" alt=\"Anlita en hacker-tj\u00e4nst online f\u00f6r sociala medier\" srcset=\"https:\/\/hire-a-hacker.io\/wp-content\/uploads\/2025\/09\/verfied-removebg-preview.png 512w, https:\/\/hire-a-hacker.io\/wp-content\/uploads\/2025\/09\/verfied-removebg-preview-300x285.png 300w\" sizes=\"(max-width: 512px) 100vw, 512px\" \/>\t\t\t\t\t\t\t\t\t\t\t\t\t\t\t<\/div>\n\t\t\t\t<\/div>\n\t\t\t\t\t<\/div>\n\t\t\t\t<\/div>\n\t\t<div class=\"elementor-element elementor-element-8e0deac e-flex e-con-boxed wpr-particle-no wpr-jarallax-no wpr-parallax-no wpr-sticky-section-no e-con e-parent\" data-id=\"8e0deac\" data-element_type=\"container\">\n\t\t\t\t\t<div class=\"e-con-inner\">\n\t\t\t\t<div class=\"elementor-element elementor-element-4619b47 elementor-widget elementor-widget-text-editor\" data-id=\"4619b47\" data-element_type=\"widget\" data-widget_type=\"text-editor.default\">\n\t\t\t\t<div class=\"elementor-widget-container\">\n\t\t\t\t\t\t\t\t\t<div class=\"wp-block-uagb-advanced-heading uagb-block-3d32555e\"><h3 class=\"uagb-heading-text\">I<strong>\u00c4r det s\u00e4kert att anst\u00e4lla en hacker-tj\u00e4nster | privata utredningstj\u00e4nster online?<\/strong><\/h3><p>V\u00e5ra kunders vittnesm\u00e5l s\u00e4ger allt om tillfredsst\u00e4llande arbete. Letar du efter n\u00e5gra hackingstj\u00e4nster | Privata utredningstj\u00e4nster online i n\u00e4rheten?<br \/>Ge oss bara en enda chans att bevisa v\u00e5r hackares eller privata utredares f\u00f6rm\u00e5ga vad de kan g\u00f6ra. Du kommer att f\u00e5 det fulla v\u00e4rdet av dina pengar med resultat.<br \/>Och om du \u00e4r orolig f\u00f6r integritet eller s\u00e4kerhet, oroa dig inte f\u00f6r att dina data och din identitet \u00e4r 100% s\u00e4ker. Hyr en hacker online.<br \/>90% av m\u00e4nniskor som s\u00f6ker <a href=\"https:\/\/hire-a-hacker.io\/sv\/\">Hackningstj\u00e4nster<\/a> eller privata utredningstj\u00e4nster, n\u00e4r de chattar med oss. Deras fr\u00e4msta oro \u00e4r, \"\u00e4r det s\u00e4kert att anst\u00e4lla en hacker eller privatdetektiv online\". Hacker f\u00f6r uthyrning online.<br \/>Alla m\u00e5ste oroa sig f\u00f6r integritet, och vi menar det. S\u00e5 oroa dig inte, det \u00e4r s\u00e4kert att hyra hackningstj\u00e4nster med v\u00e5r professionella hacker och privatdetektiv online<a href=\"https:\/\/duckduckgo.com\/\" target=\"_blank\" rel=\"noopener\">.<\/a>Hyr en professionell hacker online p\u00e5 ett s\u00e4kert s\u00e4tt.<\/p><h3>Hyr en hacker<\/h3><p>P\u00e5 Hire A Hacker erbjuder vi en ny tj\u00e4nst som heter Hackers for Hire. F\u00f6retag, institutioner och privatpersoner som beh\u00f6ver hj\u00e4lp av en v\u00e4lutbildad och certifierad hacker kan komma hit s\u00e5 hittar vi r\u00e4tt hacker f\u00f6r jobbet.<\/p><p>Med medlemmar fr\u00e5n alla v\u00e4rldens l\u00e4nder kan vi skicka n\u00e5gon lokal medarbetare till n\u00e4stan alla jobb.<\/p><p>Hackare \u00e4r tillg\u00e4ngliga f\u00f6r uthyrning till;<\/p><ul><li>digital kriminalteknisk analys f\u00f6r att fastst\u00e4lla vem och hur de hackade dig;<\/li><li>avg\u00f6ra om du blir digitalt f\u00f6rf\u00f6ljd;<\/li><li>hitta k\u00e4llan till trakasserier och mobbning p\u00e5 n\u00e4tet;<\/li><li>privata utredningar;<\/li><li>testning av s\u00e5rbarheter i n\u00e4tverk;<\/li><li>penetrationstestning;<\/li><li>S\u00e5rbarhets- och penetrationstestning av webbsidor;<\/li><li>hitta \"f\u00f6rlorade\" m\u00e4nniskor;<\/li><li>hitta bakgrundsinformation om en person;<\/li><li>rekommendera \u00e5tg\u00e4rder f\u00f6r informationss\u00e4kerhet;<\/li><li>testning av brandv\u00e4ggar och IDS;<\/li><li>och n\u00e4stan alla informationss\u00e4kerhetsrelaterade uppgifter.<\/li><\/ul><\/div>\t\t\t\t\t\t\t\t<\/div>\n\t\t\t\t<\/div>\n\t\t\t\t\t<\/div>\n\t\t\t\t<\/div>\n\t\t\t\t<\/div>","protected":false},"excerpt":{"rendered":"<p>Contact Home Contact Email:H9fmt72@proton.me Hacker For Hire Hacker for hire service available 24\/7. We provide a wide range of Hacker Services\u200b and Private Investigation Solution Services We Provide Professional Hacking Services | Digital Investigations and Private Investigation Solution Services Tailored to Suits your Need and Service Request. We Provide Reliable Solutions With Solid Concrete Result. Highly Secured Discreet and Confidential Services. Hire a Hacker Services Online For Digital Investigation Services \u2606 Computer Forensics\u2606 Mobile Forensics\u2606 Ransomware Recovery\u2606 IP Theft\u2606 Windows Hire\u00a0a Hacker Services Online For Digital Investigation Services \u2606 Data Breach\u2606 Find Missing Person\u2606 Spyware Detection\u2606 Wire Fraud\u2606 Cybersecurity Hire\u00a0a Hacker Services Online For Digital Investigation Services \u2606 Online Identity Theft\u2606 Penetration Testing Services\u2606 Ransomware Attack\u2606 Social Media Monitoring\u2606 Divorce Hire\u00a0a Hacker Services Online For Digital Investigation Services \u2606 Child Custody\u2606 Infidelity Investigations\u2606 Stalking Solutions\u2606 Locations Tracking and Surveillance\u2606 Blackmail Solutions and More Services Hire\u00a0a Hacker Services Online For Mobile Phone \u2606 Android Mobile\u2606 iPhone\u2606 Tablet Phone\u2606 Blackberry\u2606 Windows Hire\u00a0a Hacker Services Online\u00a0For Websites \u2606 Html Website\u2606 PHP Website\u2606 .NET Website\u2606 Java Website\u2606 WordPress Website\u2606 Drupal Website\u2606 Joomla Website\u2606 Python Website\u2606 Laravel Website\u2606 Woo commerce Website\u2606 Blogger Website Hire\u00a0a Hacker Services Online\u00a0For Social Media \u2606 Facebook\u2606 Twitter\u2606 Instagram\u2606 TikTok\u2606 Pinterest\u2606 VK\u2606 QQ\u2606 WeChat\u2606 Snapchat\u2606 YouTube\u2606 Reddit\u2606 WhatsApp\u2606 Telegram\u2606 Google Hangout\u2606 Zoom\u2606 Discord\u2606 Skype Hire\u00a0a Hacker Services Online\u00a0For Other Services \u2606 Retrieve Hacked ML Account\u2606 Retrieve Hacked Yahoo Account\u2606 Retrieve Hacked Hotmail Account\u2606 Retrieve Hacked Gmail Account\u2606 Retrieve Hacked email Account\u2606 Credit Score Fix\u2606 Mobile Monitoring\u2606 Spouse Cheating\/infidelity Investigation\u2606 Reputation Management\u2606 Dark Web\u2606 Windows Desktop\/Laptop\u2606 Mac Desktop\/Laptop\u2606 Location Finding Services\u2606 Software Hacking\u2606 Mobile App Hacking\u2606 iPhone Apps\u2606 Windows Apps\u2606 Remote Access Of System\u2606 Penetration Testing\u2606 Mugshot Removal Service\u2606 Revenge Porn \/ Nude Pics \/ Nude Videos Removal\u2606 Driving License Records Removal\u2606 Keylogger\u2606 Call Logs\u2606 Text SMS\u2606 Online Exam\u2606 Cryptocurrency Transaction Reversal\u2606 Grade Change\u2606 Cryptocurrency Mining\u2606 Bitcoin Fraud Recovery\u2606 Cryptocurrency Fraud Recovery (Ethereum, Tether, Binance Coin, Cardano, Dogecoin)\u2606 Background Check Service\u2606 Roblox Hack\u2606 Bitcoin Mining\u2606 Blockchain Hacking\u2606 Anti Hack Services\u2606 Rescue From Cyber Bullying\u2606 Bank Fraud Scam Recovery\u2606 Mortgage Loan Fraud Recovery\u2606 iCloud Hack\u2606 Google Cloud Hack\u2606 Google Photos\u2606 Expunge Criminal Records\u2606 Hire A Hacker For DDOS Attack\u2606 Binary Option Recovery\u2606 Man In The Middle Attack (MITM)\u2606 WIFI Password Hacking\u2606 Retrieve Lost Password\u2606 YouTube Subscribers\u2606 Phone Spy Services\u2606 Database Hacking and More Is It Safe to Hire a Hacker Services | Private Investigation Services Online? Our client\u2019s testimonials say all about satisfactory work. Are you looking for some hacking Services | Private Investigation Services Online nearby?Just give us a single chance to prove our hacker\u2019s or private investigators ability what they can do. You will get the full worth of your money with results.And if you are worried about privacy or safety, then don\u2019t worry your data and your identity is 100% safe. Rent a hacker online.90% of people who are seeking hacking services or private investigation services, when they chat with us. Their one main concern is, \u201cis it safe to hire a hacker or private investigator online\u201d. Hacker For Hire online.Everybody has to worried about privacy, and we mean it. So don\u2019t worry it is safe to hire hacking services with our professional hacker and private investigator online.\u200b Rent a Professional hacker online safely. Rent A Hacker At Hire A Hacker, we are offering a new service called Hackers for Hire. Companies, institutions and individuals who need the assistance of a well-trained and certified hacker can come here and we will find you the right hacker for the job. With members of our community from every nation on the face of the earth, we can assign someone local to nearly every job. Hackers are available for hire to; digital forensic analysis to determine who and how they hacked you; determine if you are being digitally stalked; find the source of cyber harassment and bullying; private investigations; network vulnerability testing; penetration testing; web site vulnerability and penetration testing; finding \u201clost\u201d people; finding background information about an individual; recommending information security measures; firewall and IDS testing; and nearly any information security related task.<\/p>","protected":false},"author":1,"featured_media":0,"parent":0,"menu_order":0,"comment_status":"closed","ping_status":"closed","template":"elementor_header_footer","meta":{"_glsr_average":0,"_glsr_ranking":0,"_glsr_reviews":0,"footnotes":""},"class_list":["post-166","page","type-page","status-publish","hentry"],"_links":{"self":[{"href":"https:\/\/hire-a-hacker.io\/sv\/wp-json\/wp\/v2\/pages\/166","targetHints":{"allow":["GET"]}}],"collection":[{"href":"https:\/\/hire-a-hacker.io\/sv\/wp-json\/wp\/v2\/pages"}],"about":[{"href":"https:\/\/hire-a-hacker.io\/sv\/wp-json\/wp\/v2\/types\/page"}],"author":[{"embeddable":true,"href":"https:\/\/hire-a-hacker.io\/sv\/wp-json\/wp\/v2\/users\/1"}],"replies":[{"embeddable":true,"href":"https:\/\/hire-a-hacker.io\/sv\/wp-json\/wp\/v2\/comments?post=166"}],"version-history":[{"count":28,"href":"https:\/\/hire-a-hacker.io\/sv\/wp-json\/wp\/v2\/pages\/166\/revisions"}],"predecessor-version":[{"id":1682,"href":"https:\/\/hire-a-hacker.io\/sv\/wp-json\/wp\/v2\/pages\/166\/revisions\/1682"}],"wp:attachment":[{"href":"https:\/\/hire-a-hacker.io\/sv\/wp-json\/wp\/v2\/media?parent=166"}],"curies":[{"name":"wp","href":"https:\/\/api.w.org\/{rel}","templated":true}]}}