{"id":166,"date":"2023-12-01T12:26:45","date_gmt":"2023-12-01T12:26:45","guid":{"rendered":"https:\/\/hireahackerservice.com\/?page_id=166"},"modified":"2025-11-16T11:28:30","modified_gmt":"2025-11-16T11:28:30","slug":"hacker-de-aluguel","status":"publish","type":"page","link":"https:\/\/hire-a-hacker.io\/pt\/hacker-de-aluguel\/","title":{"rendered":"Contactar-nos"},"content":{"rendered":"<div data-elementor-type=\"wp-page\" data-elementor-id=\"166\" class=\"elementor elementor-166\">\n\t\t\t\t\t\t<section class=\"elementor-section elementor-top-section elementor-element elementor-element-6cb2e87 elementor-section-full_width elementor-section-height-default elementor-section-height-default wpr-particle-no wpr-jarallax-no wpr-parallax-no wpr-sticky-section-no\" data-id=\"6cb2e87\" data-element_type=\"section\" data-settings=\"{&quot;background_background&quot;:&quot;classic&quot;}\">\n\t\t\t\t\t\t\t<div class=\"elementor-background-overlay\"><\/div>\n\t\t\t\t\t\t\t<div class=\"elementor-container elementor-column-gap-default\">\n\t\t\t\t\t<div class=\"elementor-column elementor-col-100 elementor-top-column elementor-element elementor-element-7f2a51b\" data-id=\"7f2a51b\" data-element_type=\"column\">\n\t\t\t<div class=\"elementor-widget-wrap elementor-element-populated\">\n\t\t\t\t\t\t<div class=\"elementor-element elementor-element-07d24ca elementor-widget elementor-widget-heading\" data-id=\"07d24ca\" data-element_type=\"widget\" data-widget_type=\"heading.default\">\n\t\t\t\t<div class=\"elementor-widget-container\">\n\t\t\t\t\t<h2 class=\"elementor-heading-title elementor-size-default\">Contacto<\/h2>\t\t\t\t<\/div>\n\t\t\t\t<\/div>\n\t\t\t\t<section class=\"elementor-section elementor-inner-section elementor-element elementor-element-78fa7cd elementor-section-content-middle elementor-section-boxed elementor-section-height-default elementor-section-height-default wpr-particle-no wpr-jarallax-no wpr-parallax-no wpr-sticky-section-no\" data-id=\"78fa7cd\" data-element_type=\"section\">\n\t\t\t\t\t\t<div class=\"elementor-container elementor-column-gap-default\">\n\t\t\t\t\t<div class=\"elementor-column elementor-col-25 elementor-inner-column elementor-element elementor-element-2c022e5\" data-id=\"2c022e5\" data-element_type=\"column\">\n\t\t\t<div class=\"elementor-widget-wrap\">\n\t\t\t\t\t\t\t<\/div>\n\t\t<\/div>\n\t\t\t\t<div class=\"elementor-column elementor-col-25 elementor-inner-column elementor-element elementor-element-8c9ee9a\" data-id=\"8c9ee9a\" data-element_type=\"column\">\n\t\t\t<div class=\"elementor-widget-wrap elementor-element-populated\">\n\t\t\t\t\t\t<div class=\"elementor-element elementor-element-94487d4 elementor-align-justify elementor-widget elementor-widget-button\" data-id=\"94487d4\" data-element_type=\"widget\" data-widget_type=\"button.default\">\n\t\t\t\t<div class=\"elementor-widget-container\">\n\t\t\t\t\t\t\t\t\t<div class=\"elementor-button-wrapper\">\n\t\t\t\t\t<a class=\"elementor-button elementor-button-link elementor-size-sm\" href=\"https:\/\/hire-a-hacker.io\/pt\/\">\n\t\t\t\t\t\t<span class=\"elementor-button-content-wrapper\">\n\t\t\t\t\t\t\t\t\t<span class=\"elementor-button-text\">In\u00edcio<\/span>\n\t\t\t\t\t<\/span>\n\t\t\t\t\t<\/a>\n\t\t\t\t<\/div>\n\t\t\t\t\t\t\t\t<\/div>\n\t\t\t\t<\/div>\n\t\t\t\t\t<\/div>\n\t\t<\/div>\n\t\t\t\t<div class=\"elementor-column elementor-col-25 elementor-inner-column elementor-element elementor-element-95c0186\" data-id=\"95c0186\" data-element_type=\"column\">\n\t\t\t<div class=\"elementor-widget-wrap elementor-element-populated\">\n\t\t\t\t\t\t<div class=\"elementor-element elementor-element-8e0b861 elementor-align-justify elementor-widget elementor-widget-button\" data-id=\"8e0b861\" data-element_type=\"widget\" data-widget_type=\"button.default\">\n\t\t\t\t<div class=\"elementor-widget-container\">\n\t\t\t\t\t\t\t\t\t<div class=\"elementor-button-wrapper\">\n\t\t\t\t\t<a class=\"elementor-button elementor-button-link elementor-size-sm\" href=\"https:\/\/hire-a-hacker.io\/pt\/hacker-de-aluguel\/\">\n\t\t\t\t\t\t<span class=\"elementor-button-content-wrapper\">\n\t\t\t\t\t\t\t\t\t<span class=\"elementor-button-text\">Contacto<\/span>\n\t\t\t\t\t<\/span>\n\t\t\t\t\t<\/a>\n\t\t\t\t<\/div>\n\t\t\t\t\t\t\t\t<\/div>\n\t\t\t\t<\/div>\n\t\t\t\t\t<\/div>\n\t\t<\/div>\n\t\t\t\t<div class=\"elementor-column elementor-col-25 elementor-inner-column elementor-element elementor-element-a8bfd36\" data-id=\"a8bfd36\" data-element_type=\"column\">\n\t\t\t<div class=\"elementor-widget-wrap\">\n\t\t\t\t\t\t\t<\/div>\n\t\t<\/div>\n\t\t\t\t\t<\/div>\n\t\t<\/section>\n\t\t\t\t\t<\/div>\n\t\t<\/div>\n\t\t\t\t\t<\/div>\n\t\t<\/section>\n\t\t<div class=\"elementor-element elementor-element-09e073e e-flex e-con-boxed wpr-particle-no wpr-jarallax-no wpr-parallax-no wpr-sticky-section-no e-con e-parent\" data-id=\"09e073e\" data-element_type=\"container\">\n\t\t\t\t\t<div class=\"e-con-inner\">\n\t\t<div class=\"elementor-element elementor-element-47c8d98 e-con-full e-flex wpr-particle-no wpr-jarallax-no wpr-parallax-no wpr-sticky-section-no e-con e-child\" data-id=\"47c8d98\" data-element_type=\"container\">\n\t\t\t\t<\/div>\n\t\t<div class=\"elementor-element elementor-element-fde2f79 e-con-full e-flex wpr-particle-no wpr-jarallax-no wpr-parallax-no wpr-sticky-section-no e-con e-child\" data-id=\"fde2f79\" data-element_type=\"container\" data-settings=\"{&quot;background_background&quot;:&quot;classic&quot;}\">\n\t\t\t\t<div class=\"elementor-element elementor-element-809d3bd elementor-view-default elementor-widget elementor-widget-icon\" data-id=\"809d3bd\" data-element_type=\"widget\" data-widget_type=\"icon.default\">\n\t\t\t\t<div class=\"elementor-widget-container\">\n\t\t\t\t\t\t\t<div class=\"elementor-icon-wrapper\">\n\t\t\t<div class=\"elementor-icon\">\n\t\t\t<svg aria-hidden=\"true\" class=\"e-font-icon-svg e-far-address-card\" viewbox=\"0 0 576 512\" xmlns=\"http:\/\/www.w3.org\/2000\/svg\"><path d=\"M528 32H48C21.5 32 0 53.5 0 80v352c0 26.5 21.5 48 48 48h480c26.5 0 48-21.5 48-48V80c0-26.5-21.5-48-48-48zm0 400H48V80h480v352zM208 256c35.3 0 64-28.7 64-64s-28.7-64-64-64-64 28.7-64 64 28.7 64 64 64zm-89.6 128h179.2c12.4 0 22.4-8.6 22.4-19.2v-19.2c0-31.8-30.1-57.6-67.2-57.6-10.8 0-18.7 8-44.8 8-26.9 0-33.4-8-44.8-8-37.1 0-67.2 25.8-67.2 57.6v19.2c0 10.6 10 19.2 22.4 19.2zM360 320h112c4.4 0 8-3.6 8-8v-16c0-4.4-3.6-8-8-8H360c-4.4 0-8 3.6-8 8v16c0 4.4 3.6 8 8 8zm0-64h112c4.4 0 8-3.6 8-8v-16c0-4.4-3.6-8-8-8H360c-4.4 0-8 3.6-8 8v16c0 4.4 3.6 8 8 8zm0-64h112c4.4 0 8-3.6 8-8v-16c0-4.4-3.6-8-8-8H360c-4.4 0-8 3.6-8 8v16c0 4.4 3.6 8 8 8z\"><\/path><\/svg>\t\t\t<\/div>\n\t\t<\/div>\n\t\t\t\t\t\t<\/div>\n\t\t\t\t<\/div>\n\t\t\t\t<div class=\"elementor-element elementor-element-11ef786 elementor-align-center elementor-icon-list--layout-traditional elementor-list-item-link-full_width elementor-widget elementor-widget-icon-list\" data-id=\"11ef786\" data-element_type=\"widget\" data-widget_type=\"icon-list.default\">\n\t\t\t\t<div class=\"elementor-widget-container\">\n\t\t\t\t\t\t\t<ul class=\"elementor-icon-list-items\">\n\t\t\t\t\t\t\t<li class=\"elementor-icon-list-item\">\n\t\t\t\t\t\t\t\t\t\t\t<span class=\"elementor-icon-list-icon\">\n\t\t\t\t\t\t\t<i aria-hidden=\"true\" class=\"icon icon-email\"><\/i>\t\t\t\t\t\t<\/span>\n\t\t\t\t\t\t\t\t\t\t<span class=\"elementor-icon-list-text\">Email:H9fmt72@proton.me<\/span>\n\t\t\t\t\t\t\t\t\t<\/li>\n\t\t\t\t\t\t<\/ul>\n\t\t\t\t\t\t<\/div>\n\t\t\t\t<\/div>\n\t\t\t\t<\/div>\n\t\t<div class=\"elementor-element elementor-element-6bcb23a e-con-full e-flex wpr-particle-no wpr-jarallax-no wpr-parallax-no wpr-sticky-section-no e-con e-child\" data-id=\"6bcb23a\" data-element_type=\"container\">\n\t\t\t\t<\/div>\n\t\t\t\t\t<\/div>\n\t\t\t\t<\/div>\n\t\t<div class=\"elementor-element elementor-element-9a1ba74 e-flex e-con-boxed wpr-particle-no wpr-jarallax-no wpr-parallax-no wpr-sticky-section-no e-con e-parent\" data-id=\"9a1ba74\" data-element_type=\"container\">\n\t\t\t\t\t<div class=\"e-con-inner\">\n\t\t\t\t<div class=\"elementor-element elementor-element-14fa030 elementor-widget elementor-widget-text-editor\" data-id=\"14fa030\" data-element_type=\"widget\" data-widget_type=\"text-editor.default\">\n\t\t\t\t<div class=\"elementor-widget-container\">\n\t\t\t\t\t\t\t\t\t<h2>Hacker de Aluguer<\/h2><p>Servi\u00e7o de aluguer de Hackers dispon\u00edvel 24\/7. Fornecemos uma vasta gama de servi\u00e7os de Hacker e de solu\u00e7\u00f5es de investiga\u00e7\u00e3o privada<\/p><p>Fornecemos Servi\u00e7os Profissionais de Hacking | Investiga\u00e7\u00f5es Digitais e Servi\u00e7os de Solu\u00e7\u00f5es de Investiga\u00e7\u00e3o Privada \u00e0 medida das suas necessidades e pedidos de servi\u00e7os. Fornecemos solu\u00e7\u00f5es fi\u00e1veis com resultados concretos e s\u00f3lidos. Servi\u00e7os altamente seguros, discretos e confidenciais.<\/p><h4 class=\"has-medium-font-size\"><strong>Contrate um servi\u00e7o de hacker online para servi\u00e7os de investiga\u00e7\u00e3o digital<\/strong><\/h4><p class=\"has-medium-font-size\">\u2606 Inform\u00e1tica forense<br \/>\u2606 An\u00e1lise forense de telem\u00f3veis<br \/>\u2606 Recupera\u00e7\u00e3o de Ransomware<br \/>\u2606 Roubo de IP<br \/>\u2606 Windows<\/p><p class=\"has-medium-font-size\"><strong>Aluguer<\/strong>\u00a0<strong>a Hacker Services Online Para Servi\u00e7os de Investiga\u00e7\u00e3o Digital<\/strong><\/p><p class=\"has-medium-font-size\">\u2606 Viola\u00e7\u00e3o de dados<br \/>\u2606 Encontrar pessoa desaparecida<br \/>\u2606 Dete\u00e7\u00e3o de spyware<br \/>\u2606 Fraude de transfer\u00eancia<br \/>\u2606 Ciberseguran\u00e7a<\/p><p class=\"has-medium-font-size\"><strong>Contrate um servi\u00e7o de hacker online para servi\u00e7os de investiga\u00e7\u00e3o digital<\/strong><\/p><p class=\"has-medium-font-size\">Roubo de identidade online<br \/>\u2606 Servi\u00e7os de testes de penetra\u00e7\u00e3o<br \/>\u2606 Ataque de ransomware<br \/>\u2606 Monitoriza\u00e7\u00e3o de redes sociais<br \/>\u2606 Div\u00f3rcio<\/p><p class=\"has-medium-font-size\"><strong>Contrate um servi\u00e7o de hacker online para servi\u00e7os de investiga\u00e7\u00e3o digital<\/strong><\/p><p class=\"has-medium-font-size\">\u2606 Guarda de crian\u00e7as<br \/>\u2606 Investiga\u00e7\u00f5es de infidelidade<br \/>\u2606 Solu\u00e7\u00f5es de persegui\u00e7\u00e3o<br \/>\u2606 Seguimento e vigil\u00e2ncia de locais<br \/>\u2606 Solu\u00e7\u00f5es de chantagem e mais servi\u00e7os<\/p><h4 class=\"has-medium-font-size\"><strong>Contratar um servi\u00e7o de hacker online para telem\u00f3vel<\/strong><\/h4><p class=\"has-medium-font-size\">\u2606 Android Mobile<br \/>\u2606 iPhone<br \/>\u2606 Telem\u00f3vel<br \/>\u2606 Blackberry<br \/>\u2606 Windows<\/p><h4 class=\"has-medium-font-size\"><strong>Contratar um servi\u00e7o de hacker online para s\u00edtios Web<\/strong><\/h4><p class=\"has-medium-font-size\">\u2606 Website Html<br \/>\u2606 Website PHP<br \/>\u2606 Website .NET<br \/>\u2606 Website Java<br \/>\u2606 Website WordPress<br \/>\u2606 Website Drupal<br \/>\u2606 Website Joomla<br \/>\u2606 S\u00edtio Web Python<br \/>\u2606 Website Laravel<br \/>Website de com\u00e9rcio Woo<br \/>\u2606 Website do Blogger<\/p><h4 class=\"has-medium-font-size\"><strong>Contratar um servi\u00e7o de hackers online para as redes sociais<\/strong><\/h4><p class=\"has-medium-font-size\">\u2606 Facebook<br \/>\u2606 Twitter<br \/>\u2606 Instagram<br \/>\u2606 TikTok<br \/>\u2606 Pinterest<br \/>\u2606 VK<br \/>\u2606 QQ<br \/>\u2606 WeChat<br \/>\u2606 Snapchat<br \/>\u2606 YouTube<br \/>\u2606 Reddit<br \/>\u2606 WhatsApp<br \/>\u2606 Telegrama<br \/>\u2606 Google Hangout<br \/>\u2606 Zoom<br \/>\u2606 Disc\u00f3rdia<br \/>\u2606 Skype<\/p><h4 class=\"has-medium-font-size\"><strong>Aluguer<\/strong>\u00a0<strong>a Hacker Services Online Para outros servi\u00e7os<\/strong><\/h4><p class=\"has-medium-font-size\">Recuperar conta ML pirateada<br \/>Recuperar uma conta Yahoo pirateada<br \/>\u2606 Recuperar conta Hotmail pirateada<br \/>Recuperar conta Gmail pirateada<br \/>Recuperar conta de e-mail pirateada<br \/>\u2606 Corre\u00e7\u00e3o da pontua\u00e7\u00e3o de cr\u00e9dito<br \/>\u2606 Monitoriza\u00e7\u00e3o m\u00f3vel<br \/>\u2606 Investiga\u00e7\u00e3o de trai\u00e7\u00e3o\/infidelidade do c\u00f4njuge<br \/>\u2606 Gest\u00e3o da reputa\u00e7\u00e3o<br \/>\u2606 Dark Web<br \/>\u2606 Computador de secret\u00e1ria\/port\u00e1til com Windows<br \/>\u2606 Mac Desktop\/Laptop<br \/>\u2606 Servi\u00e7os de localiza\u00e7\u00e3o<br \/>\u2606 Pirataria de software<br \/>Hacking de aplica\u00e7\u00f5es m\u00f3veis<br \/>\u2606 Aplica\u00e7\u00f5es para iPhone<br \/>\u2606 Aplica\u00e7\u00f5es do Windows<br \/>\u2606 Acesso remoto ao sistema<br \/>\u2606 Teste de penetra\u00e7\u00e3o<br \/>\u2606 Servi\u00e7o de remo\u00e7\u00e3o de Mugshot<br \/>\u2606 Remo\u00e7\u00e3o de pornografia de vingan\u00e7a \/ Fotos de nudez \/ V\u00eddeos de nudez<br \/>\u2606 Remo\u00e7\u00e3o dos registos da carta de condu\u00e7\u00e3o<br \/>\u2606 Keylogger<br \/>\u2606 Registos de chamadas<br \/>\u2606 Texto SMS<br \/>\u2606 Exame em linha<br \/>\u2606 Invers\u00e3o da transa\u00e7\u00e3o de moeda criptogr\u00e1fica<br \/>\u2606 Mudan\u00e7a de grau<br \/>Minera\u00e7\u00e3o de criptomoedas<br \/>\u2606 Recupera\u00e7\u00e3o de fraudes com Bitcoin<br \/>\u2606 Recupera\u00e7\u00e3o de fraudes de criptomoeda (Ethereum, Tether, Binance Coin, Cardano, Dogecoin)<br \/>\u2606 Servi\u00e7o de verifica\u00e7\u00e3o de antecedentes<br \/>\u2606 Roblox Hack<br \/>Minera\u00e7\u00e3o de Bitcoin<br \/>Hacking de cadeias de blocos<br \/>\u2606 Servi\u00e7os Anti Hack<br \/>\u2606 Resgate do Cyber Bullying<br \/>\u2606 Recupera\u00e7\u00e3o de fraudes banc\u00e1rias<br \/>\u2606 Recupera\u00e7\u00e3o de fraudes de empr\u00e9stimos hipotec\u00e1rios<br \/>\u2606 Hack do iCloud<br \/>Google Cloud Hack<br \/>\u2606 Google Fotos<br \/>Expurgar registos criminais<br \/>\u2606 Contrate um hacker para um ataque DDOS<br \/>\u2606 Recupera\u00e7\u00e3o de Op\u00e7\u00f5es Bin\u00e1rias<br \/>\u2606 Ataque do homem no meio (MITM)<br \/>Hackeamento da palavra-passe WIFI<br \/>\u2606 Recuperar a palavra-passe perdida<br \/>\u2606 Subscritores do YouTube<br \/>\u2606 Servi\u00e7os de espionagem telef\u00f3nica<br \/>Hacking de bases de dados e muito mais<\/p>\t\t\t\t\t\t\t\t<\/div>\n\t\t\t\t<\/div>\n\t\t\t\t\t<\/div>\n\t\t\t\t<\/div>\n\t\t<div class=\"elementor-element elementor-element-333bb79 e-grid e-con-boxed wpr-particle-no wpr-jarallax-no wpr-parallax-no wpr-sticky-section-no e-con e-parent\" data-id=\"333bb79\" data-element_type=\"container\">\n\t\t\t\t\t<div class=\"e-con-inner\">\n\t\t\t\t<div class=\"elementor-element elementor-element-0d19dca elementor-widget elementor-widget-image\" data-id=\"0d19dca\" data-element_type=\"widget\" data-widget_type=\"image.default\">\n\t\t\t\t<div class=\"elementor-widget-container\">\n\t\t\t\t\t\t\t\t\t\t\t\t\t\t\t<img fetchpriority=\"high\" decoding=\"async\" width=\"500\" height=\"500\" src=\"https:\/\/hire-a-hacker.io\/wp-content\/uploads\/2025\/09\/100-percent-guarantee.png\" class=\"attachment-large size-large wp-image-1106\" alt=\"Hacker de Aluguer\" srcset=\"https:\/\/hire-a-hacker.io\/wp-content\/uploads\/2025\/09\/100-percent-guarantee.png 500w, https:\/\/hire-a-hacker.io\/wp-content\/uploads\/2025\/09\/100-percent-guarantee-300x300.png 300w, https:\/\/hire-a-hacker.io\/wp-content\/uploads\/2025\/09\/100-percent-guarantee-150x150.png 150w\" sizes=\"(max-width: 500px) 100vw, 500px\" \/>\t\t\t\t\t\t\t\t\t\t\t\t\t\t\t<\/div>\n\t\t\t\t<\/div>\n\t\t\t\t<div class=\"elementor-element elementor-element-5a8b575 elementor-widget elementor-widget-image\" data-id=\"5a8b575\" data-element_type=\"widget\" data-widget_type=\"image.default\">\n\t\t\t\t<div class=\"elementor-widget-container\">\n\t\t\t\t\t\t\t\t\t\t\t\t\t\t\t<img decoding=\"async\" width=\"578\" height=\"431\" src=\"https:\/\/hire-a-hacker.io\/wp-content\/uploads\/2025\/09\/g.png\" class=\"attachment-large size-large wp-image-1107\" alt=\"Servi\u00e7os de investiga\u00e7\u00e3o privada online\" srcset=\"https:\/\/hire-a-hacker.io\/wp-content\/uploads\/2025\/09\/g.png 578w, https:\/\/hire-a-hacker.io\/wp-content\/uploads\/2025\/09\/g-300x224.png 300w\" sizes=\"(max-width: 578px) 100vw, 578px\" \/>\t\t\t\t\t\t\t\t\t\t\t\t\t\t\t<\/div>\n\t\t\t\t<\/div>\n\t\t\t\t<div class=\"elementor-element elementor-element-932b9ed elementor-widget elementor-widget-image\" data-id=\"932b9ed\" data-element_type=\"widget\" data-widget_type=\"image.default\">\n\t\t\t\t<div class=\"elementor-widget-container\">\n\t\t\t\t\t\t\t\t\t\t\t\t\t\t\t<img decoding=\"async\" width=\"512\" height=\"487\" src=\"https:\/\/hire-a-hacker.io\/wp-content\/uploads\/2025\/09\/verfied-removebg-preview.png\" class=\"attachment-large size-large wp-image-1109\" alt=\"Contratar um servi\u00e7o de hackers online para as redes sociais\" srcset=\"https:\/\/hire-a-hacker.io\/wp-content\/uploads\/2025\/09\/verfied-removebg-preview.png 512w, https:\/\/hire-a-hacker.io\/wp-content\/uploads\/2025\/09\/verfied-removebg-preview-300x285.png 300w\" sizes=\"(max-width: 512px) 100vw, 512px\" \/>\t\t\t\t\t\t\t\t\t\t\t\t\t\t\t<\/div>\n\t\t\t\t<\/div>\n\t\t\t\t\t<\/div>\n\t\t\t\t<\/div>\n\t\t<div class=\"elementor-element elementor-element-8e0deac e-flex e-con-boxed wpr-particle-no wpr-jarallax-no wpr-parallax-no wpr-sticky-section-no e-con e-parent\" data-id=\"8e0deac\" data-element_type=\"container\">\n\t\t\t\t\t<div class=\"e-con-inner\">\n\t\t\t\t<div class=\"elementor-element elementor-element-4619b47 elementor-widget elementor-widget-text-editor\" data-id=\"4619b47\" data-element_type=\"widget\" data-widget_type=\"text-editor.default\">\n\t\t\t\t<div class=\"elementor-widget-container\">\n\t\t\t\t\t\t\t\t\t<div class=\"wp-block-uagb-advanced-heading uagb-block-3d32555e\"><h3 class=\"uagb-heading-text\">I<strong>\u00c9 seguro contratar um servi\u00e7o de hackers e servi\u00e7os de investiga\u00e7\u00e3o privada online?<\/strong><\/h3><p>Os testemunhos dos nossos clientes dizem tudo sobre o nosso trabalho satisfat\u00f3rio. Est\u00e1 \u00e0 procura de alguns servi\u00e7os de hacking | Private Investigation Services Online nas proximidades?<br \/>Basta dar-nos uma \u00fanica oportunidade para provar a capacidade dos nossos hackers ou investigadores privados. Receber\u00e1 o valor total do seu dinheiro com resultados.<br \/>E se estiver preocupado com a privacidade ou a seguran\u00e7a, n\u00e3o se preocupe, os seus dados e a sua identidade est\u00e3o 100% seguros. Alugue um hacker online.<br \/>90% de pessoas que procuram <a href=\"https:\/\/hire-a-hacker.io\/pt\/\">servi\u00e7os de pirataria inform\u00e1tica<\/a> ou servi\u00e7os de investiga\u00e7\u00e3o privada, quando conversam connosco. A sua principal preocupa\u00e7\u00e3o \u00e9: \"\u00e9 seguro contratar um hacker ou um detetive privado online\". Hacker For Hire online.<br \/>Toda a gente tem de se preocupar com a privacidade, e estamos a falar a s\u00e9rio. Por isso, n\u00e3o se preocupe, \u00e9 seguro contratar servi\u00e7os de hacking com o nosso hacker profissional e detetive privado online<a href=\"https:\/\/duckduckgo.com\/\" target=\"_blank\" rel=\"noopener\">.<\/a>Alugue um hacker profissional online com toda a seguran\u00e7a.<\/p><h3>Alugar um Hacker<\/h3><p>Na Hire A Hacker, estamos a oferecer um novo servi\u00e7o chamado Hackers for Hire. Empresas, institui\u00e7\u00f5es e indiv\u00edduos que necessitem da assist\u00eancia de um hacker bem treinado e certificado podem vir aqui e n\u00f3s encontraremos o hacker certo para o trabalho.<\/p><p>Com membros da nossa comunidade de todas as na\u00e7\u00f5es \u00e0 face da terra, podemos designar algu\u00e9m local para quase todos os trabalhos.<\/p><p>Os hackers est\u00e3o dispon\u00edveis para aluguer;<\/p><ul><li>an\u00e1lise forense digital para determinar quem e como o piratearam;<\/li><li>determinar se est\u00e1 a ser perseguido digitalmente;<\/li><li>encontrar a origem do ass\u00e9dio cibern\u00e9tico e da intimida\u00e7\u00e3o;<\/li><li>investiga\u00e7\u00f5es privadas;<\/li><li>teste de vulnerabilidade da rede;<\/li><li>testes de penetra\u00e7\u00e3o;<\/li><li>testes de vulnerabilidade e penetra\u00e7\u00e3o de s\u00edtios Web;<\/li><li>encontrar pessoas \"perdidas\";<\/li><li>encontrar informa\u00e7\u00f5es de base sobre uma pessoa;<\/li><li>recomendar medidas de seguran\u00e7a da informa\u00e7\u00e3o;<\/li><li>testes de firewall e IDS;<\/li><li>e quase todas as tarefas relacionadas com a seguran\u00e7a da informa\u00e7\u00e3o.<\/li><\/ul><\/div>\t\t\t\t\t\t\t\t<\/div>\n\t\t\t\t<\/div>\n\t\t\t\t\t<\/div>\n\t\t\t\t<\/div>\n\t\t\t\t<\/div>","protected":false},"excerpt":{"rendered":"<p>Contact Home Contact Email:H9fmt72@proton.me Hacker For Hire Hacker for hire service available 24\/7. We provide a wide range of Hacker Services\u200b and Private Investigation Solution Services We Provide Professional Hacking Services | Digital Investigations and Private Investigation Solution Services Tailored to Suits your Need and Service Request. We Provide Reliable Solutions With Solid Concrete Result. Highly Secured Discreet and Confidential Services. Hire a Hacker Services Online For Digital Investigation Services \u2606 Computer Forensics\u2606 Mobile Forensics\u2606 Ransomware Recovery\u2606 IP Theft\u2606 Windows Hire\u00a0a Hacker Services Online For Digital Investigation Services \u2606 Data Breach\u2606 Find Missing Person\u2606 Spyware Detection\u2606 Wire Fraud\u2606 Cybersecurity Hire\u00a0a Hacker Services Online For Digital Investigation Services \u2606 Online Identity Theft\u2606 Penetration Testing Services\u2606 Ransomware Attack\u2606 Social Media Monitoring\u2606 Divorce Hire\u00a0a Hacker Services Online For Digital Investigation Services \u2606 Child Custody\u2606 Infidelity Investigations\u2606 Stalking Solutions\u2606 Locations Tracking and Surveillance\u2606 Blackmail Solutions and More Services Hire\u00a0a Hacker Services Online For Mobile Phone \u2606 Android Mobile\u2606 iPhone\u2606 Tablet Phone\u2606 Blackberry\u2606 Windows Hire\u00a0a Hacker Services Online\u00a0For Websites \u2606 Html Website\u2606 PHP Website\u2606 .NET Website\u2606 Java Website\u2606 WordPress Website\u2606 Drupal Website\u2606 Joomla Website\u2606 Python Website\u2606 Laravel Website\u2606 Woo commerce Website\u2606 Blogger Website Hire\u00a0a Hacker Services Online\u00a0For Social Media \u2606 Facebook\u2606 Twitter\u2606 Instagram\u2606 TikTok\u2606 Pinterest\u2606 VK\u2606 QQ\u2606 WeChat\u2606 Snapchat\u2606 YouTube\u2606 Reddit\u2606 WhatsApp\u2606 Telegram\u2606 Google Hangout\u2606 Zoom\u2606 Discord\u2606 Skype Hire\u00a0a Hacker Services Online\u00a0For Other Services \u2606 Retrieve Hacked ML Account\u2606 Retrieve Hacked Yahoo Account\u2606 Retrieve Hacked Hotmail Account\u2606 Retrieve Hacked Gmail Account\u2606 Retrieve Hacked email Account\u2606 Credit Score Fix\u2606 Mobile Monitoring\u2606 Spouse Cheating\/infidelity Investigation\u2606 Reputation Management\u2606 Dark Web\u2606 Windows Desktop\/Laptop\u2606 Mac Desktop\/Laptop\u2606 Location Finding Services\u2606 Software Hacking\u2606 Mobile App Hacking\u2606 iPhone Apps\u2606 Windows Apps\u2606 Remote Access Of System\u2606 Penetration Testing\u2606 Mugshot Removal Service\u2606 Revenge Porn \/ Nude Pics \/ Nude Videos Removal\u2606 Driving License Records Removal\u2606 Keylogger\u2606 Call Logs\u2606 Text SMS\u2606 Online Exam\u2606 Cryptocurrency Transaction Reversal\u2606 Grade Change\u2606 Cryptocurrency Mining\u2606 Bitcoin Fraud Recovery\u2606 Cryptocurrency Fraud Recovery (Ethereum, Tether, Binance Coin, Cardano, Dogecoin)\u2606 Background Check Service\u2606 Roblox Hack\u2606 Bitcoin Mining\u2606 Blockchain Hacking\u2606 Anti Hack Services\u2606 Rescue From Cyber Bullying\u2606 Bank Fraud Scam Recovery\u2606 Mortgage Loan Fraud Recovery\u2606 iCloud Hack\u2606 Google Cloud Hack\u2606 Google Photos\u2606 Expunge Criminal Records\u2606 Hire A Hacker For DDOS Attack\u2606 Binary Option Recovery\u2606 Man In The Middle Attack (MITM)\u2606 WIFI Password Hacking\u2606 Retrieve Lost Password\u2606 YouTube Subscribers\u2606 Phone Spy Services\u2606 Database Hacking and More Is It Safe to Hire a Hacker Services | Private Investigation Services Online? Our client\u2019s testimonials say all about satisfactory work. Are you looking for some hacking Services | Private Investigation Services Online nearby?Just give us a single chance to prove our hacker\u2019s or private investigators ability what they can do. You will get the full worth of your money with results.And if you are worried about privacy or safety, then don\u2019t worry your data and your identity is 100% safe. Rent a hacker online.90% of people who are seeking hacking services or private investigation services, when they chat with us. Their one main concern is, \u201cis it safe to hire a hacker or private investigator online\u201d. Hacker For Hire online.Everybody has to worried about privacy, and we mean it. So don\u2019t worry it is safe to hire hacking services with our professional hacker and private investigator online.\u200b Rent a Professional hacker online safely. Rent A Hacker At Hire A Hacker, we are offering a new service called Hackers for Hire. Companies, institutions and individuals who need the assistance of a well-trained and certified hacker can come here and we will find you the right hacker for the job. With members of our community from every nation on the face of the earth, we can assign someone local to nearly every job. Hackers are available for hire to; digital forensic analysis to determine who and how they hacked you; determine if you are being digitally stalked; find the source of cyber harassment and bullying; private investigations; network vulnerability testing; penetration testing; web site vulnerability and penetration testing; finding \u201clost\u201d people; finding background information about an individual; recommending information security measures; firewall and IDS testing; and nearly any information security related task.<\/p>","protected":false},"author":1,"featured_media":0,"parent":0,"menu_order":0,"comment_status":"closed","ping_status":"closed","template":"elementor_header_footer","meta":{"_glsr_average":0,"_glsr_ranking":0,"_glsr_reviews":0,"footnotes":""},"class_list":["post-166","page","type-page","status-publish","hentry"],"_links":{"self":[{"href":"https:\/\/hire-a-hacker.io\/pt\/wp-json\/wp\/v2\/pages\/166","targetHints":{"allow":["GET"]}}],"collection":[{"href":"https:\/\/hire-a-hacker.io\/pt\/wp-json\/wp\/v2\/pages"}],"about":[{"href":"https:\/\/hire-a-hacker.io\/pt\/wp-json\/wp\/v2\/types\/page"}],"author":[{"embeddable":true,"href":"https:\/\/hire-a-hacker.io\/pt\/wp-json\/wp\/v2\/users\/1"}],"replies":[{"embeddable":true,"href":"https:\/\/hire-a-hacker.io\/pt\/wp-json\/wp\/v2\/comments?post=166"}],"version-history":[{"count":28,"href":"https:\/\/hire-a-hacker.io\/pt\/wp-json\/wp\/v2\/pages\/166\/revisions"}],"predecessor-version":[{"id":1682,"href":"https:\/\/hire-a-hacker.io\/pt\/wp-json\/wp\/v2\/pages\/166\/revisions\/1682"}],"wp:attachment":[{"href":"https:\/\/hire-a-hacker.io\/pt\/wp-json\/wp\/v2\/media?parent=166"}],"curies":[{"name":"wp","href":"https:\/\/api.w.org\/{rel}","templated":true}]}}