{"id":166,"date":"2023-12-01T12:26:45","date_gmt":"2023-12-01T12:26:45","guid":{"rendered":"https:\/\/hireahackerservice.com\/?page_id=166"},"modified":"2025-11-16T11:28:30","modified_gmt":"2025-11-16T11:28:30","slug":"haker-do-wynajecia","status":"publish","type":"page","link":"https:\/\/hire-a-hacker.io\/pl\/haker-do-wynajecia\/","title":{"rendered":"Kontakt"},"content":{"rendered":"<div data-elementor-type=\"wp-page\" data-elementor-id=\"166\" class=\"elementor elementor-166\">\n\t\t\t\t\t\t<section class=\"elementor-section elementor-top-section elementor-element elementor-element-6cb2e87 elementor-section-full_width elementor-section-height-default elementor-section-height-default wpr-particle-no wpr-jarallax-no wpr-parallax-no wpr-sticky-section-no\" data-id=\"6cb2e87\" data-element_type=\"section\" data-settings=\"{&quot;background_background&quot;:&quot;classic&quot;}\">\n\t\t\t\t\t\t\t<div class=\"elementor-background-overlay\"><\/div>\n\t\t\t\t\t\t\t<div class=\"elementor-container elementor-column-gap-default\">\n\t\t\t\t\t<div class=\"elementor-column elementor-col-100 elementor-top-column elementor-element elementor-element-7f2a51b\" data-id=\"7f2a51b\" data-element_type=\"column\">\n\t\t\t<div class=\"elementor-widget-wrap elementor-element-populated\">\n\t\t\t\t\t\t<div class=\"elementor-element elementor-element-07d24ca elementor-widget elementor-widget-heading\" data-id=\"07d24ca\" data-element_type=\"widget\" data-widget_type=\"heading.default\">\n\t\t\t\t<div class=\"elementor-widget-container\">\n\t\t\t\t\t<h2 class=\"elementor-heading-title elementor-size-default\">Kontakt<\/h2>\t\t\t\t<\/div>\n\t\t\t\t<\/div>\n\t\t\t\t<section class=\"elementor-section elementor-inner-section elementor-element elementor-element-78fa7cd elementor-section-content-middle elementor-section-boxed elementor-section-height-default elementor-section-height-default wpr-particle-no wpr-jarallax-no wpr-parallax-no wpr-sticky-section-no\" data-id=\"78fa7cd\" data-element_type=\"section\">\n\t\t\t\t\t\t<div class=\"elementor-container elementor-column-gap-default\">\n\t\t\t\t\t<div class=\"elementor-column elementor-col-25 elementor-inner-column elementor-element elementor-element-2c022e5\" data-id=\"2c022e5\" data-element_type=\"column\">\n\t\t\t<div class=\"elementor-widget-wrap\">\n\t\t\t\t\t\t\t<\/div>\n\t\t<\/div>\n\t\t\t\t<div class=\"elementor-column elementor-col-25 elementor-inner-column elementor-element elementor-element-8c9ee9a\" data-id=\"8c9ee9a\" data-element_type=\"column\">\n\t\t\t<div class=\"elementor-widget-wrap elementor-element-populated\">\n\t\t\t\t\t\t<div class=\"elementor-element elementor-element-94487d4 elementor-align-justify elementor-widget elementor-widget-button\" data-id=\"94487d4\" data-element_type=\"widget\" data-widget_type=\"button.default\">\n\t\t\t\t<div class=\"elementor-widget-container\">\n\t\t\t\t\t\t\t\t\t<div class=\"elementor-button-wrapper\">\n\t\t\t\t\t<a class=\"elementor-button elementor-button-link elementor-size-sm\" href=\"https:\/\/hire-a-hacker.io\/pl\/\">\n\t\t\t\t\t\t<span class=\"elementor-button-content-wrapper\">\n\t\t\t\t\t\t\t\t\t<span class=\"elementor-button-text\">Strona g\u0142\u00f3wna<\/span>\n\t\t\t\t\t<\/span>\n\t\t\t\t\t<\/a>\n\t\t\t\t<\/div>\n\t\t\t\t\t\t\t\t<\/div>\n\t\t\t\t<\/div>\n\t\t\t\t\t<\/div>\n\t\t<\/div>\n\t\t\t\t<div class=\"elementor-column elementor-col-25 elementor-inner-column elementor-element elementor-element-95c0186\" data-id=\"95c0186\" data-element_type=\"column\">\n\t\t\t<div class=\"elementor-widget-wrap elementor-element-populated\">\n\t\t\t\t\t\t<div class=\"elementor-element elementor-element-8e0b861 elementor-align-justify elementor-widget elementor-widget-button\" data-id=\"8e0b861\" data-element_type=\"widget\" data-widget_type=\"button.default\">\n\t\t\t\t<div class=\"elementor-widget-container\">\n\t\t\t\t\t\t\t\t\t<div class=\"elementor-button-wrapper\">\n\t\t\t\t\t<a class=\"elementor-button elementor-button-link elementor-size-sm\" href=\"https:\/\/hire-a-hacker.io\/pl\/haker-do-wynajecia\/\">\n\t\t\t\t\t\t<span class=\"elementor-button-content-wrapper\">\n\t\t\t\t\t\t\t\t\t<span class=\"elementor-button-text\">Kontakt<\/span>\n\t\t\t\t\t<\/span>\n\t\t\t\t\t<\/a>\n\t\t\t\t<\/div>\n\t\t\t\t\t\t\t\t<\/div>\n\t\t\t\t<\/div>\n\t\t\t\t\t<\/div>\n\t\t<\/div>\n\t\t\t\t<div class=\"elementor-column elementor-col-25 elementor-inner-column elementor-element elementor-element-a8bfd36\" data-id=\"a8bfd36\" data-element_type=\"column\">\n\t\t\t<div class=\"elementor-widget-wrap\">\n\t\t\t\t\t\t\t<\/div>\n\t\t<\/div>\n\t\t\t\t\t<\/div>\n\t\t<\/section>\n\t\t\t\t\t<\/div>\n\t\t<\/div>\n\t\t\t\t\t<\/div>\n\t\t<\/section>\n\t\t<div class=\"elementor-element elementor-element-09e073e e-flex e-con-boxed wpr-particle-no wpr-jarallax-no wpr-parallax-no wpr-sticky-section-no e-con e-parent\" data-id=\"09e073e\" data-element_type=\"container\">\n\t\t\t\t\t<div class=\"e-con-inner\">\n\t\t<div class=\"elementor-element elementor-element-47c8d98 e-con-full e-flex wpr-particle-no wpr-jarallax-no wpr-parallax-no wpr-sticky-section-no e-con e-child\" data-id=\"47c8d98\" data-element_type=\"container\">\n\t\t\t\t<\/div>\n\t\t<div class=\"elementor-element elementor-element-fde2f79 e-con-full e-flex wpr-particle-no wpr-jarallax-no wpr-parallax-no wpr-sticky-section-no e-con e-child\" data-id=\"fde2f79\" data-element_type=\"container\" data-settings=\"{&quot;background_background&quot;:&quot;classic&quot;}\">\n\t\t\t\t<div class=\"elementor-element elementor-element-809d3bd elementor-view-default elementor-widget elementor-widget-icon\" data-id=\"809d3bd\" data-element_type=\"widget\" data-widget_type=\"icon.default\">\n\t\t\t\t<div class=\"elementor-widget-container\">\n\t\t\t\t\t\t\t<div class=\"elementor-icon-wrapper\">\n\t\t\t<div class=\"elementor-icon\">\n\t\t\t<svg aria-hidden=\"true\" class=\"e-font-icon-svg e-far-address-card\" viewbox=\"0 0 576 512\" xmlns=\"http:\/\/www.w3.org\/2000\/svg\"><path d=\"M528 32H48C21.5 32 0 53.5 0 80v352c0 26.5 21.5 48 48 48h480c26.5 0 48-21.5 48-48V80c0-26.5-21.5-48-48-48zm0 400H48V80h480v352zM208 256c35.3 0 64-28.7 64-64s-28.7-64-64-64-64 28.7-64 64 28.7 64 64 64zm-89.6 128h179.2c12.4 0 22.4-8.6 22.4-19.2v-19.2c0-31.8-30.1-57.6-67.2-57.6-10.8 0-18.7 8-44.8 8-26.9 0-33.4-8-44.8-8-37.1 0-67.2 25.8-67.2 57.6v19.2c0 10.6 10 19.2 22.4 19.2zM360 320h112c4.4 0 8-3.6 8-8v-16c0-4.4-3.6-8-8-8H360c-4.4 0-8 3.6-8 8v16c0 4.4 3.6 8 8 8zm0-64h112c4.4 0 8-3.6 8-8v-16c0-4.4-3.6-8-8-8H360c-4.4 0-8 3.6-8 8v16c0 4.4 3.6 8 8 8zm0-64h112c4.4 0 8-3.6 8-8v-16c0-4.4-3.6-8-8-8H360c-4.4 0-8 3.6-8 8v16c0 4.4 3.6 8 8 8z\"><\/path><\/svg>\t\t\t<\/div>\n\t\t<\/div>\n\t\t\t\t\t\t<\/div>\n\t\t\t\t<\/div>\n\t\t\t\t<div class=\"elementor-element elementor-element-11ef786 elementor-align-center elementor-icon-list--layout-traditional elementor-list-item-link-full_width elementor-widget elementor-widget-icon-list\" data-id=\"11ef786\" data-element_type=\"widget\" data-widget_type=\"icon-list.default\">\n\t\t\t\t<div class=\"elementor-widget-container\">\n\t\t\t\t\t\t\t<ul class=\"elementor-icon-list-items\">\n\t\t\t\t\t\t\t<li class=\"elementor-icon-list-item\">\n\t\t\t\t\t\t\t\t\t\t\t<span class=\"elementor-icon-list-icon\">\n\t\t\t\t\t\t\t<i aria-hidden=\"true\" class=\"icon icon-email\"><\/i>\t\t\t\t\t\t<\/span>\n\t\t\t\t\t\t\t\t\t\t<span class=\"elementor-icon-list-text\">Email:H9fmt72@proton.me<\/span>\n\t\t\t\t\t\t\t\t\t<\/li>\n\t\t\t\t\t\t<\/ul>\n\t\t\t\t\t\t<\/div>\n\t\t\t\t<\/div>\n\t\t\t\t<\/div>\n\t\t<div class=\"elementor-element elementor-element-6bcb23a e-con-full e-flex wpr-particle-no wpr-jarallax-no wpr-parallax-no wpr-sticky-section-no e-con e-child\" data-id=\"6bcb23a\" data-element_type=\"container\">\n\t\t\t\t<\/div>\n\t\t\t\t\t<\/div>\n\t\t\t\t<\/div>\n\t\t<div class=\"elementor-element elementor-element-9a1ba74 e-flex e-con-boxed wpr-particle-no wpr-jarallax-no wpr-parallax-no wpr-sticky-section-no e-con e-parent\" data-id=\"9a1ba74\" data-element_type=\"container\">\n\t\t\t\t\t<div class=\"e-con-inner\">\n\t\t\t\t<div class=\"elementor-element elementor-element-14fa030 elementor-widget elementor-widget-text-editor\" data-id=\"14fa030\" data-element_type=\"widget\" data-widget_type=\"text-editor.default\">\n\t\t\t\t<div class=\"elementor-widget-container\">\n\t\t\t\t\t\t\t\t\t<h2>Haker do wynaj\u0119cia<\/h2><p>Haker do wynaj\u0119cia dost\u0119pny 24\/7. Zapewniamy szeroki zakres us\u0142ug hakerskich i prywatnych us\u0142ug detektywistycznych<\/p><p>\u015awiadczymy profesjonalne us\u0142ugi hakerskie, dochodzenia cyfrowe i prywatne us\u0142ugi detektywistyczne dostosowane do Twoich potrzeb i zapotrzebowania na us\u0142ugi. Zapewniamy niezawodne rozwi\u0105zania z solidnymi, konkretnymi wynikami. Wysoce bezpieczne, dyskretne i poufne us\u0142ugi.<\/p><h4 class=\"has-medium-font-size\"><strong>Wynajem us\u0142ug hakerskich online dla cyfrowych us\u0142ug dochodzeniowych<\/strong><\/h4><p class=\"has-medium-font-size\">Informatyka \u015bledcza<br \/>Mobilna medycyna s\u0105dowa<br \/>Odzyskiwanie danych po ataku ransomware<br \/>Kradzie\u017c IP<br \/>Windows<\/p><p class=\"has-medium-font-size\"><strong>Wynajem<\/strong>\u00a0<strong>Us\u0142ugi hakerskie online dla cyfrowych us\u0142ug dochodzeniowych<\/strong><\/p><p class=\"has-medium-font-size\">Naruszenie ochrony danych<br \/>\u2606 Znajd\u017a zaginion\u0105 osob\u0119<br \/>Wykrywanie oprogramowania szpieguj\u0105cego<br \/>Oszustwo bankowe<br \/>Cyberbezpiecze\u0144stwo<\/p><p class=\"has-medium-font-size\"><strong>Wynajem us\u0142ug hakerskich online dla cyfrowych us\u0142ug dochodzeniowych<\/strong><\/p><p class=\"has-medium-font-size\">Kradzie\u017c to\u017csamo\u015bci online<br \/>Us\u0142ugi test\u00f3w penetracyjnych<br \/>Atak ransomware<br \/>Monitorowanie medi\u00f3w spo\u0142eczno\u015bciowych<br \/>Rozw\u00f3d<\/p><p class=\"has-medium-font-size\"><strong>Wynajem us\u0142ug hakerskich online dla cyfrowych us\u0142ug dochodzeniowych<\/strong><\/p><p class=\"has-medium-font-size\">\u2606 Opieka nad dzieckiem<br \/>Dochodzenia w sprawie niewierno\u015bci<br \/>Rozwi\u0105zania dotycz\u0105ce prze\u015bladowania<br \/>\u015aledzenie i nadzorowanie lokalizacji<br \/>Rozwi\u0105zania do szanta\u017cu i inne us\u0142ugi<\/p><h4 class=\"has-medium-font-size\"><strong>Wynajem us\u0142ug hakerskich online na telefon kom\u00f3rkowy<\/strong><\/h4><p class=\"has-medium-font-size\">Android Mobile<br \/>iPhone<br \/>Tablet Phone<br \/>Blackberry<br \/>Windows<\/p><h4 class=\"has-medium-font-size\"><strong>Wynajem us\u0142ug hakerskich online dla stron internetowych<\/strong><\/h4><p class=\"has-medium-font-size\">Strona internetowa Html<br \/>Strona internetowa PHP<br \/>Strona internetowa .NET<br \/>Strona internetowa Java<br \/>Strona internetowa WordPress<br \/>Strona internetowa Drupal<br \/>Witryna Joomla<br \/>Strona internetowa Python<br \/>Strona internetowa Laravel<br \/>Strona internetowa woo commerce<br \/>Strona internetowa blogera<\/p><h4 class=\"has-medium-font-size\"><strong>Wynajem us\u0142ug hakerskich online dla medi\u00f3w spo\u0142eczno\u015bciowych<\/strong><\/h4><p class=\"has-medium-font-size\">Facebook<br \/>Twitter<br \/>Instagram<br \/>TikTok<br \/>Pinterest<br \/>\u2606 VK<br \/>\u2606 QQ<br \/>WeChat<br \/>Snapchat<br \/>YouTube<br \/>Reddit<br \/>WhatsApp<br \/>Telegram<br \/>Google Hangout<br \/>Zoom<br \/>Discord<br \/>Skype<\/p><h4 class=\"has-medium-font-size\"><strong>Wynajem<\/strong>\u00a0<strong>Us\u0142ugi hakerskie online dla innych us\u0142ug<\/strong><\/h4><p class=\"has-medium-font-size\">Odzyskaj zhakowane konto ML<br \/>Odzyskanie zhakowanego konta Yahoo<br \/>Odzyskanie zhakowanego konta Hotmail<br \/>Odzyskaj zhakowane konto Gmail<br \/>Odzyskaj zhakowane konto e-mail<br \/>Naprawa zdolno\u015bci kredytowej<br \/>Monitorowanie urz\u0105dze\u0144 mobilnych<br \/>Dochodzenie w sprawie zdrady\/niewierno\u015bci ma\u0142\u017conka<br \/>Zarz\u0105dzanie reputacj\u0105<br \/>Dark Web<br \/>Komputer stacjonarny\/laptop z systemem Windows<br \/>Komputer stacjonarny\/laptop Mac<br \/>Us\u0142ugi wyszukiwania lokalizacji<br \/>Hakowanie oprogramowania<br \/>Hakowanie aplikacji mobilnych<br \/>Aplikacje na iPhone'a<br \/>Aplikacje Windows<br \/>Zdalny dost\u0119p do systemu<br \/>Testy penetracyjne<br \/>Us\u0142uga usuwania mugshot\u00f3w<br \/>Usuwanie pornografii z zemsty \/ nagich zdj\u0119\u0107 \/ nagich film\u00f3w wideo<br \/>Usuwanie rekord\u00f3w prawa jazdy<br \/>Keylogger<br \/>Dzienniki po\u0142\u0105cze\u0144<br \/>SMS<br \/>Egzamin online<br \/>\u2606 Odwr\u00f3cenie transakcji kryptowalutowych<br \/>Zmiana stopnia<br \/>\u2606 Wydobywanie kryptowalut<br \/>Odzyskiwanie \u015brodk\u00f3w z oszustw zwi\u0105zanych z Bitcoinami<br \/>Odzyskiwanie oszustw zwi\u0105zanych z kryptowalutami (Ethereum, Tether, Binance Coin, Cardano, Dogecoin)<br \/>Us\u0142uga sprawdzania przesz\u0142o\u015bci<br \/>Roblox Hack<br \/>\u2606 Wydobywanie bitcoin\u00f3w<br \/>Blockchain Hacking<br \/>Us\u0142ugi antyhakerskie<br \/>Ratunek przed cyberprzemoc\u0105<br \/>Odzyskiwanie \u015brodk\u00f3w z oszustw bankowych<br \/>Odzyskiwanie nale\u017cno\u015bci z tytu\u0142u oszustw zwi\u0105zanych z kredytami hipotecznymi<br \/>iCloud Hack<br \/>Google Cloud Hack<br \/>Zdj\u0119cia Google<br \/>Usuwanie danych z rejestr\u00f3w karnych<br \/>Wynaj\u0119cie hakera do ataku DDOS<br \/>\u2606 Odzyskiwanie opcji binarnych<br \/>Atak typu Man In The Middle (MITM)<br \/>\u2606 Hakowanie hase\u0142 WIFI<br \/>Odzyskaj utracone has\u0142o<br \/>Subskrybenci YouTube<br \/>Us\u0142ugi szpiegowania telefonu<br \/>Hakowanie baz danych i nie tylko<\/p>\t\t\t\t\t\t\t\t<\/div>\n\t\t\t\t<\/div>\n\t\t\t\t\t<\/div>\n\t\t\t\t<\/div>\n\t\t<div class=\"elementor-element elementor-element-333bb79 e-grid e-con-boxed wpr-particle-no wpr-jarallax-no wpr-parallax-no wpr-sticky-section-no e-con e-parent\" data-id=\"333bb79\" data-element_type=\"container\">\n\t\t\t\t\t<div class=\"e-con-inner\">\n\t\t\t\t<div class=\"elementor-element elementor-element-0d19dca elementor-widget elementor-widget-image\" data-id=\"0d19dca\" data-element_type=\"widget\" data-widget_type=\"image.default\">\n\t\t\t\t<div class=\"elementor-widget-container\">\n\t\t\t\t\t\t\t\t\t\t\t\t\t\t\t<img fetchpriority=\"high\" decoding=\"async\" width=\"500\" height=\"500\" src=\"https:\/\/hire-a-hacker.io\/wp-content\/uploads\/2025\/09\/100-percent-guarantee.png\" class=\"attachment-large size-large wp-image-1106\" alt=\"Haker do wynaj\u0119cia\" srcset=\"https:\/\/hire-a-hacker.io\/wp-content\/uploads\/2025\/09\/100-percent-guarantee.png 500w, https:\/\/hire-a-hacker.io\/wp-content\/uploads\/2025\/09\/100-percent-guarantee-300x300.png 300w, https:\/\/hire-a-hacker.io\/wp-content\/uploads\/2025\/09\/100-percent-guarantee-150x150.png 150w\" sizes=\"(max-width: 500px) 100vw, 500px\" \/>\t\t\t\t\t\t\t\t\t\t\t\t\t\t\t<\/div>\n\t\t\t\t<\/div>\n\t\t\t\t<div class=\"elementor-element elementor-element-5a8b575 elementor-widget elementor-widget-image\" data-id=\"5a8b575\" data-element_type=\"widget\" data-widget_type=\"image.default\">\n\t\t\t\t<div class=\"elementor-widget-container\">\n\t\t\t\t\t\t\t\t\t\t\t\t\t\t\t<img decoding=\"async\" width=\"578\" height=\"431\" src=\"https:\/\/hire-a-hacker.io\/wp-content\/uploads\/2025\/09\/g.png\" class=\"attachment-large size-large wp-image-1107\" alt=\"Prywatne us\u0142ugi detektywistyczne online\" srcset=\"https:\/\/hire-a-hacker.io\/wp-content\/uploads\/2025\/09\/g.png 578w, https:\/\/hire-a-hacker.io\/wp-content\/uploads\/2025\/09\/g-300x224.png 300w\" sizes=\"(max-width: 578px) 100vw, 578px\" \/>\t\t\t\t\t\t\t\t\t\t\t\t\t\t\t<\/div>\n\t\t\t\t<\/div>\n\t\t\t\t<div class=\"elementor-element elementor-element-932b9ed elementor-widget elementor-widget-image\" data-id=\"932b9ed\" data-element_type=\"widget\" data-widget_type=\"image.default\">\n\t\t\t\t<div class=\"elementor-widget-container\">\n\t\t\t\t\t\t\t\t\t\t\t\t\t\t\t<img decoding=\"async\" width=\"512\" height=\"487\" src=\"https:\/\/hire-a-hacker.io\/wp-content\/uploads\/2025\/09\/verfied-removebg-preview.png\" class=\"attachment-large size-large wp-image-1109\" alt=\"Wynajem us\u0142ug hakerskich online dla medi\u00f3w spo\u0142eczno\u015bciowych\" srcset=\"https:\/\/hire-a-hacker.io\/wp-content\/uploads\/2025\/09\/verfied-removebg-preview.png 512w, https:\/\/hire-a-hacker.io\/wp-content\/uploads\/2025\/09\/verfied-removebg-preview-300x285.png 300w\" sizes=\"(max-width: 512px) 100vw, 512px\" \/>\t\t\t\t\t\t\t\t\t\t\t\t\t\t\t<\/div>\n\t\t\t\t<\/div>\n\t\t\t\t\t<\/div>\n\t\t\t\t<\/div>\n\t\t<div class=\"elementor-element elementor-element-8e0deac e-flex e-con-boxed wpr-particle-no wpr-jarallax-no wpr-parallax-no wpr-sticky-section-no e-con e-parent\" data-id=\"8e0deac\" data-element_type=\"container\">\n\t\t\t\t\t<div class=\"e-con-inner\">\n\t\t\t\t<div class=\"elementor-element elementor-element-4619b47 elementor-widget elementor-widget-text-editor\" data-id=\"4619b47\" data-element_type=\"widget\" data-widget_type=\"text-editor.default\">\n\t\t\t\t<div class=\"elementor-widget-container\">\n\t\t\t\t\t\t\t\t\t<div class=\"wp-block-uagb-advanced-heading uagb-block-3d32555e\"><h3 class=\"uagb-heading-text\">I<strong>Czy bezpiecznie jest wynaj\u0105\u0107 us\u0142ugi hakerskie | Prywatne us\u0142ugi detektywistyczne online?<\/strong><\/h3><p>Opinie naszych klient\u00f3w m\u00f3wi\u0105 wszystko o satysfakcjonuj\u0105cej pracy. Szukasz us\u0142ug hakerskich | Private Investigation Services Online w pobli\u017cu?<br \/>Daj nam tylko jedn\u0105 szans\u0119, aby udowodni\u0107, co potrafi\u0105 nasi hakerzy lub prywatni detektywi. Otrzymasz pe\u0142n\u0105 warto\u015b\u0107 swoich pieni\u0119dzy wraz z wynikami.<br \/>A je\u015bli martwisz si\u0119 o prywatno\u015b\u0107 lub bezpiecze\u0144stwo, nie martw si\u0119, Twoje dane i to\u017csamo\u015b\u0107 s\u0105 bezpieczne 100%. Wynajmij hakera online.<br \/>90% os\u00f3b, kt\u00f3re szukaj\u0105 <a href=\"https:\/\/hire-a-hacker.io\/pl\/\">us\u0142ugi hakerskie<\/a> lub prywatnych us\u0142ug detektywistycznych, kiedy z nami rozmawiaj\u0105. Ich g\u0142\u00f3wnym zmartwieniem jest to, \"czy wynaj\u0119cie hakera lub prywatnego detektywa online jest bezpieczne\". Haker do wynaj\u0119cia online.<br \/>Ka\u017cdy musi martwi\u0107 si\u0119 o prywatno\u015b\u0107 i mamy to na my\u015bli. Wi\u0119c nie martw si\u0119, bezpiecznie jest wynaj\u0105\u0107 us\u0142ugi hakerskie z naszym profesjonalnym hakerem i prywatnym detektywem online<a href=\"https:\/\/duckduckgo.com\/\" target=\"_blank\" rel=\"noopener\">.<\/a>Wynajmij profesjonalnego hakera online bezpiecznie.<\/p><h3>Wynajem hakera<\/h3><p>W Hire A Hacker oferujemy now\u0105 us\u0142ug\u0119 o nazwie Hackers for Hire. Firmy, instytucje i osoby prywatne, kt\u00f3re potrzebuj\u0105 pomocy dobrze wyszkolonego i certyfikowanego hakera, mog\u0105 zg\u0142osi\u0107 si\u0119 do nas, a my znajdziemy odpowiedniego hakera do tego zadania.<\/p><p>Dzi\u0119ki cz\u0142onkom naszej spo\u0142eczno\u015bci pochodz\u0105cym z ka\u017cdego kraju na ziemi, mo\u017cemy przypisa\u0107 kogo\u015b lokalnego do prawie ka\u017cdego zadania.<\/p><p>Hakerzy s\u0105 dost\u0119pni do wynaj\u0119cia;<\/p><ul><li>cyfrowa analiza kryminalistyczna w celu ustalenia, kto i w jaki spos\u00f3b dokona\u0142 w\u0142amania;<\/li><li>ustali\u0107, czy jeste\u015b prze\u015bladowany cyfrowo;<\/li><li>znale\u017a\u0107 \u017ar\u00f3d\u0142o n\u0119kania i zastraszania w sieci;<\/li><li>prywatne dochodzenia;<\/li><li>testowanie podatno\u015bci sieci;<\/li><li>testy penetracyjne;<\/li><li>testy podatno\u015bci stron internetowych i testy penetracyjne;<\/li><li>znajdowanie \"zagubionych\" ludzi;<\/li><li>znalezienie podstawowych informacji o danej osobie;<\/li><li>zalecanie \u015brodk\u00f3w bezpiecze\u0144stwa informacji;<\/li><li>testowanie zap\u00f3r sieciowych i system\u00f3w IDS;<\/li><li>i niemal ka\u017cde zadanie zwi\u0105zane z bezpiecze\u0144stwem informacji.<\/li><\/ul><\/div>\t\t\t\t\t\t\t\t<\/div>\n\t\t\t\t<\/div>\n\t\t\t\t\t<\/div>\n\t\t\t\t<\/div>\n\t\t\t\t<\/div>","protected":false},"excerpt":{"rendered":"<p>Contact Home Contact Email:H9fmt72@proton.me Hacker For Hire Hacker for hire service available 24\/7. We provide a wide range of Hacker Services\u200b and Private Investigation Solution Services We Provide Professional Hacking Services | Digital Investigations and Private Investigation Solution Services Tailored to Suits your Need and Service Request. We Provide Reliable Solutions With Solid Concrete Result. Highly Secured Discreet and Confidential Services. Hire a Hacker Services Online For Digital Investigation Services \u2606 Computer Forensics\u2606 Mobile Forensics\u2606 Ransomware Recovery\u2606 IP Theft\u2606 Windows Hire\u00a0a Hacker Services Online For Digital Investigation Services \u2606 Data Breach\u2606 Find Missing Person\u2606 Spyware Detection\u2606 Wire Fraud\u2606 Cybersecurity Hire\u00a0a Hacker Services Online For Digital Investigation Services \u2606 Online Identity Theft\u2606 Penetration Testing Services\u2606 Ransomware Attack\u2606 Social Media Monitoring\u2606 Divorce Hire\u00a0a Hacker Services Online For Digital Investigation Services \u2606 Child Custody\u2606 Infidelity Investigations\u2606 Stalking Solutions\u2606 Locations Tracking and Surveillance\u2606 Blackmail Solutions and More Services Hire\u00a0a Hacker Services Online For Mobile Phone \u2606 Android Mobile\u2606 iPhone\u2606 Tablet Phone\u2606 Blackberry\u2606 Windows Hire\u00a0a Hacker Services Online\u00a0For Websites \u2606 Html Website\u2606 PHP Website\u2606 .NET Website\u2606 Java Website\u2606 WordPress Website\u2606 Drupal Website\u2606 Joomla Website\u2606 Python Website\u2606 Laravel Website\u2606 Woo commerce Website\u2606 Blogger Website Hire\u00a0a Hacker Services Online\u00a0For Social Media \u2606 Facebook\u2606 Twitter\u2606 Instagram\u2606 TikTok\u2606 Pinterest\u2606 VK\u2606 QQ\u2606 WeChat\u2606 Snapchat\u2606 YouTube\u2606 Reddit\u2606 WhatsApp\u2606 Telegram\u2606 Google Hangout\u2606 Zoom\u2606 Discord\u2606 Skype Hire\u00a0a Hacker Services Online\u00a0For Other Services \u2606 Retrieve Hacked ML Account\u2606 Retrieve Hacked Yahoo Account\u2606 Retrieve Hacked Hotmail Account\u2606 Retrieve Hacked Gmail Account\u2606 Retrieve Hacked email Account\u2606 Credit Score Fix\u2606 Mobile Monitoring\u2606 Spouse Cheating\/infidelity Investigation\u2606 Reputation Management\u2606 Dark Web\u2606 Windows Desktop\/Laptop\u2606 Mac Desktop\/Laptop\u2606 Location Finding Services\u2606 Software Hacking\u2606 Mobile App Hacking\u2606 iPhone Apps\u2606 Windows Apps\u2606 Remote Access Of System\u2606 Penetration Testing\u2606 Mugshot Removal Service\u2606 Revenge Porn \/ Nude Pics \/ Nude Videos Removal\u2606 Driving License Records Removal\u2606 Keylogger\u2606 Call Logs\u2606 Text SMS\u2606 Online Exam\u2606 Cryptocurrency Transaction Reversal\u2606 Grade Change\u2606 Cryptocurrency Mining\u2606 Bitcoin Fraud Recovery\u2606 Cryptocurrency Fraud Recovery (Ethereum, Tether, Binance Coin, Cardano, Dogecoin)\u2606 Background Check Service\u2606 Roblox Hack\u2606 Bitcoin Mining\u2606 Blockchain Hacking\u2606 Anti Hack Services\u2606 Rescue From Cyber Bullying\u2606 Bank Fraud Scam Recovery\u2606 Mortgage Loan Fraud Recovery\u2606 iCloud Hack\u2606 Google Cloud Hack\u2606 Google Photos\u2606 Expunge Criminal Records\u2606 Hire A Hacker For DDOS Attack\u2606 Binary Option Recovery\u2606 Man In The Middle Attack (MITM)\u2606 WIFI Password Hacking\u2606 Retrieve Lost Password\u2606 YouTube Subscribers\u2606 Phone Spy Services\u2606 Database Hacking and More Is It Safe to Hire a Hacker Services | Private Investigation Services Online? Our client\u2019s testimonials say all about satisfactory work. Are you looking for some hacking Services | Private Investigation Services Online nearby?Just give us a single chance to prove our hacker\u2019s or private investigators ability what they can do. You will get the full worth of your money with results.And if you are worried about privacy or safety, then don\u2019t worry your data and your identity is 100% safe. Rent a hacker online.90% of people who are seeking hacking services or private investigation services, when they chat with us. Their one main concern is, \u201cis it safe to hire a hacker or private investigator online\u201d. Hacker For Hire online.Everybody has to worried about privacy, and we mean it. So don\u2019t worry it is safe to hire hacking services with our professional hacker and private investigator online.\u200b Rent a Professional hacker online safely. Rent A Hacker At Hire A Hacker, we are offering a new service called Hackers for Hire. Companies, institutions and individuals who need the assistance of a well-trained and certified hacker can come here and we will find you the right hacker for the job. With members of our community from every nation on the face of the earth, we can assign someone local to nearly every job. Hackers are available for hire to; digital forensic analysis to determine who and how they hacked you; determine if you are being digitally stalked; find the source of cyber harassment and bullying; private investigations; network vulnerability testing; penetration testing; web site vulnerability and penetration testing; finding \u201clost\u201d people; finding background information about an individual; recommending information security measures; firewall and IDS testing; and nearly any information security related task.<\/p>","protected":false},"author":1,"featured_media":0,"parent":0,"menu_order":0,"comment_status":"closed","ping_status":"closed","template":"elementor_header_footer","meta":{"_glsr_average":0,"_glsr_ranking":0,"_glsr_reviews":0,"footnotes":""},"class_list":["post-166","page","type-page","status-publish","hentry"],"_links":{"self":[{"href":"https:\/\/hire-a-hacker.io\/pl\/wp-json\/wp\/v2\/pages\/166","targetHints":{"allow":["GET"]}}],"collection":[{"href":"https:\/\/hire-a-hacker.io\/pl\/wp-json\/wp\/v2\/pages"}],"about":[{"href":"https:\/\/hire-a-hacker.io\/pl\/wp-json\/wp\/v2\/types\/page"}],"author":[{"embeddable":true,"href":"https:\/\/hire-a-hacker.io\/pl\/wp-json\/wp\/v2\/users\/1"}],"replies":[{"embeddable":true,"href":"https:\/\/hire-a-hacker.io\/pl\/wp-json\/wp\/v2\/comments?post=166"}],"version-history":[{"count":28,"href":"https:\/\/hire-a-hacker.io\/pl\/wp-json\/wp\/v2\/pages\/166\/revisions"}],"predecessor-version":[{"id":1682,"href":"https:\/\/hire-a-hacker.io\/pl\/wp-json\/wp\/v2\/pages\/166\/revisions\/1682"}],"wp:attachment":[{"href":"https:\/\/hire-a-hacker.io\/pl\/wp-json\/wp\/v2\/media?parent=166"}],"curies":[{"name":"wp","href":"https:\/\/api.w.org\/{rel}","templated":true}]}}