{"id":166,"date":"2023-12-01T12:26:45","date_gmt":"2023-12-01T12:26:45","guid":{"rendered":"https:\/\/hireahackerservice.com\/?page_id=166"},"modified":"2025-11-16T11:28:30","modified_gmt":"2025-11-16T11:28:30","slug":"pirate-informatique-a-la-solde","status":"publish","type":"page","link":"https:\/\/hire-a-hacker.io\/fr\/pirate-informatique-a-la-solde\/","title":{"rendered":"Nous contacter"},"content":{"rendered":"<div data-elementor-type=\"wp-page\" data-elementor-id=\"166\" class=\"elementor elementor-166\">\n\t\t\t\t\t\t<section class=\"elementor-section elementor-top-section elementor-element elementor-element-6cb2e87 elementor-section-full_width elementor-section-height-default elementor-section-height-default wpr-particle-no wpr-jarallax-no wpr-parallax-no wpr-sticky-section-no\" data-id=\"6cb2e87\" data-element_type=\"section\" data-settings=\"{&quot;background_background&quot;:&quot;classic&quot;}\">\n\t\t\t\t\t\t\t<div class=\"elementor-background-overlay\"><\/div>\n\t\t\t\t\t\t\t<div class=\"elementor-container elementor-column-gap-default\">\n\t\t\t\t\t<div class=\"elementor-column elementor-col-100 elementor-top-column elementor-element elementor-element-7f2a51b\" data-id=\"7f2a51b\" data-element_type=\"column\">\n\t\t\t<div class=\"elementor-widget-wrap elementor-element-populated\">\n\t\t\t\t\t\t<div class=\"elementor-element elementor-element-07d24ca elementor-widget elementor-widget-heading\" data-id=\"07d24ca\" data-element_type=\"widget\" data-widget_type=\"heading.default\">\n\t\t\t\t<div class=\"elementor-widget-container\">\n\t\t\t\t\t<h2 class=\"elementor-heading-title elementor-size-default\">Contact<\/h2>\t\t\t\t<\/div>\n\t\t\t\t<\/div>\n\t\t\t\t<section class=\"elementor-section elementor-inner-section elementor-element elementor-element-78fa7cd elementor-section-content-middle elementor-section-boxed elementor-section-height-default elementor-section-height-default wpr-particle-no wpr-jarallax-no wpr-parallax-no wpr-sticky-section-no\" data-id=\"78fa7cd\" data-element_type=\"section\">\n\t\t\t\t\t\t<div class=\"elementor-container elementor-column-gap-default\">\n\t\t\t\t\t<div class=\"elementor-column elementor-col-25 elementor-inner-column elementor-element elementor-element-2c022e5\" data-id=\"2c022e5\" data-element_type=\"column\">\n\t\t\t<div class=\"elementor-widget-wrap\">\n\t\t\t\t\t\t\t<\/div>\n\t\t<\/div>\n\t\t\t\t<div class=\"elementor-column elementor-col-25 elementor-inner-column elementor-element elementor-element-8c9ee9a\" data-id=\"8c9ee9a\" data-element_type=\"column\">\n\t\t\t<div class=\"elementor-widget-wrap elementor-element-populated\">\n\t\t\t\t\t\t<div class=\"elementor-element elementor-element-94487d4 elementor-align-justify elementor-widget elementor-widget-button\" data-id=\"94487d4\" data-element_type=\"widget\" data-widget_type=\"button.default\">\n\t\t\t\t<div class=\"elementor-widget-container\">\n\t\t\t\t\t\t\t\t\t<div class=\"elementor-button-wrapper\">\n\t\t\t\t\t<a class=\"elementor-button elementor-button-link elementor-size-sm\" href=\"https:\/\/hire-a-hacker.io\/fr\/\">\n\t\t\t\t\t\t<span class=\"elementor-button-content-wrapper\">\n\t\t\t\t\t\t\t\t\t<span class=\"elementor-button-text\">Accueil<\/span>\n\t\t\t\t\t<\/span>\n\t\t\t\t\t<\/a>\n\t\t\t\t<\/div>\n\t\t\t\t\t\t\t\t<\/div>\n\t\t\t\t<\/div>\n\t\t\t\t\t<\/div>\n\t\t<\/div>\n\t\t\t\t<div class=\"elementor-column elementor-col-25 elementor-inner-column elementor-element elementor-element-95c0186\" data-id=\"95c0186\" data-element_type=\"column\">\n\t\t\t<div class=\"elementor-widget-wrap elementor-element-populated\">\n\t\t\t\t\t\t<div class=\"elementor-element elementor-element-8e0b861 elementor-align-justify elementor-widget elementor-widget-button\" data-id=\"8e0b861\" data-element_type=\"widget\" data-widget_type=\"button.default\">\n\t\t\t\t<div class=\"elementor-widget-container\">\n\t\t\t\t\t\t\t\t\t<div class=\"elementor-button-wrapper\">\n\t\t\t\t\t<a class=\"elementor-button elementor-button-link elementor-size-sm\" href=\"https:\/\/hire-a-hacker.io\/fr\/pirate-informatique-a-la-solde\/\">\n\t\t\t\t\t\t<span class=\"elementor-button-content-wrapper\">\n\t\t\t\t\t\t\t\t\t<span class=\"elementor-button-text\">Contact<\/span>\n\t\t\t\t\t<\/span>\n\t\t\t\t\t<\/a>\n\t\t\t\t<\/div>\n\t\t\t\t\t\t\t\t<\/div>\n\t\t\t\t<\/div>\n\t\t\t\t\t<\/div>\n\t\t<\/div>\n\t\t\t\t<div class=\"elementor-column elementor-col-25 elementor-inner-column elementor-element elementor-element-a8bfd36\" data-id=\"a8bfd36\" data-element_type=\"column\">\n\t\t\t<div class=\"elementor-widget-wrap\">\n\t\t\t\t\t\t\t<\/div>\n\t\t<\/div>\n\t\t\t\t\t<\/div>\n\t\t<\/section>\n\t\t\t\t\t<\/div>\n\t\t<\/div>\n\t\t\t\t\t<\/div>\n\t\t<\/section>\n\t\t<div class=\"elementor-element elementor-element-09e073e e-flex e-con-boxed wpr-particle-no wpr-jarallax-no wpr-parallax-no wpr-sticky-section-no e-con e-parent\" data-id=\"09e073e\" data-element_type=\"container\">\n\t\t\t\t\t<div class=\"e-con-inner\">\n\t\t<div class=\"elementor-element elementor-element-47c8d98 e-con-full e-flex wpr-particle-no wpr-jarallax-no wpr-parallax-no wpr-sticky-section-no e-con e-child\" data-id=\"47c8d98\" data-element_type=\"container\">\n\t\t\t\t<\/div>\n\t\t<div class=\"elementor-element elementor-element-fde2f79 e-con-full e-flex wpr-particle-no wpr-jarallax-no wpr-parallax-no wpr-sticky-section-no e-con e-child\" data-id=\"fde2f79\" data-element_type=\"container\" data-settings=\"{&quot;background_background&quot;:&quot;classic&quot;}\">\n\t\t\t\t<div class=\"elementor-element elementor-element-809d3bd elementor-view-default elementor-widget elementor-widget-icon\" data-id=\"809d3bd\" data-element_type=\"widget\" data-widget_type=\"icon.default\">\n\t\t\t\t<div class=\"elementor-widget-container\">\n\t\t\t\t\t\t\t<div class=\"elementor-icon-wrapper\">\n\t\t\t<div class=\"elementor-icon\">\n\t\t\t<svg aria-hidden=\"true\" class=\"e-font-icon-svg e-far-address-card\" viewbox=\"0 0 576 512\" xmlns=\"http:\/\/www.w3.org\/2000\/svg\"><path d=\"M528 32H48C21.5 32 0 53.5 0 80v352c0 26.5 21.5 48 48 48h480c26.5 0 48-21.5 48-48V80c0-26.5-21.5-48-48-48zm0 400H48V80h480v352zM208 256c35.3 0 64-28.7 64-64s-28.7-64-64-64-64 28.7-64 64 28.7 64 64 64zm-89.6 128h179.2c12.4 0 22.4-8.6 22.4-19.2v-19.2c0-31.8-30.1-57.6-67.2-57.6-10.8 0-18.7 8-44.8 8-26.9 0-33.4-8-44.8-8-37.1 0-67.2 25.8-67.2 57.6v19.2c0 10.6 10 19.2 22.4 19.2zM360 320h112c4.4 0 8-3.6 8-8v-16c0-4.4-3.6-8-8-8H360c-4.4 0-8 3.6-8 8v16c0 4.4 3.6 8 8 8zm0-64h112c4.4 0 8-3.6 8-8v-16c0-4.4-3.6-8-8-8H360c-4.4 0-8 3.6-8 8v16c0 4.4 3.6 8 8 8zm0-64h112c4.4 0 8-3.6 8-8v-16c0-4.4-3.6-8-8-8H360c-4.4 0-8 3.6-8 8v16c0 4.4 3.6 8 8 8z\"><\/path><\/svg>\t\t\t<\/div>\n\t\t<\/div>\n\t\t\t\t\t\t<\/div>\n\t\t\t\t<\/div>\n\t\t\t\t<div class=\"elementor-element elementor-element-11ef786 elementor-align-center elementor-icon-list--layout-traditional elementor-list-item-link-full_width elementor-widget elementor-widget-icon-list\" data-id=\"11ef786\" data-element_type=\"widget\" data-widget_type=\"icon-list.default\">\n\t\t\t\t<div class=\"elementor-widget-container\">\n\t\t\t\t\t\t\t<ul class=\"elementor-icon-list-items\">\n\t\t\t\t\t\t\t<li class=\"elementor-icon-list-item\">\n\t\t\t\t\t\t\t\t\t\t\t<span class=\"elementor-icon-list-icon\">\n\t\t\t\t\t\t\t<i aria-hidden=\"true\" class=\"icon icon-email\"><\/i>\t\t\t\t\t\t<\/span>\n\t\t\t\t\t\t\t\t\t\t<span class=\"elementor-icon-list-text\">Email:H9fmt72@proton.me<\/span>\n\t\t\t\t\t\t\t\t\t<\/li>\n\t\t\t\t\t\t<\/ul>\n\t\t\t\t\t\t<\/div>\n\t\t\t\t<\/div>\n\t\t\t\t<\/div>\n\t\t<div class=\"elementor-element elementor-element-6bcb23a e-con-full e-flex wpr-particle-no wpr-jarallax-no wpr-parallax-no wpr-sticky-section-no e-con e-child\" data-id=\"6bcb23a\" data-element_type=\"container\">\n\t\t\t\t<\/div>\n\t\t\t\t\t<\/div>\n\t\t\t\t<\/div>\n\t\t<div class=\"elementor-element elementor-element-9a1ba74 e-flex e-con-boxed wpr-particle-no wpr-jarallax-no wpr-parallax-no wpr-sticky-section-no e-con e-parent\" data-id=\"9a1ba74\" data-element_type=\"container\">\n\t\t\t\t\t<div class=\"e-con-inner\">\n\t\t\t\t<div class=\"elementor-element elementor-element-14fa030 elementor-widget elementor-widget-text-editor\" data-id=\"14fa030\" data-element_type=\"widget\" data-widget_type=\"text-editor.default\">\n\t\t\t\t<div class=\"elementor-widget-container\">\n\t\t\t\t\t\t\t\t\t<h2>Hacker For Hire<\/h2><p>Service de location de pirates informatiques disponible 24 heures sur 24 et 7 jours sur 7. Nous fournissons une large gamme de services de piratage et de solutions d'enqu\u00eates priv\u00e9es.<\/p><p>Nous fournissons des services professionnels de piratage, d'investigation num\u00e9rique et d'investigation priv\u00e9e adapt\u00e9s \u00e0 vos besoins et \u00e0 vos demandes de services. Nous fournissons des solutions fiables avec des r\u00e9sultats concrets et solides. Services hautement s\u00e9curis\u00e9s, discrets et confidentiels.<\/p><h4 class=\"has-medium-font-size\"><strong>Embaucher un pirate informatique en ligne pour des services d'investigation num\u00e9rique<\/strong><\/h4><p class=\"has-medium-font-size\">\u2606 Informatique l\u00e9gale<br \/>\u2606 Mobile Forensics<br \/>\u2606 R\u00e9cup\u00e9ration de Ransomware<br \/>\u2606 Vol de propri\u00e9t\u00e9 intellectuelle<br \/>\u2606 Windows<\/p><p class=\"has-medium-font-size\"><strong>Embaucher<\/strong>\u00a0<strong>a Hacker Services Online For Digital Investigation Services<\/strong><\/p><p class=\"has-medium-font-size\">\u2606 Violation de donn\u00e9es<br \/>\u2606 Trouver une personne disparue<br \/>\u2606 D\u00e9tection des logiciels espions<br \/>\u2606 Fraude \u00e9lectronique<br \/>\u2606 Cybers\u00e9curit\u00e9<\/p><p class=\"has-medium-font-size\"><strong>Embaucher un pirate informatique en ligne pour des services d'investigation num\u00e9rique<\/strong><\/p><p class=\"has-medium-font-size\">\u2606 Le vol d'identit\u00e9 en ligne<br \/>\u2606 Services de test de p\u00e9n\u00e9tration<br \/>\u2606 Attaque de ransomware<br \/>\u2606 Surveillance des m\u00e9dias sociaux<br \/>\u2606 Divorce<\/p><p class=\"has-medium-font-size\"><strong>Embaucher un pirate informatique en ligne pour des services d'investigation num\u00e9rique<\/strong><\/p><p class=\"has-medium-font-size\">\u2606 Garde d'enfants<br \/>\u2606 Enqu\u00eates sur l'infid\u00e9lit\u00e9<br \/>\u2606 Solutions contre le harc\u00e8lement<br \/>\u2606 Suivi et surveillance des lieux<br \/>\u2606 Solutions de chantage et autres services<\/p><h4 class=\"has-medium-font-size\"><strong>Engager un pirate informatique en ligne pour un t\u00e9l\u00e9phone portable<\/strong><\/h4><p class=\"has-medium-font-size\">\u2606 Android Mobile<br \/>\u2606 iPhone<br \/>\u2606 T\u00e9l\u00e9phone \u00e0 tablette<br \/>\u2606 Blackberry<br \/>\u2606 Windows<\/p><h4 class=\"has-medium-font-size\"><strong>Engager un hacker en ligne pour les sites web<\/strong><\/h4><p class=\"has-medium-font-size\">\u2606 Html Website<br \/>\u2606 Site web PHP<br \/>\u2606 Site web .NET<br \/>\u2606 Site web Java<br \/>\u2606 Site web WordPress<br \/>\u2606 Site web Drupal<br \/>\u2606 Site internet Joomla<br \/>\u2606 Site web Python<br \/>\u2606 Site web Laravel<br \/>\u2606 Site web Woo commerce<br \/>\u2606 Blogger Website<\/p><h4 class=\"has-medium-font-size\"><strong>Embaucher un hacker en ligne pour les m\u00e9dias sociaux<\/strong><\/h4><p class=\"has-medium-font-size\">\u2606 Facebook<br \/>\u2606 Twitter<br \/>\u2606 Instagram<br \/>\u2606 TikTok<br \/>\u2606 Pinterest<br \/>\u2606 VK<br \/>\u2606 QQ<br \/>\u2606 WeChat<br \/>\u2606 Snapchat<br \/>\u2606 YouTube<br \/>\u2606 Reddit<br \/>\u2606 WhatsApp<br \/>\u2606 T\u00e9l\u00e9gramme<br \/>\u2606 Google Hangout<br \/>\u2606 Zoom<br \/>\u2606 Discord<br \/>\u2606 Skype<\/p><h4 class=\"has-medium-font-size\"><strong>Embaucher<\/strong>\u00a0<strong>a Hacker Services Online For Other Services<\/strong><\/h4><p class=\"has-medium-font-size\">\u2606 R\u00e9cup\u00e9rer un compte ML pirat\u00e9<br \/>\u2606 R\u00e9cup\u00e9rer un compte Yahoo pirat\u00e9<br \/>\u2606 R\u00e9cup\u00e9rer un compte Hotmail pirat\u00e9<br \/>\u2606 R\u00e9cup\u00e9rer un compte Gmail pirat\u00e9<br \/>\u2606 R\u00e9cup\u00e9rer un compte email pirat\u00e9<br \/>\u2606 Correction du score de cr\u00e9dit<br \/>\u2606 Surveillance mobile<br \/>\u2606 Enqu\u00eate sur la tromperie et l'infid\u00e9lit\u00e9 du conjoint<br \/>\u2606 Gestion de la r\u00e9putation<br \/>\u2606 Dark Web<br \/>\u2606 Ordinateur de bureau\/portable Windows<br \/>\u2606 Mac Desktop\/Laptop<br \/>\u2606 Services de localisation<br \/>\u2606 Piratage de logiciels<br \/>\u2606 Piratage d'applications mobiles<br \/>\u2606 Applications iPhone<br \/>\u2606 Applications Windows<br \/>\u2606 Acc\u00e8s \u00e0 distance au syst\u00e8me<br \/>\u2606 Test de p\u00e9n\u00e9tration<br \/>\u2606 Service d'\u00e9limination des photos d'identit\u00e9<br \/>\u2606 Revenge Porn \/ Nude Pics \/ Nude Videos Removal<br \/>\u2606 Suppression des dossiers de permis de conduire<br \/>\u2606 Keylogger<br \/>\u2606 Journal des appels<br \/>\u2606 SMS<br \/>\u2606 Examen en ligne<br \/>\u2606 Inversion des transactions en crypto-monnaies<br \/>\u2606 Changement de classe<br \/>\u2606 Extraction de crypto-monnaies<br \/>\u2606 Recouvrement des fraudes au bitcoin<br \/>\u2606 Recouvrement des fraudes aux crypto-monnaies (Ethereum, Tether, Binance Coin, Cardano, Dogecoin)<br \/>\u2606 Service de v\u00e9rification des ant\u00e9c\u00e9dents<br \/>\u2606 Roblox Hack<br \/>\u2606 Exploitation mini\u00e8re de Bitcoin<br \/>\u2606 Le piratage de la blockchain<br \/>\u2606 Services anti-hack<br \/>\u2606 Sauver de la cyberintimidation<br \/>\u2606 Recouvrement des fraudes bancaires<br \/>\u2606 Recouvrement des fraudes sur les pr\u00eats hypoth\u00e9caires<br \/>\u2606 iCloud Hack<br \/>\u2606 Google Cloud Hack<br \/>Google Photos<br \/>\u2606 Effacer le casier judiciaire<br \/>\u2606 Engager un hacker pour une attaque DDOS<br \/>\u2606 Binary Option Recovery<br \/>\u2606 Attaque de l'homme du milieu (MITM)<br \/>\u2606 Piratage du mot de passe WIFI<br \/>\u2606 R\u00e9cup\u00e9rer un mot de passe perdu<br \/>Abonn\u00e9s YouTube<br \/>\u2606 Services d'espionnage t\u00e9l\u00e9phonique<br \/>\u2606 Piratage de bases de donn\u00e9es et autres<\/p>\t\t\t\t\t\t\t\t<\/div>\n\t\t\t\t<\/div>\n\t\t\t\t\t<\/div>\n\t\t\t\t<\/div>\n\t\t<div class=\"elementor-element elementor-element-333bb79 e-grid e-con-boxed wpr-particle-no wpr-jarallax-no wpr-parallax-no wpr-sticky-section-no e-con e-parent\" data-id=\"333bb79\" data-element_type=\"container\">\n\t\t\t\t\t<div class=\"e-con-inner\">\n\t\t\t\t<div class=\"elementor-element elementor-element-0d19dca elementor-widget elementor-widget-image\" data-id=\"0d19dca\" data-element_type=\"widget\" data-widget_type=\"image.default\">\n\t\t\t\t<div class=\"elementor-widget-container\">\n\t\t\t\t\t\t\t\t\t\t\t\t\t\t\t<img fetchpriority=\"high\" decoding=\"async\" width=\"500\" height=\"500\" src=\"https:\/\/hire-a-hacker.io\/wp-content\/uploads\/2025\/09\/100-percent-guarantee.png\" class=\"attachment-large size-large wp-image-1106\" alt=\"Hacker For Hire\" srcset=\"https:\/\/hire-a-hacker.io\/wp-content\/uploads\/2025\/09\/100-percent-guarantee.png 500w, https:\/\/hire-a-hacker.io\/wp-content\/uploads\/2025\/09\/100-percent-guarantee-300x300.png 300w, https:\/\/hire-a-hacker.io\/wp-content\/uploads\/2025\/09\/100-percent-guarantee-150x150.png 150w\" sizes=\"(max-width: 500px) 100vw, 500px\" \/>\t\t\t\t\t\t\t\t\t\t\t\t\t\t\t<\/div>\n\t\t\t\t<\/div>\n\t\t\t\t<div class=\"elementor-element elementor-element-5a8b575 elementor-widget elementor-widget-image\" data-id=\"5a8b575\" data-element_type=\"widget\" data-widget_type=\"image.default\">\n\t\t\t\t<div class=\"elementor-widget-container\">\n\t\t\t\t\t\t\t\t\t\t\t\t\t\t\t<img decoding=\"async\" width=\"578\" height=\"431\" src=\"https:\/\/hire-a-hacker.io\/wp-content\/uploads\/2025\/09\/g.png\" class=\"attachment-large size-large wp-image-1107\" alt=\"Services d&#039;enqu\u00eates priv\u00e9es en ligne\" srcset=\"https:\/\/hire-a-hacker.io\/wp-content\/uploads\/2025\/09\/g.png 578w, https:\/\/hire-a-hacker.io\/wp-content\/uploads\/2025\/09\/g-300x224.png 300w\" sizes=\"(max-width: 578px) 100vw, 578px\" \/>\t\t\t\t\t\t\t\t\t\t\t\t\t\t\t<\/div>\n\t\t\t\t<\/div>\n\t\t\t\t<div class=\"elementor-element elementor-element-932b9ed elementor-widget elementor-widget-image\" data-id=\"932b9ed\" data-element_type=\"widget\" data-widget_type=\"image.default\">\n\t\t\t\t<div class=\"elementor-widget-container\">\n\t\t\t\t\t\t\t\t\t\t\t\t\t\t\t<img decoding=\"async\" width=\"512\" height=\"487\" src=\"https:\/\/hire-a-hacker.io\/wp-content\/uploads\/2025\/09\/verfied-removebg-preview.png\" class=\"attachment-large size-large wp-image-1109\" alt=\"Embaucher un hacker en ligne pour les m\u00e9dias sociaux\" srcset=\"https:\/\/hire-a-hacker.io\/wp-content\/uploads\/2025\/09\/verfied-removebg-preview.png 512w, https:\/\/hire-a-hacker.io\/wp-content\/uploads\/2025\/09\/verfied-removebg-preview-300x285.png 300w\" sizes=\"(max-width: 512px) 100vw, 512px\" \/>\t\t\t\t\t\t\t\t\t\t\t\t\t\t\t<\/div>\n\t\t\t\t<\/div>\n\t\t\t\t\t<\/div>\n\t\t\t\t<\/div>\n\t\t<div class=\"elementor-element elementor-element-8e0deac e-flex e-con-boxed wpr-particle-no wpr-jarallax-no wpr-parallax-no wpr-sticky-section-no e-con e-parent\" data-id=\"8e0deac\" data-element_type=\"container\">\n\t\t\t\t\t<div class=\"e-con-inner\">\n\t\t\t\t<div class=\"elementor-element elementor-element-4619b47 elementor-widget elementor-widget-text-editor\" data-id=\"4619b47\" data-element_type=\"widget\" data-widget_type=\"text-editor.default\">\n\t\t\t\t<div class=\"elementor-widget-container\">\n\t\t\t\t\t\t\t\t\t<div class=\"wp-block-uagb-advanced-heading uagb-block-3d32555e\"><h3 class=\"uagb-heading-text\">I<strong>Est-il s\u00fbr d'engager un service de piratage en ligne ?<\/strong><\/h3><p>Les t\u00e9moignages de nos clients t\u00e9moignent de la qualit\u00e9 de notre travail. Vous \u00eates \u00e0 la recherche de services de piratage ou de services d'enqu\u00eates priv\u00e9es en ligne \u00e0 proximit\u00e9 ?<br \/>Donnez-nous une seule chance de prouver les capacit\u00e9s de nos hackers ou de nos d\u00e9tectives priv\u00e9s. Vous obtiendrez des r\u00e9sultats \u00e0 la hauteur de votre investissement.<br \/>Et si vous \u00eates inquiet pour votre vie priv\u00e9e ou votre s\u00e9curit\u00e9, ne vous inqui\u00e9tez pas, vos donn\u00e9es et votre identit\u00e9 sont 100% en s\u00e9curit\u00e9. Louez un hacker en ligne.<br \/>90% de personnes \u00e0 la recherche de <a href=\"https:\/\/hire-a-hacker.io\/fr\/\">services de piratage informatique<\/a> ou des services d'enqu\u00eate priv\u00e9e, lorsqu'ils discutent avec nous. Leur principale pr\u00e9occupation est de savoir s'il est s\u00fbr d'engager un hacker ou un d\u00e9tective priv\u00e9 en ligne. Hacker For Hire en ligne.<br \/>Tout le monde doit se pr\u00e9occuper de sa vie priv\u00e9e, et nous le pensons vraiment. Alors ne vous inqui\u00e9tez pas, il n'y a aucun risque \u00e0 louer des services de piratage aupr\u00e8s de nos hackers professionnels et de nos d\u00e9tectives priv\u00e9s en ligne.<a href=\"https:\/\/duckduckgo.com\/\" target=\"_blank\" rel=\"noopener\">.<\/a>Louer un hacker professionnel en ligne en toute s\u00e9curit\u00e9.<\/p><h3>Louer un hacker<\/h3><p>Chez Hire A Hacker, nous proposons un nouveau service appel\u00e9 Hackers for Hire. Les entreprises, les institutions et les particuliers qui ont besoin de l'assistance d'un hacker bien form\u00e9 et certifi\u00e9 peuvent venir ici et nous vous trouverons le hacker ad\u00e9quat pour le travail.<\/p><p>Les membres de notre communaut\u00e9 \u00e9tant originaires de tous les pays du monde, nous pouvons affecter quelqu'un de la r\u00e9gion \u00e0 presque toutes les t\u00e2ches.<\/p><p>Les pirates informatiques peuvent \u00eatre engag\u00e9s pour ;<\/p><ul><li>une analyse criminalistique num\u00e9rique pour d\u00e9terminer qui vous a pirat\u00e9 et comment ;<\/li><li>d\u00e9terminer si vous \u00eates harcel\u00e9 num\u00e9riquement ;<\/li><li>trouver la source du cyber harc\u00e8lement et de l'intimidation ;<\/li><li>les enqu\u00eates priv\u00e9es ;<\/li><li>les tests de vuln\u00e9rabilit\u00e9 des r\u00e9seaux ;<\/li><li>les tests de p\u00e9n\u00e9tration ;<\/li><li>les tests de vuln\u00e9rabilit\u00e9 et de p\u00e9n\u00e9tration des sites web ;<\/li><li>retrouver les personnes \"perdues\" ;<\/li><li>la recherche d'informations de base sur une personne ;<\/li><li>recommander des mesures de s\u00e9curit\u00e9 de l'information ;<\/li><li>les tests de pare-feu et d'IDS ;<\/li><li>et presque toutes les t\u00e2ches li\u00e9es \u00e0 la s\u00e9curit\u00e9 de l'information.<\/li><\/ul><\/div>\t\t\t\t\t\t\t\t<\/div>\n\t\t\t\t<\/div>\n\t\t\t\t\t<\/div>\n\t\t\t\t<\/div>\n\t\t\t\t<\/div>","protected":false},"excerpt":{"rendered":"<p>Contact Home Contact Email:H9fmt72@proton.me Hacker For Hire Hacker for hire service available 24\/7. We provide a wide range of Hacker Services\u200b and Private Investigation Solution Services We Provide Professional Hacking Services | Digital Investigations and Private Investigation Solution Services Tailored to Suits your Need and Service Request. We Provide Reliable Solutions With Solid Concrete Result. Highly Secured Discreet and Confidential Services. Hire a Hacker Services Online For Digital Investigation Services \u2606 Computer Forensics\u2606 Mobile Forensics\u2606 Ransomware Recovery\u2606 IP Theft\u2606 Windows Hire\u00a0a Hacker Services Online For Digital Investigation Services \u2606 Data Breach\u2606 Find Missing Person\u2606 Spyware Detection\u2606 Wire Fraud\u2606 Cybersecurity Hire\u00a0a Hacker Services Online For Digital Investigation Services \u2606 Online Identity Theft\u2606 Penetration Testing Services\u2606 Ransomware Attack\u2606 Social Media Monitoring\u2606 Divorce Hire\u00a0a Hacker Services Online For Digital Investigation Services \u2606 Child Custody\u2606 Infidelity Investigations\u2606 Stalking Solutions\u2606 Locations Tracking and Surveillance\u2606 Blackmail Solutions and More Services Hire\u00a0a Hacker Services Online For Mobile Phone \u2606 Android Mobile\u2606 iPhone\u2606 Tablet Phone\u2606 Blackberry\u2606 Windows Hire\u00a0a Hacker Services Online\u00a0For Websites \u2606 Html Website\u2606 PHP Website\u2606 .NET Website\u2606 Java Website\u2606 WordPress Website\u2606 Drupal Website\u2606 Joomla Website\u2606 Python Website\u2606 Laravel Website\u2606 Woo commerce Website\u2606 Blogger Website Hire\u00a0a Hacker Services Online\u00a0For Social Media \u2606 Facebook\u2606 Twitter\u2606 Instagram\u2606 TikTok\u2606 Pinterest\u2606 VK\u2606 QQ\u2606 WeChat\u2606 Snapchat\u2606 YouTube\u2606 Reddit\u2606 WhatsApp\u2606 Telegram\u2606 Google Hangout\u2606 Zoom\u2606 Discord\u2606 Skype Hire\u00a0a Hacker Services Online\u00a0For Other Services \u2606 Retrieve Hacked ML Account\u2606 Retrieve Hacked Yahoo Account\u2606 Retrieve Hacked Hotmail Account\u2606 Retrieve Hacked Gmail Account\u2606 Retrieve Hacked email Account\u2606 Credit Score Fix\u2606 Mobile Monitoring\u2606 Spouse Cheating\/infidelity Investigation\u2606 Reputation Management\u2606 Dark Web\u2606 Windows Desktop\/Laptop\u2606 Mac Desktop\/Laptop\u2606 Location Finding Services\u2606 Software Hacking\u2606 Mobile App Hacking\u2606 iPhone Apps\u2606 Windows Apps\u2606 Remote Access Of System\u2606 Penetration Testing\u2606 Mugshot Removal Service\u2606 Revenge Porn \/ Nude Pics \/ Nude Videos Removal\u2606 Driving License Records Removal\u2606 Keylogger\u2606 Call Logs\u2606 Text SMS\u2606 Online Exam\u2606 Cryptocurrency Transaction Reversal\u2606 Grade Change\u2606 Cryptocurrency Mining\u2606 Bitcoin Fraud Recovery\u2606 Cryptocurrency Fraud Recovery (Ethereum, Tether, Binance Coin, Cardano, Dogecoin)\u2606 Background Check Service\u2606 Roblox Hack\u2606 Bitcoin Mining\u2606 Blockchain Hacking\u2606 Anti Hack Services\u2606 Rescue From Cyber Bullying\u2606 Bank Fraud Scam Recovery\u2606 Mortgage Loan Fraud Recovery\u2606 iCloud Hack\u2606 Google Cloud Hack\u2606 Google Photos\u2606 Expunge Criminal Records\u2606 Hire A Hacker For DDOS Attack\u2606 Binary Option Recovery\u2606 Man In The Middle Attack (MITM)\u2606 WIFI Password Hacking\u2606 Retrieve Lost Password\u2606 YouTube Subscribers\u2606 Phone Spy Services\u2606 Database Hacking and More Is It Safe to Hire a Hacker Services | Private Investigation Services Online? Our client\u2019s testimonials say all about satisfactory work. Are you looking for some hacking Services | Private Investigation Services Online nearby?Just give us a single chance to prove our hacker\u2019s or private investigators ability what they can do. You will get the full worth of your money with results.And if you are worried about privacy or safety, then don\u2019t worry your data and your identity is 100% safe. Rent a hacker online.90% of people who are seeking hacking services or private investigation services, when they chat with us. Their one main concern is, \u201cis it safe to hire a hacker or private investigator online\u201d. Hacker For Hire online.Everybody has to worried about privacy, and we mean it. So don\u2019t worry it is safe to hire hacking services with our professional hacker and private investigator online.\u200b Rent a Professional hacker online safely. Rent A Hacker At Hire A Hacker, we are offering a new service called Hackers for Hire. Companies, institutions and individuals who need the assistance of a well-trained and certified hacker can come here and we will find you the right hacker for the job. With members of our community from every nation on the face of the earth, we can assign someone local to nearly every job. Hackers are available for hire to; digital forensic analysis to determine who and how they hacked you; determine if you are being digitally stalked; find the source of cyber harassment and bullying; private investigations; network vulnerability testing; penetration testing; web site vulnerability and penetration testing; finding \u201clost\u201d people; finding background information about an individual; recommending information security measures; firewall and IDS testing; and nearly any information security related task.<\/p>","protected":false},"author":1,"featured_media":0,"parent":0,"menu_order":0,"comment_status":"closed","ping_status":"closed","template":"elementor_header_footer","meta":{"_glsr_average":0,"_glsr_ranking":0,"_glsr_reviews":0,"footnotes":""},"class_list":["post-166","page","type-page","status-publish","hentry"],"_links":{"self":[{"href":"https:\/\/hire-a-hacker.io\/fr\/wp-json\/wp\/v2\/pages\/166","targetHints":{"allow":["GET"]}}],"collection":[{"href":"https:\/\/hire-a-hacker.io\/fr\/wp-json\/wp\/v2\/pages"}],"about":[{"href":"https:\/\/hire-a-hacker.io\/fr\/wp-json\/wp\/v2\/types\/page"}],"author":[{"embeddable":true,"href":"https:\/\/hire-a-hacker.io\/fr\/wp-json\/wp\/v2\/users\/1"}],"replies":[{"embeddable":true,"href":"https:\/\/hire-a-hacker.io\/fr\/wp-json\/wp\/v2\/comments?post=166"}],"version-history":[{"count":28,"href":"https:\/\/hire-a-hacker.io\/fr\/wp-json\/wp\/v2\/pages\/166\/revisions"}],"predecessor-version":[{"id":1682,"href":"https:\/\/hire-a-hacker.io\/fr\/wp-json\/wp\/v2\/pages\/166\/revisions\/1682"}],"wp:attachment":[{"href":"https:\/\/hire-a-hacker.io\/fr\/wp-json\/wp\/v2\/media?parent=166"}],"curies":[{"name":"wp","href":"https:\/\/api.w.org\/{rel}","templated":true}]}}