{"id":166,"date":"2023-12-01T12:26:45","date_gmt":"2023-12-01T12:26:45","guid":{"rendered":"https:\/\/hireahackerservice.com\/?page_id=166"},"modified":"2025-11-16T11:28:30","modified_gmt":"2025-11-16T11:28:30","slug":"hacker-zu-mieten","status":"publish","type":"page","link":"https:\/\/hire-a-hacker.io\/de\/hacker-zu-mieten\/","title":{"rendered":"Kontakt"},"content":{"rendered":"<div data-elementor-type=\"wp-page\" data-elementor-id=\"166\" class=\"elementor elementor-166\">\n\t\t\t\t\t\t<section class=\"elementor-section elementor-top-section elementor-element elementor-element-6cb2e87 elementor-section-full_width elementor-section-height-default elementor-section-height-default wpr-particle-no wpr-jarallax-no wpr-parallax-no wpr-sticky-section-no\" data-id=\"6cb2e87\" data-element_type=\"section\" data-settings=\"{&quot;background_background&quot;:&quot;classic&quot;}\">\n\t\t\t\t\t\t\t<div class=\"elementor-background-overlay\"><\/div>\n\t\t\t\t\t\t\t<div class=\"elementor-container elementor-column-gap-default\">\n\t\t\t\t\t<div class=\"elementor-column elementor-col-100 elementor-top-column elementor-element elementor-element-7f2a51b\" data-id=\"7f2a51b\" data-element_type=\"column\">\n\t\t\t<div class=\"elementor-widget-wrap elementor-element-populated\">\n\t\t\t\t\t\t<div class=\"elementor-element elementor-element-07d24ca elementor-widget elementor-widget-heading\" data-id=\"07d24ca\" data-element_type=\"widget\" data-widget_type=\"heading.default\">\n\t\t\t\t<div class=\"elementor-widget-container\">\n\t\t\t\t\t<h2 class=\"elementor-heading-title elementor-size-default\">Kontakt<\/h2>\t\t\t\t<\/div>\n\t\t\t\t<\/div>\n\t\t\t\t<section class=\"elementor-section elementor-inner-section elementor-element elementor-element-78fa7cd elementor-section-content-middle elementor-section-boxed elementor-section-height-default elementor-section-height-default wpr-particle-no wpr-jarallax-no wpr-parallax-no wpr-sticky-section-no\" data-id=\"78fa7cd\" data-element_type=\"section\">\n\t\t\t\t\t\t<div class=\"elementor-container elementor-column-gap-default\">\n\t\t\t\t\t<div class=\"elementor-column elementor-col-25 elementor-inner-column elementor-element elementor-element-2c022e5\" data-id=\"2c022e5\" data-element_type=\"column\">\n\t\t\t<div class=\"elementor-widget-wrap\">\n\t\t\t\t\t\t\t<\/div>\n\t\t<\/div>\n\t\t\t\t<div class=\"elementor-column elementor-col-25 elementor-inner-column elementor-element elementor-element-8c9ee9a\" data-id=\"8c9ee9a\" data-element_type=\"column\">\n\t\t\t<div class=\"elementor-widget-wrap elementor-element-populated\">\n\t\t\t\t\t\t<div class=\"elementor-element elementor-element-94487d4 elementor-align-justify elementor-widget elementor-widget-button\" data-id=\"94487d4\" data-element_type=\"widget\" data-widget_type=\"button.default\">\n\t\t\t\t<div class=\"elementor-widget-container\">\n\t\t\t\t\t\t\t\t\t<div class=\"elementor-button-wrapper\">\n\t\t\t\t\t<a class=\"elementor-button elementor-button-link elementor-size-sm\" href=\"https:\/\/hire-a-hacker.io\/de\/\">\n\t\t\t\t\t\t<span class=\"elementor-button-content-wrapper\">\n\t\t\t\t\t\t\t\t\t<span class=\"elementor-button-text\">Startseite<\/span>\n\t\t\t\t\t<\/span>\n\t\t\t\t\t<\/a>\n\t\t\t\t<\/div>\n\t\t\t\t\t\t\t\t<\/div>\n\t\t\t\t<\/div>\n\t\t\t\t\t<\/div>\n\t\t<\/div>\n\t\t\t\t<div class=\"elementor-column elementor-col-25 elementor-inner-column elementor-element elementor-element-95c0186\" data-id=\"95c0186\" data-element_type=\"column\">\n\t\t\t<div class=\"elementor-widget-wrap elementor-element-populated\">\n\t\t\t\t\t\t<div class=\"elementor-element elementor-element-8e0b861 elementor-align-justify elementor-widget elementor-widget-button\" data-id=\"8e0b861\" data-element_type=\"widget\" data-widget_type=\"button.default\">\n\t\t\t\t<div class=\"elementor-widget-container\">\n\t\t\t\t\t\t\t\t\t<div class=\"elementor-button-wrapper\">\n\t\t\t\t\t<a class=\"elementor-button elementor-button-link elementor-size-sm\" href=\"https:\/\/hire-a-hacker.io\/de\/hacker-zu-mieten\/\">\n\t\t\t\t\t\t<span class=\"elementor-button-content-wrapper\">\n\t\t\t\t\t\t\t\t\t<span class=\"elementor-button-text\">Kontakt<\/span>\n\t\t\t\t\t<\/span>\n\t\t\t\t\t<\/a>\n\t\t\t\t<\/div>\n\t\t\t\t\t\t\t\t<\/div>\n\t\t\t\t<\/div>\n\t\t\t\t\t<\/div>\n\t\t<\/div>\n\t\t\t\t<div class=\"elementor-column elementor-col-25 elementor-inner-column elementor-element elementor-element-a8bfd36\" data-id=\"a8bfd36\" data-element_type=\"column\">\n\t\t\t<div class=\"elementor-widget-wrap\">\n\t\t\t\t\t\t\t<\/div>\n\t\t<\/div>\n\t\t\t\t\t<\/div>\n\t\t<\/section>\n\t\t\t\t\t<\/div>\n\t\t<\/div>\n\t\t\t\t\t<\/div>\n\t\t<\/section>\n\t\t<div class=\"elementor-element elementor-element-09e073e e-flex e-con-boxed wpr-particle-no wpr-jarallax-no wpr-parallax-no wpr-sticky-section-no e-con e-parent\" data-id=\"09e073e\" data-element_type=\"container\">\n\t\t\t\t\t<div class=\"e-con-inner\">\n\t\t<div class=\"elementor-element elementor-element-47c8d98 e-con-full e-flex wpr-particle-no wpr-jarallax-no wpr-parallax-no wpr-sticky-section-no e-con e-child\" data-id=\"47c8d98\" data-element_type=\"container\">\n\t\t\t\t<\/div>\n\t\t<div class=\"elementor-element elementor-element-fde2f79 e-con-full e-flex wpr-particle-no wpr-jarallax-no wpr-parallax-no wpr-sticky-section-no e-con e-child\" data-id=\"fde2f79\" data-element_type=\"container\" data-settings=\"{&quot;background_background&quot;:&quot;classic&quot;}\">\n\t\t\t\t<div class=\"elementor-element elementor-element-809d3bd elementor-view-default elementor-widget elementor-widget-icon\" data-id=\"809d3bd\" data-element_type=\"widget\" data-widget_type=\"icon.default\">\n\t\t\t\t<div class=\"elementor-widget-container\">\n\t\t\t\t\t\t\t<div class=\"elementor-icon-wrapper\">\n\t\t\t<div class=\"elementor-icon\">\n\t\t\t<svg aria-hidden=\"true\" class=\"e-font-icon-svg e-far-address-card\" viewbox=\"0 0 576 512\" xmlns=\"http:\/\/www.w3.org\/2000\/svg\"><path d=\"M528 32H48C21.5 32 0 53.5 0 80v352c0 26.5 21.5 48 48 48h480c26.5 0 48-21.5 48-48V80c0-26.5-21.5-48-48-48zm0 400H48V80h480v352zM208 256c35.3 0 64-28.7 64-64s-28.7-64-64-64-64 28.7-64 64 28.7 64 64 64zm-89.6 128h179.2c12.4 0 22.4-8.6 22.4-19.2v-19.2c0-31.8-30.1-57.6-67.2-57.6-10.8 0-18.7 8-44.8 8-26.9 0-33.4-8-44.8-8-37.1 0-67.2 25.8-67.2 57.6v19.2c0 10.6 10 19.2 22.4 19.2zM360 320h112c4.4 0 8-3.6 8-8v-16c0-4.4-3.6-8-8-8H360c-4.4 0-8 3.6-8 8v16c0 4.4 3.6 8 8 8zm0-64h112c4.4 0 8-3.6 8-8v-16c0-4.4-3.6-8-8-8H360c-4.4 0-8 3.6-8 8v16c0 4.4 3.6 8 8 8zm0-64h112c4.4 0 8-3.6 8-8v-16c0-4.4-3.6-8-8-8H360c-4.4 0-8 3.6-8 8v16c0 4.4 3.6 8 8 8z\"><\/path><\/svg>\t\t\t<\/div>\n\t\t<\/div>\n\t\t\t\t\t\t<\/div>\n\t\t\t\t<\/div>\n\t\t\t\t<div class=\"elementor-element elementor-element-11ef786 elementor-align-center elementor-icon-list--layout-traditional elementor-list-item-link-full_width elementor-widget elementor-widget-icon-list\" data-id=\"11ef786\" data-element_type=\"widget\" data-widget_type=\"icon-list.default\">\n\t\t\t\t<div class=\"elementor-widget-container\">\n\t\t\t\t\t\t\t<ul class=\"elementor-icon-list-items\">\n\t\t\t\t\t\t\t<li class=\"elementor-icon-list-item\">\n\t\t\t\t\t\t\t\t\t\t\t<span class=\"elementor-icon-list-icon\">\n\t\t\t\t\t\t\t<i aria-hidden=\"true\" class=\"icon icon-email\"><\/i>\t\t\t\t\t\t<\/span>\n\t\t\t\t\t\t\t\t\t\t<span class=\"elementor-icon-list-text\">Email:H9fmt72@proton.me<\/span>\n\t\t\t\t\t\t\t\t\t<\/li>\n\t\t\t\t\t\t<\/ul>\n\t\t\t\t\t\t<\/div>\n\t\t\t\t<\/div>\n\t\t\t\t<\/div>\n\t\t<div class=\"elementor-element elementor-element-6bcb23a e-con-full e-flex wpr-particle-no wpr-jarallax-no wpr-parallax-no wpr-sticky-section-no e-con e-child\" data-id=\"6bcb23a\" data-element_type=\"container\">\n\t\t\t\t<\/div>\n\t\t\t\t\t<\/div>\n\t\t\t\t<\/div>\n\t\t<div class=\"elementor-element elementor-element-9a1ba74 e-flex e-con-boxed wpr-particle-no wpr-jarallax-no wpr-parallax-no wpr-sticky-section-no e-con e-parent\" data-id=\"9a1ba74\" data-element_type=\"container\">\n\t\t\t\t\t<div class=\"e-con-inner\">\n\t\t\t\t<div class=\"elementor-element elementor-element-14fa030 elementor-widget elementor-widget-text-editor\" data-id=\"14fa030\" data-element_type=\"widget\" data-widget_type=\"text-editor.default\">\n\t\t\t\t<div class=\"elementor-widget-container\">\n\t\t\t\t\t\t\t\t\t<h2>Hacker zu vermieten<\/h2><p>Hacker zu mieten Service verf\u00fcgbar 24\/7. Wir bieten eine breite Palette von Hacker Services und Private Investigation Solution Services<\/p><p>Wir bieten professionelle Hacking-Services | Digitale Ermittlungen und private Ermittlungsl\u00f6sungen, die auf Ihre Bed\u00fcrfnisse und Service-Anforderungen zugeschnitten sind. Wir bieten zuverl\u00e4ssige L\u00f6sungen mit soliden, konkreten Ergebnissen. Hoch gesicherte diskrete und vertrauliche Dienstleistungen.<\/p><h4 class=\"has-medium-font-size\"><strong>Hackerdienste online f\u00fcr digitale Ermittlungsdienste anheuern<\/strong><\/h4><p class=\"has-medium-font-size\">\u2606 Computerforensik<br \/>\u2606 Mobile Forensik<br \/>\u2606 Wiederherstellung von Ransomware<br \/>\u2606 IP-Diebstahl<br \/>\u2606 Fenster<\/p><p class=\"has-medium-font-size\"><strong>Mieten Sie<\/strong>\u00a0<strong>a Hacker Services Online f\u00fcr digitale Ermittlungsdienste<\/strong><\/p><p class=\"has-medium-font-size\">\u2606 Datenschutzverletzungen<br \/>\u2606 Vermisste Person suchen<br \/>\u2606 Erkennung von Spyware<br \/>\u2606 Betrug durch \u00dcberweisung<br \/>\u2606 Cybersicherheit<\/p><p class=\"has-medium-font-size\"><strong>Hackerdienste online f\u00fcr digitale Ermittlungsdienste anheuern<\/strong><\/p><p class=\"has-medium-font-size\">\u2606 Online-Identit\u00e4tsdiebstahl<br \/>\u2606 Dienstleistungen f\u00fcr Penetrationstests<br \/>\u2606 Ransomware-Angriff<br \/>\u2606 \u00dcberwachung sozialer Medien<br \/>\u2606 Scheidung<\/p><p class=\"has-medium-font-size\"><strong>Hackerdienste online f\u00fcr digitale Ermittlungsdienste anheuern<\/strong><\/p><p class=\"has-medium-font-size\">\u2606 Sorgerecht f\u00fcr Kinder<br \/>\u2606 Ermittlungen bei Untreue<br \/>\u2606 Stalking-L\u00f6sungen<br \/>\u2606 Verfolgung und \u00dcberwachung von Standorten<br \/>\u2606 Erpressungsl\u00f6sungen und weitere Dienstleistungen<\/p><h4 class=\"has-medium-font-size\"><strong>Hacker-Dienstleistungen f\u00fcr Mobiltelefone online mieten<\/strong><\/h4><p class=\"has-medium-font-size\">\u2606 Android Mobile<br \/>\u2606 iPhone<br \/>\u2606 Tablet Telefon<br \/>\u2606 Blackberry<br \/>\u2606 Fenster<\/p><h4 class=\"has-medium-font-size\"><strong>Hackerdienste f\u00fcr Websites online mieten<\/strong><\/h4><p class=\"has-medium-font-size\">\u2606 Html-Website<br \/>\u2606 PHP-Website<br \/>\u2606 .NET-Website<br \/>\u2606 Java-Website<br \/>\u2606 WordPress-Website<br \/>\u2606 Drupal-Website<br \/>\u2606 Joomla Website<br \/>\u2606 Python-Website<br \/>\u2606 Laravel-Website<br \/>\u2606 Woo commerce Website<br \/>\u2606 Blogger-Website<\/p><h4 class=\"has-medium-font-size\"><strong>Hackerdienste f\u00fcr soziale Medien online mieten<\/strong><\/h4><p class=\"has-medium-font-size\">\u2606 Facebook<br \/>\u2606 Twitter<br \/>\u2606 Instagram<br \/>\u2606 TikTok<br \/>\u2606 Pinterest<br \/>\u2606 VK<br \/>\u2606 QQ<br \/>\u2606 WeChat<br \/>\u2606 Snapchat<br \/>\u2606 YouTube<br \/>\u2606 Reddit<br \/>\u2606 WhatsApp<br \/>\u2606 Telegramm<br \/>\u2606 Google Hangout<br \/>\u2606 Zoom<br \/>\u2606 Diskord<br \/>\u2606 Skype<\/p><h4 class=\"has-medium-font-size\"><strong>Mieten Sie<\/strong>\u00a0<strong>a Hacker Services Online f\u00fcr andere Dienstleistungen<\/strong><\/h4><p class=\"has-medium-font-size\">\u2606 Gehacktes ML-Konto wiederherstellen<br \/>\u2606 Gehacktes Yahoo-Konto wiederherstellen<br \/>\u2606 Gehacktes Hotmail-Konto wiederherstellen<br \/>\u2606 Gehacktes Gmail-Konto wiederherstellen<br \/>\u2606 Gehacktes E-Mail-Konto wiederherstellen<br \/>\u2606 Kreditw\u00fcrdigkeitspr\u00fcfung<br \/>\u2606 Mobile \u00dcberwachung<br \/>\u2606 Untersuchung von Ehegatten, die fremdgehen\/untreu sind<br \/>\u2606 Reputationsmanagement<br \/>\u2606 Dark Web<br \/>\u2606 Windows Desktop\/Laptop<br \/>\u2606 Mac Desktop\/Laptop<br \/>\u2606 Dienste zur Standortsuche<br \/>\u2606 Software-Hacking<br \/>\u2606 Mobile App Hacking<br \/>\u2606 iPhone Apps<br \/>\u2606 Windows-Anwendungen<br \/>\u2606 Fernzugriff auf das System<br \/>\u2606 Penetrationstests<br \/>\u2606 Fahndungsfoto-Entfernungsdienst<br \/>\u2606 Revenge Porn \/ Nackte Bilder \/ Nackte Videos Entfernung<br \/>\u2606 L\u00f6schung von F\u00fchrerscheindaten<br \/>\u2606 Keylogger<br \/>\u2606 Anrufprotokolle<br \/>\u2606 Text-SMS<br \/>\u2606 Online-Pr\u00fcfung<br \/>\u2606 R\u00fcckabwicklung von Kryptow\u00e4hrungstransaktionen<br \/>\u2606 Noten\u00e4nderung<br \/>\u2606 Sch\u00fcrfen von Kryptow\u00e4hrungen<br \/>\u2606 Bitcoin-Betrugsbek\u00e4mpfung<br \/>\u2606 Wiederherstellung von Kryptow\u00e4hrungsbetrug (Ethereum, Tether, Binance Coin, Cardano, Dogecoin)<br \/>\u2606 Background Check Service<br \/>\u2606 Roblox Hack<br \/>\u2606 Bitcoin-Sch\u00fcrfen<br \/>\u2606 Blockchain-Hacking<br \/>\u2606 Anti-Hack-Dienste<br \/>\u2606 Rettung vor Cyber-Mobbing<br \/>\u2606 Bankbetrug - Wiederherstellung<br \/>\u2606 Beitreibung betr\u00fcgerischer Hypothekarkredite<br \/>\u2606 iCloud Hack<br \/>\u2606 Google Cloud Hack<br \/>\u2606 Google Fotos<br \/>\u2606 Strafregister l\u00f6schen<br \/>\u2606 Einen Hacker f\u00fcr DDOS-Angriff anheuern<br \/>\u2606 Wiederherstellung bin\u00e4rer Optionen<br \/>\u2606 Man-in-the-Middle-Angriff (MITM)<br \/>\u2606 WIFI-Passwort-Hacking<br \/>\u2606 Verlorenes Passwort wiederherstellen<br \/>\u2606 YouTube-Abonnenten<br \/>\u2606 Telefonspionage-Dienste<br \/>\u2606 Datenbank-Hacking und mehr<\/p>\t\t\t\t\t\t\t\t<\/div>\n\t\t\t\t<\/div>\n\t\t\t\t\t<\/div>\n\t\t\t\t<\/div>\n\t\t<div class=\"elementor-element elementor-element-333bb79 e-grid e-con-boxed wpr-particle-no wpr-jarallax-no wpr-parallax-no wpr-sticky-section-no e-con e-parent\" data-id=\"333bb79\" data-element_type=\"container\">\n\t\t\t\t\t<div class=\"e-con-inner\">\n\t\t\t\t<div class=\"elementor-element elementor-element-0d19dca elementor-widget elementor-widget-image\" data-id=\"0d19dca\" data-element_type=\"widget\" data-widget_type=\"image.default\">\n\t\t\t\t<div class=\"elementor-widget-container\">\n\t\t\t\t\t\t\t\t\t\t\t\t\t\t\t<img fetchpriority=\"high\" decoding=\"async\" width=\"500\" height=\"500\" src=\"https:\/\/hire-a-hacker.io\/wp-content\/uploads\/2025\/09\/100-percent-guarantee.png\" class=\"attachment-large size-large wp-image-1106\" alt=\"Hacker zu vermieten\" srcset=\"https:\/\/hire-a-hacker.io\/wp-content\/uploads\/2025\/09\/100-percent-guarantee.png 500w, https:\/\/hire-a-hacker.io\/wp-content\/uploads\/2025\/09\/100-percent-guarantee-300x300.png 300w, https:\/\/hire-a-hacker.io\/wp-content\/uploads\/2025\/09\/100-percent-guarantee-150x150.png 150w\" sizes=\"(max-width: 500px) 100vw, 500px\" \/>\t\t\t\t\t\t\t\t\t\t\t\t\t\t\t<\/div>\n\t\t\t\t<\/div>\n\t\t\t\t<div class=\"elementor-element elementor-element-5a8b575 elementor-widget elementor-widget-image\" data-id=\"5a8b575\" data-element_type=\"widget\" data-widget_type=\"image.default\">\n\t\t\t\t<div class=\"elementor-widget-container\">\n\t\t\t\t\t\t\t\t\t\t\t\t\t\t\t<img decoding=\"async\" width=\"578\" height=\"431\" src=\"https:\/\/hire-a-hacker.io\/wp-content\/uploads\/2025\/09\/g.png\" class=\"attachment-large size-large wp-image-1107\" alt=\"Private Ermittlungsdienste Online\" srcset=\"https:\/\/hire-a-hacker.io\/wp-content\/uploads\/2025\/09\/g.png 578w, https:\/\/hire-a-hacker.io\/wp-content\/uploads\/2025\/09\/g-300x224.png 300w\" sizes=\"(max-width: 578px) 100vw, 578px\" \/>\t\t\t\t\t\t\t\t\t\t\t\t\t\t\t<\/div>\n\t\t\t\t<\/div>\n\t\t\t\t<div class=\"elementor-element elementor-element-932b9ed elementor-widget elementor-widget-image\" data-id=\"932b9ed\" data-element_type=\"widget\" data-widget_type=\"image.default\">\n\t\t\t\t<div class=\"elementor-widget-container\">\n\t\t\t\t\t\t\t\t\t\t\t\t\t\t\t<img decoding=\"async\" width=\"512\" height=\"487\" src=\"https:\/\/hire-a-hacker.io\/wp-content\/uploads\/2025\/09\/verfied-removebg-preview.png\" class=\"attachment-large size-large wp-image-1109\" alt=\"Hackerdienste f\u00fcr soziale Medien online mieten\" srcset=\"https:\/\/hire-a-hacker.io\/wp-content\/uploads\/2025\/09\/verfied-removebg-preview.png 512w, https:\/\/hire-a-hacker.io\/wp-content\/uploads\/2025\/09\/verfied-removebg-preview-300x285.png 300w\" sizes=\"(max-width: 512px) 100vw, 512px\" \/>\t\t\t\t\t\t\t\t\t\t\t\t\t\t\t<\/div>\n\t\t\t\t<\/div>\n\t\t\t\t\t<\/div>\n\t\t\t\t<\/div>\n\t\t<div class=\"elementor-element elementor-element-8e0deac e-flex e-con-boxed wpr-particle-no wpr-jarallax-no wpr-parallax-no wpr-sticky-section-no e-con e-parent\" data-id=\"8e0deac\" data-element_type=\"container\">\n\t\t\t\t\t<div class=\"e-con-inner\">\n\t\t\t\t<div class=\"elementor-element elementor-element-4619b47 elementor-widget elementor-widget-text-editor\" data-id=\"4619b47\" data-element_type=\"widget\" data-widget_type=\"text-editor.default\">\n\t\t\t\t<div class=\"elementor-widget-container\">\n\t\t\t\t\t\t\t\t\t<div class=\"wp-block-uagb-advanced-heading uagb-block-3d32555e\"><h3 class=\"uagb-heading-text\">I<strong>Ist es sicher, einen Hacker-Dienstleister online zu beauftragen?<\/strong><\/h3><p>Die Zeugnisse unserer Kunden sagen alles \u00fcber unsere zufriedenstellende Arbeit. Sind Sie auf der Suche nach einem Hacking Service | Private Investigation Services Online in Ihrer N\u00e4he?<br \/>Geben Sie uns nur eine einzige Chance, um zu beweisen, was unsere Hacker oder Privatdetektive zu leisten verm\u00f6gen. Sie werden den vollen Wert Ihres Geldes mit Ergebnissen erhalten.<br \/>Und wenn Sie sich Sorgen um Ihre Privatsph\u00e4re oder Sicherheit machen, dann machen Sie sich keine Sorgen, Ihre Daten und Ihre Identit\u00e4t sind 100% sicher. Mieten Sie einen Hacker online.<br \/>90% von Menschen, die auf der Suche nach <a href=\"https:\/\/hire-a-hacker.io\/de\/\">Hacking-Dienste<\/a> oder private Ermittlungsdienste, wenn sie mit uns chatten. Ihr Hauptanliegen ist: \"Ist es sicher, einen Hacker oder Privatdetektiv online zu engagieren\". Hacker For Hire online.<br \/>Jeder muss sich Sorgen um seine Privatsph\u00e4re machen, und das meinen wir auch so. Also keine Sorge, es ist sicher zu mieten Hacking Dienstleistungen mit unseren professionellen Hacker und Privatdetektiv online<a href=\"https:\/\/duckduckgo.com\/\" target=\"_blank\" rel=\"noopener\">.<\/a>Mieten Sie einen professionellen Hacker sicher online.<\/p><h3>Miete einen Hacker<\/h3><p>Bei Hire A Hacker bieten wir einen neuen Service an, der sich Hackers for Hire nennt. Unternehmen, Institutionen und Einzelpersonen, die die Unterst\u00fctzung eines gut ausgebildeten und zertifizierten Hackers ben\u00f6tigen, k\u00f6nnen sich an uns wenden, und wir werden den richtigen Hacker f\u00fcr den Job finden.<\/p><p>Da unsere Mitglieder aus allen L\u00e4ndern der Erde stammen, k\u00f6nnen wir f\u00fcr fast jeden Auftrag jemanden aus der Region einsetzen.<\/p><p>Hacker k\u00f6nnen angeheuert werden;<\/p><ul><li>eine digitale forensische Analyse, um festzustellen, wer und wie Sie gehackt wurden;<\/li><li>festzustellen, ob Sie digital gestalkt werden;<\/li><li>die Quelle von Cyber-Bel\u00e4stigung und Mobbing zu finden;<\/li><li>private Ermittlungen;<\/li><li>Pr\u00fcfung von Schwachstellen im Netz;<\/li><li>Penetrationstests;<\/li><li>Schwachstellen- und Penetrationstests von Websites;<\/li><li>die Suche nach \"verlorenen\" Menschen;<\/li><li>Hintergrundinformationen \u00fcber eine Person zu finden;<\/li><li>Empfehlung von Ma\u00dfnahmen zur Informationssicherheit;<\/li><li>Firewall- und IDS-Tests;<\/li><li>und nahezu alle Aufgaben im Zusammenhang mit der Informationssicherheit.<\/li><\/ul><\/div>\t\t\t\t\t\t\t\t<\/div>\n\t\t\t\t<\/div>\n\t\t\t\t\t<\/div>\n\t\t\t\t<\/div>\n\t\t\t\t<\/div>","protected":false},"excerpt":{"rendered":"<p>Contact Home Contact Email:H9fmt72@proton.me Hacker For Hire Hacker for hire service available 24\/7. We provide a wide range of Hacker Services\u200b and Private Investigation Solution Services We Provide Professional Hacking Services | Digital Investigations and Private Investigation Solution Services Tailored to Suits your Need and Service Request. We Provide Reliable Solutions With Solid Concrete Result. Highly Secured Discreet and Confidential Services. Hire a Hacker Services Online For Digital Investigation Services \u2606 Computer Forensics\u2606 Mobile Forensics\u2606 Ransomware Recovery\u2606 IP Theft\u2606 Windows Hire\u00a0a Hacker Services Online For Digital Investigation Services \u2606 Data Breach\u2606 Find Missing Person\u2606 Spyware Detection\u2606 Wire Fraud\u2606 Cybersecurity Hire\u00a0a Hacker Services Online For Digital Investigation Services \u2606 Online Identity Theft\u2606 Penetration Testing Services\u2606 Ransomware Attack\u2606 Social Media Monitoring\u2606 Divorce Hire\u00a0a Hacker Services Online For Digital Investigation Services \u2606 Child Custody\u2606 Infidelity Investigations\u2606 Stalking Solutions\u2606 Locations Tracking and Surveillance\u2606 Blackmail Solutions and More Services Hire\u00a0a Hacker Services Online For Mobile Phone \u2606 Android Mobile\u2606 iPhone\u2606 Tablet Phone\u2606 Blackberry\u2606 Windows Hire\u00a0a Hacker Services Online\u00a0For Websites \u2606 Html Website\u2606 PHP Website\u2606 .NET Website\u2606 Java Website\u2606 WordPress Website\u2606 Drupal Website\u2606 Joomla Website\u2606 Python Website\u2606 Laravel Website\u2606 Woo commerce Website\u2606 Blogger Website Hire\u00a0a Hacker Services Online\u00a0For Social Media \u2606 Facebook\u2606 Twitter\u2606 Instagram\u2606 TikTok\u2606 Pinterest\u2606 VK\u2606 QQ\u2606 WeChat\u2606 Snapchat\u2606 YouTube\u2606 Reddit\u2606 WhatsApp\u2606 Telegram\u2606 Google Hangout\u2606 Zoom\u2606 Discord\u2606 Skype Hire\u00a0a Hacker Services Online\u00a0For Other Services \u2606 Retrieve Hacked ML Account\u2606 Retrieve Hacked Yahoo Account\u2606 Retrieve Hacked Hotmail Account\u2606 Retrieve Hacked Gmail Account\u2606 Retrieve Hacked email Account\u2606 Credit Score Fix\u2606 Mobile Monitoring\u2606 Spouse Cheating\/infidelity Investigation\u2606 Reputation Management\u2606 Dark Web\u2606 Windows Desktop\/Laptop\u2606 Mac Desktop\/Laptop\u2606 Location Finding Services\u2606 Software Hacking\u2606 Mobile App Hacking\u2606 iPhone Apps\u2606 Windows Apps\u2606 Remote Access Of System\u2606 Penetration Testing\u2606 Mugshot Removal Service\u2606 Revenge Porn \/ Nude Pics \/ Nude Videos Removal\u2606 Driving License Records Removal\u2606 Keylogger\u2606 Call Logs\u2606 Text SMS\u2606 Online Exam\u2606 Cryptocurrency Transaction Reversal\u2606 Grade Change\u2606 Cryptocurrency Mining\u2606 Bitcoin Fraud Recovery\u2606 Cryptocurrency Fraud Recovery (Ethereum, Tether, Binance Coin, Cardano, Dogecoin)\u2606 Background Check Service\u2606 Roblox Hack\u2606 Bitcoin Mining\u2606 Blockchain Hacking\u2606 Anti Hack Services\u2606 Rescue From Cyber Bullying\u2606 Bank Fraud Scam Recovery\u2606 Mortgage Loan Fraud Recovery\u2606 iCloud Hack\u2606 Google Cloud Hack\u2606 Google Photos\u2606 Expunge Criminal Records\u2606 Hire A Hacker For DDOS Attack\u2606 Binary Option Recovery\u2606 Man In The Middle Attack (MITM)\u2606 WIFI Password Hacking\u2606 Retrieve Lost Password\u2606 YouTube Subscribers\u2606 Phone Spy Services\u2606 Database Hacking and More Is It Safe to Hire a Hacker Services | Private Investigation Services Online? Our client\u2019s testimonials say all about satisfactory work. Are you looking for some hacking Services | Private Investigation Services Online nearby?Just give us a single chance to prove our hacker\u2019s or private investigators ability what they can do. You will get the full worth of your money with results.And if you are worried about privacy or safety, then don\u2019t worry your data and your identity is 100% safe. Rent a hacker online.90% of people who are seeking hacking services or private investigation services, when they chat with us. Their one main concern is, \u201cis it safe to hire a hacker or private investigator online\u201d. Hacker For Hire online.Everybody has to worried about privacy, and we mean it. So don\u2019t worry it is safe to hire hacking services with our professional hacker and private investigator online.\u200b Rent a Professional hacker online safely. Rent A Hacker At Hire A Hacker, we are offering a new service called Hackers for Hire. Companies, institutions and individuals who need the assistance of a well-trained and certified hacker can come here and we will find you the right hacker for the job. With members of our community from every nation on the face of the earth, we can assign someone local to nearly every job. Hackers are available for hire to; digital forensic analysis to determine who and how they hacked you; determine if you are being digitally stalked; find the source of cyber harassment and bullying; private investigations; network vulnerability testing; penetration testing; web site vulnerability and penetration testing; finding \u201clost\u201d people; finding background information about an individual; recommending information security measures; firewall and IDS testing; and nearly any information security related task.<\/p>","protected":false},"author":1,"featured_media":0,"parent":0,"menu_order":0,"comment_status":"closed","ping_status":"closed","template":"elementor_header_footer","meta":{"_glsr_average":0,"_glsr_ranking":0,"_glsr_reviews":0,"footnotes":""},"class_list":["post-166","page","type-page","status-publish","hentry"],"_links":{"self":[{"href":"https:\/\/hire-a-hacker.io\/de\/wp-json\/wp\/v2\/pages\/166","targetHints":{"allow":["GET"]}}],"collection":[{"href":"https:\/\/hire-a-hacker.io\/de\/wp-json\/wp\/v2\/pages"}],"about":[{"href":"https:\/\/hire-a-hacker.io\/de\/wp-json\/wp\/v2\/types\/page"}],"author":[{"embeddable":true,"href":"https:\/\/hire-a-hacker.io\/de\/wp-json\/wp\/v2\/users\/1"}],"replies":[{"embeddable":true,"href":"https:\/\/hire-a-hacker.io\/de\/wp-json\/wp\/v2\/comments?post=166"}],"version-history":[{"count":28,"href":"https:\/\/hire-a-hacker.io\/de\/wp-json\/wp\/v2\/pages\/166\/revisions"}],"predecessor-version":[{"id":1682,"href":"https:\/\/hire-a-hacker.io\/de\/wp-json\/wp\/v2\/pages\/166\/revisions\/1682"}],"wp:attachment":[{"href":"https:\/\/hire-a-hacker.io\/de\/wp-json\/wp\/v2\/media?parent=166"}],"curies":[{"name":"wp","href":"https:\/\/api.w.org\/{rel}","templated":true}]}}