{"id":166,"date":"2023-12-01T12:26:45","date_gmt":"2023-12-01T12:26:45","guid":{"rendered":"https:\/\/hireahackerservice.com\/?page_id=166"},"modified":"2025-11-16T11:28:30","modified_gmt":"2025-11-16T11:28:30","slug":"hacker-til-leje","status":"publish","type":"page","link":"https:\/\/hire-a-hacker.io\/da\/hacker-til-leje\/","title":{"rendered":"Kontakt os"},"content":{"rendered":"<div data-elementor-type=\"wp-page\" data-elementor-id=\"166\" class=\"elementor elementor-166\">\n\t\t\t\t\t\t<section class=\"elementor-section elementor-top-section elementor-element elementor-element-6cb2e87 elementor-section-full_width elementor-section-height-default elementor-section-height-default wpr-particle-no wpr-jarallax-no wpr-parallax-no wpr-sticky-section-no\" data-id=\"6cb2e87\" data-element_type=\"section\" data-settings=\"{&quot;background_background&quot;:&quot;classic&quot;}\">\n\t\t\t\t\t\t\t<div class=\"elementor-background-overlay\"><\/div>\n\t\t\t\t\t\t\t<div class=\"elementor-container elementor-column-gap-default\">\n\t\t\t\t\t<div class=\"elementor-column elementor-col-100 elementor-top-column elementor-element elementor-element-7f2a51b\" data-id=\"7f2a51b\" data-element_type=\"column\">\n\t\t\t<div class=\"elementor-widget-wrap elementor-element-populated\">\n\t\t\t\t\t\t<div class=\"elementor-element elementor-element-07d24ca elementor-widget elementor-widget-heading\" data-id=\"07d24ca\" data-element_type=\"widget\" data-widget_type=\"heading.default\">\n\t\t\t\t<div class=\"elementor-widget-container\">\n\t\t\t\t\t<h2 class=\"elementor-heading-title elementor-size-default\">Kontakt<\/h2>\t\t\t\t<\/div>\n\t\t\t\t<\/div>\n\t\t\t\t<section class=\"elementor-section elementor-inner-section elementor-element elementor-element-78fa7cd elementor-section-content-middle elementor-section-boxed elementor-section-height-default elementor-section-height-default wpr-particle-no wpr-jarallax-no wpr-parallax-no wpr-sticky-section-no\" data-id=\"78fa7cd\" data-element_type=\"section\">\n\t\t\t\t\t\t<div class=\"elementor-container elementor-column-gap-default\">\n\t\t\t\t\t<div class=\"elementor-column elementor-col-25 elementor-inner-column elementor-element elementor-element-2c022e5\" data-id=\"2c022e5\" data-element_type=\"column\">\n\t\t\t<div class=\"elementor-widget-wrap\">\n\t\t\t\t\t\t\t<\/div>\n\t\t<\/div>\n\t\t\t\t<div class=\"elementor-column elementor-col-25 elementor-inner-column elementor-element elementor-element-8c9ee9a\" data-id=\"8c9ee9a\" data-element_type=\"column\">\n\t\t\t<div class=\"elementor-widget-wrap elementor-element-populated\">\n\t\t\t\t\t\t<div class=\"elementor-element elementor-element-94487d4 elementor-align-justify elementor-widget elementor-widget-button\" data-id=\"94487d4\" data-element_type=\"widget\" data-widget_type=\"button.default\">\n\t\t\t\t<div class=\"elementor-widget-container\">\n\t\t\t\t\t\t\t\t\t<div class=\"elementor-button-wrapper\">\n\t\t\t\t\t<a class=\"elementor-button elementor-button-link elementor-size-sm\" href=\"https:\/\/hire-a-hacker.io\/da\/\">\n\t\t\t\t\t\t<span class=\"elementor-button-content-wrapper\">\n\t\t\t\t\t\t\t\t\t<span class=\"elementor-button-text\">Hjem<\/span>\n\t\t\t\t\t<\/span>\n\t\t\t\t\t<\/a>\n\t\t\t\t<\/div>\n\t\t\t\t\t\t\t\t<\/div>\n\t\t\t\t<\/div>\n\t\t\t\t\t<\/div>\n\t\t<\/div>\n\t\t\t\t<div class=\"elementor-column elementor-col-25 elementor-inner-column elementor-element elementor-element-95c0186\" data-id=\"95c0186\" data-element_type=\"column\">\n\t\t\t<div class=\"elementor-widget-wrap elementor-element-populated\">\n\t\t\t\t\t\t<div class=\"elementor-element elementor-element-8e0b861 elementor-align-justify elementor-widget elementor-widget-button\" data-id=\"8e0b861\" data-element_type=\"widget\" data-widget_type=\"button.default\">\n\t\t\t\t<div class=\"elementor-widget-container\">\n\t\t\t\t\t\t\t\t\t<div class=\"elementor-button-wrapper\">\n\t\t\t\t\t<a class=\"elementor-button elementor-button-link elementor-size-sm\" href=\"https:\/\/hire-a-hacker.io\/da\/hacker-til-leje\/\">\n\t\t\t\t\t\t<span class=\"elementor-button-content-wrapper\">\n\t\t\t\t\t\t\t\t\t<span class=\"elementor-button-text\">Kontakt<\/span>\n\t\t\t\t\t<\/span>\n\t\t\t\t\t<\/a>\n\t\t\t\t<\/div>\n\t\t\t\t\t\t\t\t<\/div>\n\t\t\t\t<\/div>\n\t\t\t\t\t<\/div>\n\t\t<\/div>\n\t\t\t\t<div class=\"elementor-column elementor-col-25 elementor-inner-column elementor-element elementor-element-a8bfd36\" data-id=\"a8bfd36\" data-element_type=\"column\">\n\t\t\t<div class=\"elementor-widget-wrap\">\n\t\t\t\t\t\t\t<\/div>\n\t\t<\/div>\n\t\t\t\t\t<\/div>\n\t\t<\/section>\n\t\t\t\t\t<\/div>\n\t\t<\/div>\n\t\t\t\t\t<\/div>\n\t\t<\/section>\n\t\t<div class=\"elementor-element elementor-element-09e073e e-flex e-con-boxed wpr-particle-no wpr-jarallax-no wpr-parallax-no wpr-sticky-section-no e-con e-parent\" data-id=\"09e073e\" data-element_type=\"container\">\n\t\t\t\t\t<div class=\"e-con-inner\">\n\t\t<div class=\"elementor-element elementor-element-47c8d98 e-con-full e-flex wpr-particle-no wpr-jarallax-no wpr-parallax-no wpr-sticky-section-no e-con e-child\" data-id=\"47c8d98\" data-element_type=\"container\">\n\t\t\t\t<\/div>\n\t\t<div class=\"elementor-element elementor-element-fde2f79 e-con-full e-flex wpr-particle-no wpr-jarallax-no wpr-parallax-no wpr-sticky-section-no e-con e-child\" data-id=\"fde2f79\" data-element_type=\"container\" data-settings=\"{&quot;background_background&quot;:&quot;classic&quot;}\">\n\t\t\t\t<div class=\"elementor-element elementor-element-809d3bd elementor-view-default elementor-widget elementor-widget-icon\" data-id=\"809d3bd\" data-element_type=\"widget\" data-widget_type=\"icon.default\">\n\t\t\t\t<div class=\"elementor-widget-container\">\n\t\t\t\t\t\t\t<div class=\"elementor-icon-wrapper\">\n\t\t\t<div class=\"elementor-icon\">\n\t\t\t<svg aria-hidden=\"true\" class=\"e-font-icon-svg e-far-address-card\" viewbox=\"0 0 576 512\" xmlns=\"http:\/\/www.w3.org\/2000\/svg\"><path d=\"M528 32H48C21.5 32 0 53.5 0 80v352c0 26.5 21.5 48 48 48h480c26.5 0 48-21.5 48-48V80c0-26.5-21.5-48-48-48zm0 400H48V80h480v352zM208 256c35.3 0 64-28.7 64-64s-28.7-64-64-64-64 28.7-64 64 28.7 64 64 64zm-89.6 128h179.2c12.4 0 22.4-8.6 22.4-19.2v-19.2c0-31.8-30.1-57.6-67.2-57.6-10.8 0-18.7 8-44.8 8-26.9 0-33.4-8-44.8-8-37.1 0-67.2 25.8-67.2 57.6v19.2c0 10.6 10 19.2 22.4 19.2zM360 320h112c4.4 0 8-3.6 8-8v-16c0-4.4-3.6-8-8-8H360c-4.4 0-8 3.6-8 8v16c0 4.4 3.6 8 8 8zm0-64h112c4.4 0 8-3.6 8-8v-16c0-4.4-3.6-8-8-8H360c-4.4 0-8 3.6-8 8v16c0 4.4 3.6 8 8 8zm0-64h112c4.4 0 8-3.6 8-8v-16c0-4.4-3.6-8-8-8H360c-4.4 0-8 3.6-8 8v16c0 4.4 3.6 8 8 8z\"><\/path><\/svg>\t\t\t<\/div>\n\t\t<\/div>\n\t\t\t\t\t\t<\/div>\n\t\t\t\t<\/div>\n\t\t\t\t<div class=\"elementor-element elementor-element-11ef786 elementor-align-center elementor-icon-list--layout-traditional elementor-list-item-link-full_width elementor-widget elementor-widget-icon-list\" data-id=\"11ef786\" data-element_type=\"widget\" data-widget_type=\"icon-list.default\">\n\t\t\t\t<div class=\"elementor-widget-container\">\n\t\t\t\t\t\t\t<ul class=\"elementor-icon-list-items\">\n\t\t\t\t\t\t\t<li class=\"elementor-icon-list-item\">\n\t\t\t\t\t\t\t\t\t\t\t<span class=\"elementor-icon-list-icon\">\n\t\t\t\t\t\t\t<i aria-hidden=\"true\" class=\"icon icon-email\"><\/i>\t\t\t\t\t\t<\/span>\n\t\t\t\t\t\t\t\t\t\t<span class=\"elementor-icon-list-text\">Email:H9fmt72@proton.me<\/span>\n\t\t\t\t\t\t\t\t\t<\/li>\n\t\t\t\t\t\t<\/ul>\n\t\t\t\t\t\t<\/div>\n\t\t\t\t<\/div>\n\t\t\t\t<\/div>\n\t\t<div class=\"elementor-element elementor-element-6bcb23a e-con-full e-flex wpr-particle-no wpr-jarallax-no wpr-parallax-no wpr-sticky-section-no e-con e-child\" data-id=\"6bcb23a\" data-element_type=\"container\">\n\t\t\t\t<\/div>\n\t\t\t\t\t<\/div>\n\t\t\t\t<\/div>\n\t\t<div class=\"elementor-element elementor-element-9a1ba74 e-flex e-con-boxed wpr-particle-no wpr-jarallax-no wpr-parallax-no wpr-sticky-section-no e-con e-parent\" data-id=\"9a1ba74\" data-element_type=\"container\">\n\t\t\t\t\t<div class=\"e-con-inner\">\n\t\t\t\t<div class=\"elementor-element elementor-element-14fa030 elementor-widget elementor-widget-text-editor\" data-id=\"14fa030\" data-element_type=\"widget\" data-widget_type=\"text-editor.default\">\n\t\t\t\t<div class=\"elementor-widget-container\">\n\t\t\t\t\t\t\t\t\t<h2>Hacker til leje<\/h2><p>Hacker til leje service tilg\u00e6ngelig 24\/7. Vi leverer en bred vifte af hacker-tjenester og private efterforskningsl\u00f8sninger<\/p><p>Vi leverer professionelle hackingtjenester, digitale efterforskninger og private efterforskningsl\u00f8sninger, der er skr\u00e6ddersyet til dit behov og din serviceanmodning. Vi leverer p\u00e5lidelige l\u00f8sninger med solidt konkret resultat. Meget sikrede diskrete og fortrolige tjenester.<\/p><h4 class=\"has-medium-font-size\"><strong>Ans\u00e6t en hacker online til digitale efterforskningstjenester<\/strong><\/h4><p class=\"has-medium-font-size\">\u2606 Computer Forensics<br \/>\u2606 Mobil kriminalteknik<br \/>\u2606 Gendannelse af ransomware<br \/>\u2606 IP-tyveri<br \/>\u2606 Windows<\/p><p class=\"has-medium-font-size\"><strong>Ans\u00e6ttelse<\/strong>\u00a0<strong>a Hacker Services Online for digitale efterforskningstjenester<\/strong><\/p><p class=\"has-medium-font-size\">\u2606 Brud p\u00e5 datasikkerheden<br \/>\u2606 Find savnet person<br \/>\u2606 Registrering af spyware<br \/>\u2606 Elektronisk bedrageri<br \/>\u2606 Cybersikkerhed<\/p><p class=\"has-medium-font-size\"><strong>Ans\u00e6t en hacker online til digitale efterforskningstjenester<\/strong><\/p><p class=\"has-medium-font-size\">\u2606 Online identitetstyveri<br \/>\u2606 Penetrationstestningstjenester<br \/>\u2606 Ransomware-angreb<br \/>\u2606 Overv\u00e5gning af sociale medier<br \/>\u2606 Skilsmisse<\/p><p class=\"has-medium-font-size\"><strong>Ans\u00e6t en hacker online til digitale efterforskningstjenester<\/strong><\/p><p class=\"has-medium-font-size\">\u2606 For\u00e6ldremyndighed<br \/>\u2606 Unders\u00f8gelser af utroskab<br \/>\u2606 L\u00f8sninger til stalking<br \/>\u2606 Sporing og overv\u00e5gning af steder<br \/>\u2606 Afpresningsl\u00f8sninger og flere tjenester<\/p><h4 class=\"has-medium-font-size\"><strong>Lej en hacker-tjeneste online til din mobiltelefon<\/strong><\/h4><p class=\"has-medium-font-size\">\u2606 Android Mobil<br \/>\u2606 iPhone<br \/>\u2606 Tablet-telefon<br \/>\u2606 Blackberry<br \/>\u2606 Windows<\/p><h4 class=\"has-medium-font-size\"><strong>Lej en hackerservice online til hjemmesider<\/strong><\/h4><p class=\"has-medium-font-size\">\u2606 Html-hjemmeside<br \/>\u2606 PHP-hjemmeside<br \/>\u2606 .NET-hjemmeside<br \/>\u2606 Java-hjemmeside<br \/>\u2606 WordPress-hjemmeside<br \/>\u2606 Drupal-hjemmeside<br \/>\u2606 Joomla hjemmeside<br \/>\u2606 Python-hjemmeside<br \/>\u2606 Laravel-hjemmeside<br \/>\u2606 Woo commerce hjemmeside<br \/>\u2606 Blogger-hjemmeside<\/p><h4 class=\"has-medium-font-size\"><strong>Lej en hacker-tjeneste online til sociale medier<\/strong><\/h4><p class=\"has-medium-font-size\">\u2606 Facebook<br \/>\u2606 Twitter<br \/>\u2606 Instagram<br \/>\u2606 TikTok<br \/>\u2606 Pinterest<br \/>\u2606 VK<br \/>\u2606 QQ<br \/>\u2606 WeChat<br \/>\u2606 Snapchat<br \/>\u2606 YouTube<br \/>\u2606 Reddit<br \/>\u2606 WhatsApp<br \/>\u2606 Telegram<br \/>\u2606 Google Hangout<br \/>\u2606 Zoom<br \/>\u2606 Discord<br \/>\u2606 Skype<\/p><h4 class=\"has-medium-font-size\"><strong>Ans\u00e6ttelse<\/strong>\u00a0<strong>a Hacker Services Online for andre tjenester<\/strong><\/h4><p class=\"has-medium-font-size\">\u2606 Hent hacket ML-konto<br \/>\u2606 Hent hacket Yahoo-konto<br \/>\u2606 Hent hacket Hotmail-konto<br \/>\u2606 Hent hacket Gmail-konto<br \/>\u2606 Hent hacket e-mailkonto<br \/>\u2606 Korrektion af kreditscore<br \/>\u2606 Mobil overv\u00e5gning<br \/>\u2606 Unders\u00f8gelse af \u00e6gtef\u00e6llers snyd\/utroskab<br \/>\u2606 H\u00e5ndtering af omd\u00f8mme<br \/>\u2606 Det m\u00f8rke web<br \/>\u2606 Windows Desktop\/Laptop<br \/>\u2606 Mac Desktop\/Laptop<br \/>\u2606 Lokaliseringstjenester<br \/>\u2606 Software-hacking<br \/>\u2606 Hacking af mobilapps<br \/>\u2606 iPhone-apps<br \/>\u2606 Windows-apps<br \/>\u2606 Fjernadgang til systemet<br \/>\u2606 Penetrationstestning<br \/>\u2606 Service til fjernelse af forbryderfotos<br \/>\u2606 Fjernelse af h\u00e6vnporno \/ n\u00f8genbilleder \/ n\u00f8genvideoer<br \/>\u2606 Fjernelse af k\u00f8rekortoplysninger<br \/>\u2606 Keylogger<br \/>\u2606 Opkaldslister<br \/>\u2606 Tekst-SMS<br \/>\u2606 Online eksamen<br \/>\u2606 Tilbagef\u00f8rsel af kryptovaluta-transaktioner<br \/>\u2606 \u00c6ndring af karakter<br \/>\u2606 Udvinding af kryptovaluta<br \/>\u2606 Genopretning af Bitcoin-svindel<br \/>\u2606 Genopretning af kryptovaluta-svindel (Ethereum, Tether, Binance Coin, Cardano, Dogecoin)<br \/>\u2606 Service til baggrundstjek<br \/>\u2606 Roblox Hack<br \/>\u2606 Bitcoin-minedrift<br \/>\u2606 Blockchain-hacking<br \/>\u2606 Anti-hack-tjenester<br \/>\u2606 Redning fra cybermobning<br \/>\u2606 Genopretning af banksvindel<br \/>\u2606 Genopretning af svindel med realkreditl\u00e5n<br \/>\u2606 iCloud-hack<br \/>\u2606 Google Cloud Hack<br \/>\u2606 Google Fotos<br \/>\u2606 Fjernelse af straffeattester<br \/>\u2606 Lej en hacker til DDOS-angreb<br \/>\u2606 Genopretning af bin\u00e6re optioner<br \/>\u2606 Mand i midten-angreb (MITM)<br \/>\u2606 WIFI Password Hacking<br \/>\u2606 Hent mistet adgangskode<br \/>\u2606 YouTube-abonnenter<br \/>\u2606 Telefonspionage<br \/>\u2606 Databasehacking og meget mere<\/p>\t\t\t\t\t\t\t\t<\/div>\n\t\t\t\t<\/div>\n\t\t\t\t\t<\/div>\n\t\t\t\t<\/div>\n\t\t<div class=\"elementor-element elementor-element-333bb79 e-grid e-con-boxed wpr-particle-no wpr-jarallax-no wpr-parallax-no wpr-sticky-section-no e-con e-parent\" data-id=\"333bb79\" data-element_type=\"container\">\n\t\t\t\t\t<div class=\"e-con-inner\">\n\t\t\t\t<div class=\"elementor-element elementor-element-0d19dca elementor-widget elementor-widget-image\" data-id=\"0d19dca\" data-element_type=\"widget\" data-widget_type=\"image.default\">\n\t\t\t\t<div class=\"elementor-widget-container\">\n\t\t\t\t\t\t\t\t\t\t\t\t\t\t\t<img fetchpriority=\"high\" decoding=\"async\" width=\"500\" height=\"500\" src=\"https:\/\/hire-a-hacker.io\/wp-content\/uploads\/2025\/09\/100-percent-guarantee.png\" class=\"attachment-large size-large wp-image-1106\" alt=\"Hacker til leje\" srcset=\"https:\/\/hire-a-hacker.io\/wp-content\/uploads\/2025\/09\/100-percent-guarantee.png 500w, https:\/\/hire-a-hacker.io\/wp-content\/uploads\/2025\/09\/100-percent-guarantee-300x300.png 300w, https:\/\/hire-a-hacker.io\/wp-content\/uploads\/2025\/09\/100-percent-guarantee-150x150.png 150w\" sizes=\"(max-width: 500px) 100vw, 500px\" \/>\t\t\t\t\t\t\t\t\t\t\t\t\t\t\t<\/div>\n\t\t\t\t<\/div>\n\t\t\t\t<div class=\"elementor-element elementor-element-5a8b575 elementor-widget elementor-widget-image\" data-id=\"5a8b575\" data-element_type=\"widget\" data-widget_type=\"image.default\">\n\t\t\t\t<div class=\"elementor-widget-container\">\n\t\t\t\t\t\t\t\t\t\t\t\t\t\t\t<img decoding=\"async\" width=\"578\" height=\"431\" src=\"https:\/\/hire-a-hacker.io\/wp-content\/uploads\/2025\/09\/g.png\" class=\"attachment-large size-large wp-image-1107\" alt=\"Private efterforskningstjenester online\" srcset=\"https:\/\/hire-a-hacker.io\/wp-content\/uploads\/2025\/09\/g.png 578w, https:\/\/hire-a-hacker.io\/wp-content\/uploads\/2025\/09\/g-300x224.png 300w\" sizes=\"(max-width: 578px) 100vw, 578px\" \/>\t\t\t\t\t\t\t\t\t\t\t\t\t\t\t<\/div>\n\t\t\t\t<\/div>\n\t\t\t\t<div class=\"elementor-element elementor-element-932b9ed elementor-widget elementor-widget-image\" data-id=\"932b9ed\" data-element_type=\"widget\" data-widget_type=\"image.default\">\n\t\t\t\t<div class=\"elementor-widget-container\">\n\t\t\t\t\t\t\t\t\t\t\t\t\t\t\t<img decoding=\"async\" width=\"512\" height=\"487\" src=\"https:\/\/hire-a-hacker.io\/wp-content\/uploads\/2025\/09\/verfied-removebg-preview.png\" class=\"attachment-large size-large wp-image-1109\" alt=\"Lej en hacker-tjeneste online til sociale medier\" srcset=\"https:\/\/hire-a-hacker.io\/wp-content\/uploads\/2025\/09\/verfied-removebg-preview.png 512w, https:\/\/hire-a-hacker.io\/wp-content\/uploads\/2025\/09\/verfied-removebg-preview-300x285.png 300w\" sizes=\"(max-width: 512px) 100vw, 512px\" \/>\t\t\t\t\t\t\t\t\t\t\t\t\t\t\t<\/div>\n\t\t\t\t<\/div>\n\t\t\t\t\t<\/div>\n\t\t\t\t<\/div>\n\t\t<div class=\"elementor-element elementor-element-8e0deac e-flex e-con-boxed wpr-particle-no wpr-jarallax-no wpr-parallax-no wpr-sticky-section-no e-con e-parent\" data-id=\"8e0deac\" data-element_type=\"container\">\n\t\t\t\t\t<div class=\"e-con-inner\">\n\t\t\t\t<div class=\"elementor-element elementor-element-4619b47 elementor-widget elementor-widget-text-editor\" data-id=\"4619b47\" data-element_type=\"widget\" data-widget_type=\"text-editor.default\">\n\t\t\t\t<div class=\"elementor-widget-container\">\n\t\t\t\t\t\t\t\t\t<div class=\"wp-block-uagb-advanced-heading uagb-block-3d32555e\"><h3 class=\"uagb-heading-text\">I<strong>Er det sikkert at hyre en hacker-tjeneste eller en privat efterforskningstjeneste online?<\/strong><\/h3><p>Vores kunders udtalelser siger alt om tilfredsstillende arbejde. Er du p\u00e5 udkig efter nogle hacking Services | Private Investigation Services Online i n\u00e6rheden?<br \/>Giv os bare en enkelt chance for at bevise, hvad vores hackere eller privatdetektiver kan. Du vil f\u00e5 fuld valuta for dine penge med resultater.<br \/>Og hvis du er bekymret for privatlivets fred eller sikkerhed, skal du ikke bekymre dig om, at dine data og din identitet er 100% sikker. Lej en hacker online.<br \/>90% af mennesker, der s\u00f8ger <a href=\"https:\/\/hire-a-hacker.io\/da\/\">Hacking-tjenester<\/a> eller private efterforskningstjenester, n\u00e5r de chatter med os. Deres st\u00f8rste bekymring er, \"er det sikkert at hyre en hacker eller privatdetektiv online\". Hacker til leje online.<br \/>Alle er bekymrede for deres privatliv, og vi mener det. S\u00e5 bare rolig, det er sikkert at hyre hacking-tjenester med vores professionelle hacker og privatdetektiv online.<a href=\"https:\/\/duckduckgo.com\/\" target=\"_blank\" rel=\"noopener\">.<\/a>Lej en professionel hacker online p\u00e5 en sikker m\u00e5de.<\/p><h3>Lej en hacker<\/h3><p>Hos Hire A Hacker tilbyder vi en ny service, der hedder Hackers for Hire. Virksomheder, institutioner og enkeltpersoner, der har brug for hj\u00e6lp fra en veluddannet og certificeret hacker, kan komme her, og vi vil finde den rigtige hacker til jobbet.<\/p><p>Med medlemmer af vores f\u00e6llesskab fra alle lande p\u00e5 jorden kan vi sende en lokal medarbejder ud til n\u00e6sten alle opgaver.<\/p><p>Man kan leje hackere til;<\/p><ul><li>digital retsmedicinsk analyse for at finde ud af, hvem og hvordan de har hacket dig;<\/li><li>Find ud af, om du bliver stalket digitalt;<\/li><li>Find kilden til cyberchikane og -mobning;<\/li><li>privat efterforskning;<\/li><li>test af netv\u00e6rkss\u00e5rbarhed;<\/li><li>Penetrationstest;<\/li><li>S\u00e5rbarheds- og penetrationstest af websteder;<\/li><li>at finde \"fortabte\" mennesker;<\/li><li>at finde baggrundsinformation om en person;<\/li><li>anbefale informationssikkerhedsforanstaltninger;<\/li><li>test af firewall og IDS;<\/li><li>og n\u00e6sten enhver informationssikkerhedsrelateret opgave.<\/li><\/ul><\/div>\t\t\t\t\t\t\t\t<\/div>\n\t\t\t\t<\/div>\n\t\t\t\t\t<\/div>\n\t\t\t\t<\/div>\n\t\t\t\t<\/div>","protected":false},"excerpt":{"rendered":"<p>Contact Home Contact Email:H9fmt72@proton.me Hacker For Hire Hacker for hire service available 24\/7. We provide a wide range of Hacker Services\u200b and Private Investigation Solution Services We Provide Professional Hacking Services | Digital Investigations and Private Investigation Solution Services Tailored to Suits your Need and Service Request. We Provide Reliable Solutions With Solid Concrete Result. Highly Secured Discreet and Confidential Services. Hire a Hacker Services Online For Digital Investigation Services \u2606 Computer Forensics\u2606 Mobile Forensics\u2606 Ransomware Recovery\u2606 IP Theft\u2606 Windows Hire\u00a0a Hacker Services Online For Digital Investigation Services \u2606 Data Breach\u2606 Find Missing Person\u2606 Spyware Detection\u2606 Wire Fraud\u2606 Cybersecurity Hire\u00a0a Hacker Services Online For Digital Investigation Services \u2606 Online Identity Theft\u2606 Penetration Testing Services\u2606 Ransomware Attack\u2606 Social Media Monitoring\u2606 Divorce Hire\u00a0a Hacker Services Online For Digital Investigation Services \u2606 Child Custody\u2606 Infidelity Investigations\u2606 Stalking Solutions\u2606 Locations Tracking and Surveillance\u2606 Blackmail Solutions and More Services Hire\u00a0a Hacker Services Online For Mobile Phone \u2606 Android Mobile\u2606 iPhone\u2606 Tablet Phone\u2606 Blackberry\u2606 Windows Hire\u00a0a Hacker Services Online\u00a0For Websites \u2606 Html Website\u2606 PHP Website\u2606 .NET Website\u2606 Java Website\u2606 WordPress Website\u2606 Drupal Website\u2606 Joomla Website\u2606 Python Website\u2606 Laravel Website\u2606 Woo commerce Website\u2606 Blogger Website Hire\u00a0a Hacker Services Online\u00a0For Social Media \u2606 Facebook\u2606 Twitter\u2606 Instagram\u2606 TikTok\u2606 Pinterest\u2606 VK\u2606 QQ\u2606 WeChat\u2606 Snapchat\u2606 YouTube\u2606 Reddit\u2606 WhatsApp\u2606 Telegram\u2606 Google Hangout\u2606 Zoom\u2606 Discord\u2606 Skype Hire\u00a0a Hacker Services Online\u00a0For Other Services \u2606 Retrieve Hacked ML Account\u2606 Retrieve Hacked Yahoo Account\u2606 Retrieve Hacked Hotmail Account\u2606 Retrieve Hacked Gmail Account\u2606 Retrieve Hacked email Account\u2606 Credit Score Fix\u2606 Mobile Monitoring\u2606 Spouse Cheating\/infidelity Investigation\u2606 Reputation Management\u2606 Dark Web\u2606 Windows Desktop\/Laptop\u2606 Mac Desktop\/Laptop\u2606 Location Finding Services\u2606 Software Hacking\u2606 Mobile App Hacking\u2606 iPhone Apps\u2606 Windows Apps\u2606 Remote Access Of System\u2606 Penetration Testing\u2606 Mugshot Removal Service\u2606 Revenge Porn \/ Nude Pics \/ Nude Videos Removal\u2606 Driving License Records Removal\u2606 Keylogger\u2606 Call Logs\u2606 Text SMS\u2606 Online Exam\u2606 Cryptocurrency Transaction Reversal\u2606 Grade Change\u2606 Cryptocurrency Mining\u2606 Bitcoin Fraud Recovery\u2606 Cryptocurrency Fraud Recovery (Ethereum, Tether, Binance Coin, Cardano, Dogecoin)\u2606 Background Check Service\u2606 Roblox Hack\u2606 Bitcoin Mining\u2606 Blockchain Hacking\u2606 Anti Hack Services\u2606 Rescue From Cyber Bullying\u2606 Bank Fraud Scam Recovery\u2606 Mortgage Loan Fraud Recovery\u2606 iCloud Hack\u2606 Google Cloud Hack\u2606 Google Photos\u2606 Expunge Criminal Records\u2606 Hire A Hacker For DDOS Attack\u2606 Binary Option Recovery\u2606 Man In The Middle Attack (MITM)\u2606 WIFI Password Hacking\u2606 Retrieve Lost Password\u2606 YouTube Subscribers\u2606 Phone Spy Services\u2606 Database Hacking and More Is It Safe to Hire a Hacker Services | Private Investigation Services Online? Our client\u2019s testimonials say all about satisfactory work. Are you looking for some hacking Services | Private Investigation Services Online nearby?Just give us a single chance to prove our hacker\u2019s or private investigators ability what they can do. You will get the full worth of your money with results.And if you are worried about privacy or safety, then don\u2019t worry your data and your identity is 100% safe. Rent a hacker online.90% of people who are seeking hacking services or private investigation services, when they chat with us. Their one main concern is, \u201cis it safe to hire a hacker or private investigator online\u201d. Hacker For Hire online.Everybody has to worried about privacy, and we mean it. So don\u2019t worry it is safe to hire hacking services with our professional hacker and private investigator online.\u200b Rent a Professional hacker online safely. Rent A Hacker At Hire A Hacker, we are offering a new service called Hackers for Hire. Companies, institutions and individuals who need the assistance of a well-trained and certified hacker can come here and we will find you the right hacker for the job. With members of our community from every nation on the face of the earth, we can assign someone local to nearly every job. Hackers are available for hire to; digital forensic analysis to determine who and how they hacked you; determine if you are being digitally stalked; find the source of cyber harassment and bullying; private investigations; network vulnerability testing; penetration testing; web site vulnerability and penetration testing; finding \u201clost\u201d people; finding background information about an individual; recommending information security measures; firewall and IDS testing; and nearly any information security related task.<\/p>","protected":false},"author":1,"featured_media":0,"parent":0,"menu_order":0,"comment_status":"closed","ping_status":"closed","template":"elementor_header_footer","meta":{"_glsr_average":0,"_glsr_ranking":0,"_glsr_reviews":0,"footnotes":""},"class_list":["post-166","page","type-page","status-publish","hentry"],"_links":{"self":[{"href":"https:\/\/hire-a-hacker.io\/da\/wp-json\/wp\/v2\/pages\/166","targetHints":{"allow":["GET"]}}],"collection":[{"href":"https:\/\/hire-a-hacker.io\/da\/wp-json\/wp\/v2\/pages"}],"about":[{"href":"https:\/\/hire-a-hacker.io\/da\/wp-json\/wp\/v2\/types\/page"}],"author":[{"embeddable":true,"href":"https:\/\/hire-a-hacker.io\/da\/wp-json\/wp\/v2\/users\/1"}],"replies":[{"embeddable":true,"href":"https:\/\/hire-a-hacker.io\/da\/wp-json\/wp\/v2\/comments?post=166"}],"version-history":[{"count":28,"href":"https:\/\/hire-a-hacker.io\/da\/wp-json\/wp\/v2\/pages\/166\/revisions"}],"predecessor-version":[{"id":1682,"href":"https:\/\/hire-a-hacker.io\/da\/wp-json\/wp\/v2\/pages\/166\/revisions\/1682"}],"wp:attachment":[{"href":"https:\/\/hire-a-hacker.io\/da\/wp-json\/wp\/v2\/media?parent=166"}],"curies":[{"name":"wp","href":"https:\/\/api.w.org\/{rel}","templated":true}]}}